{"id":4941,"date":"2020-04-30T18:39:44","date_gmt":"2020-04-30T16:39:44","guid":{"rendered":"https:\/\/newmolino.divitraining.nl\/location-bed-and-breakfast-with-pool-in-malaga-andalusia\/"},"modified":"2025-11-15T07:52:29","modified_gmt":"2025-11-15T06:52:29","slug":"location-bed-and-breakfast-with-pool-in-malaga-andalusia","status":"publish","type":"page","link":"https:\/\/hotel-molino.com\/en\/location-bed-and-breakfast-with-pool-in-malaga-andalusia\/","title":{"rendered":"Location | Bed and Breakfast with pool in Malaga &#8211; Andalusia"},"content":{"rendered":"<p>[et_pb_section fb_built=&#8221;1&#8243; _builder_version=&#8221;4.27.4&#8243; _module_preset=&#8221;default&#8221; custom_padding=&#8221;||||false|false&#8221; global_colors_info=&#8221;{}&#8221;][et_pb_row column_structure=&#8221;2_5,3_5&#8243; _builder_version=&#8221;4.27.4&#8243; _module_preset=&#8221;default&#8221; custom_padding=&#8221;||17px|||&#8221; global_colors_info=&#8221;{}&#8221;][et_pb_column type=&#8221;2_5&#8243; _builder_version=&#8221;4.27.4&#8243; _module_preset=&#8221;default&#8221; global_colors_info=&#8221;{}&#8221;][et_pb_image src=&#8221;https:\/\/hotel-molino.com\/wp-content\/uploads\/2020\/04\/bed-breakfast-malaga-hotel-molino-20.jpg&#8221; alt=&#8221;location El Molino Santisteban&#8221; title_text=&#8221;bed-breakfast-malaga-hotel-molino-20&#8243; _builder_version=&#8221;4.27.4&#8243; _module_preset=&#8221;default&#8221; custom_margin=&#8221;||19px|||&#8221; global_colors_info=&#8221;{}&#8221;][\/et_pb_image][et_pb_text _builder_version=&#8221;4.27.4&#8243; _module_preset=&#8221;default&#8221; text_text_color=&#8221;#000000&#8243; link_text_color=&#8221;#FE9A01&#8243; custom_margin=&#8221;||22px|||&#8221; global_colors_info=&#8221;{}&#8221;]<\/p>\n<p>The address is:<br \/>El Molino Santisteban<br \/>29108 Guaro, Malaga<br \/>Spain<\/p>\n<p>Latitude: 36 40&#8242; 58&#8221; N<br \/>Longitude: 4 50&#8242; 25&#8221; W<br \/><a href=\"#map\">Google Maps<\/a><\/p>\n<p>[\/et_pb_text][et_pb_button button_url=&#8221;#binnendoor&#8221; button_text=&#8221;Route inland&#8221; button_alignment=&#8221;center&#8221; _builder_version=&#8221;4.27.4&#8243; _module_preset=&#8221;default&#8221; custom_button=&#8221;on&#8221; button_text_color=&#8221;#FFFFFF&#8221; button_bg_color=&#8221;#993365&#8243; custom_margin=&#8221;||3%||false|false&#8221; custom_css_main_element=&#8221;width:100%;&#8221; global_colors_info=&#8221;{}&#8221;][\/et_pb_button][et_pb_button button_url=&#8221;#ronda&#8221; button_text=&#8221;From Ronda&#8221; button_alignment=&#8221;center&#8221; _builder_version=&#8221;4.27.4&#8243; _module_preset=&#8221;default&#8221; custom_button=&#8221;on&#8221; button_text_color=&#8221;#FFFFFF&#8221; button_bg_color=&#8221;#FE9A01&#8243; custom_margin=&#8221;||3%||false|false&#8221; custom_css_main_element=&#8221;width:100%;&#8221; global_colors_info=&#8221;{}&#8221;][\/et_pb_button][et_pb_button button_url=&#8221;https:\/\/hotel-molino.com\/wp\/wp-content\/uploads\/2020\/04\/Routebeschrijving.pdf&#8221; button_text=&#8221;PDF route&#8221; button_alignment=&#8221;center&#8221; _builder_version=&#8221;4.27.4&#8243; _module_preset=&#8221;default&#8221; custom_button=&#8221;on&#8221; button_text_color=&#8221;#FFFFFF&#8221; button_bg_color=&#8221;#993365&#8243; custom_margin=&#8221;||||false|false&#8221; custom_css_main_element=&#8221;width:100%;&#8221; global_colors_info=&#8221;{}&#8221;][\/et_pb_button][\/et_pb_column][et_pb_column type=&#8221;3_5&#8243; _builder_version=&#8221;4.27.4&#8243; _module_preset=&#8221;default&#8221; global_colors_info=&#8221;{}&#8221;][et_pb_text _builder_version=&#8221;4.27.4&#8243; _module_preset=&#8221;default&#8221; text_text_color=&#8221;#000000&#8243; header_font=&#8221;&#8211;et_global_heading_font|600|||||||&#8221; header_2_font=&#8221;||||||||&#8221; header_2_text_color=&#8221;#993365&#8243; global_colors_info=&#8221;{}&#8221;]<\/p>\n<h1>This is how you will find us in Andalusia!<\/h1>\n<p>El Molino Santisteban is located just outside the Moorish town of Guaro and on the beautiful main road (A366) that leads from M\u00e1laga to Ronda, so it is easy to find:<\/p>\n<h3>From Malaga Airport<\/h3>\n<p><strong>Route via highway<\/strong><br \/>From M\u00e1laga airport follow the signs for M\u00e1laga (MA20\/MA23) and stay on the MA20 (towards Granada, Seville, Cordoba and Almeria). At exit 7 follow the signs C\u00e1rtama Parque Tecnol\u00f3gico (A357) you keep following this until you are on the A357 and Campillos is also on the signs. Keep following C\u00e1rtama\/Campillos and you will stay on this road (you will not take the C\u00e1rtama\/Coin exit). Eventually you will get off the A357 at exit 48 Co\u00edn\/Marbella. You are now on the A355 and follow the signs for Co\u00edn. At the sign Co\u00edn\/ C\u00e1rtama (A-7059) get off the A355 and at the top of the traffic circle choose Co\u00edn then follow the directions below.     <\/p>\n<p>From Co\u00edn, follow the A366 in the direction of Ronda, Tolox and Alozaina. At the Guaro exit, drive straight ahead (do not take the exit to Guaro) and so continue to follow the A366. Between kilometer pole 51 and 50 on the right side of the road you can already see the two palm trees and the sign of El Molino Santisteban, however, you will go off the road at the restaurant &#8220;Venta Gallardo&#8221;. Then drive about 50 meters to the right of the Venta Gallardo and you can park, a path leads down to El Molino Santisteban. Ample parking is available between the Venta Gallardo and El Molino Santisteban.    <\/p>\n<p>[\/et_pb_text][\/et_pb_column][\/et_pb_row][et_pb_row _builder_version=&#8221;4.27.4&#8243; _module_preset=&#8221;default&#8221; global_colors_info=&#8221;{}&#8221;][et_pb_column type=&#8221;4_4&#8243; _builder_version=&#8221;4.27.4&#8243; _module_preset=&#8221;default&#8221; global_colors_info=&#8221;{}&#8221;][dmpro_masonry_gallery images=&#8221;5218,5209,5200,5197,5215&#8243; gutter=&#8221;6&#8243; _builder_version=&#8221;4.27.4&#8243; _module_preset=&#8221;default&#8221; border_color_all_grid_item=&#8221;#FFFFFF&#8221; global_colors_info=&#8221;{}&#8221;][\/dmpro_masonry_gallery][\/et_pb_column][\/et_pb_row][et_pb_row column_structure=&#8221;3_5,2_5&#8243; _builder_version=&#8221;4.27.4&#8243; _module_preset=&#8221;default&#8221; custom_padding=&#8221;||1px|||&#8221; global_colors_info=&#8221;{}&#8221;][et_pb_column type=&#8221;3_5&#8243; _builder_version=&#8221;4.27.4&#8243; _module_preset=&#8221;default&#8221; global_colors_info=&#8221;{}&#8221;][et_pb_text module_id=&#8221;binnendoor&#8221; _builder_version=&#8221;4.27.4&#8243; _module_preset=&#8221;default&#8221; text_text_color=&#8221;#000000&#8243; header_2_font=&#8221;||||||||&#8221; header_2_text_color=&#8221;#993365&#8243; global_colors_info=&#8221;{}&#8221;]<\/p>\n<h2>Route Inland<\/h2>\n<p>From the M\u00e1laga airport, head toward C\u00e1diz onto the highway. On the highway, take the first exit Alhaurin\/Co\u00edn. Through Churriana, Alhaur\u00edn de la Torre and Alhaur\u00edn el Grande you will drive to Co\u00edn.  <\/p>\n<p>From Co\u00edn, follow the A366 in the direction of Ronda, Tolox and Alozaina. At the Guaro exit, drive straight ahead (do not take the exit to Guaro) and so continue to follow the A366. Between kilometer pole 51 and 50 on the right side of the road you can already see the two palm trees and the sign of El Molino Santisteban, however, you will go off the road at the restaurant &#8220;Venta Gallardo&#8221;. Then drive about 50 meters to the right of the Venta Gallardo and you can park, a path leads down to El Molino Santisteban. Ample parking is available between the Venta Gallardo and El Molino Santisteban.    <\/p>\n<p>[\/et_pb_text][et_pb_text module_id=&#8221;ronda&#8221; _builder_version=&#8221;4.27.4&#8243; _module_preset=&#8221;default&#8221; text_text_color=&#8221;#000000&#8243; header_2_font=&#8221;||||||||&#8221; header_2_text_color=&#8221;#993365&#8243; global_colors_info=&#8221;{}&#8221;]<\/p>\n<h2>From Ronda<\/h2>\n<p>Follow the A366 in the direction of Alozaina\/Co\u00edn and M\u00e1laga. Between kilometer posts 50 and 51 on the left side of the road you will see restaurant &#8220;Venta Gallardo&#8221;, here turn off the road. About 50 meters to the right of the Venta Gallardo you can park and a path leads down to El Molino Santisteban. Ample parking is available between the Venta Gallardo and El Molino Santisteban.   <\/p>\n<p>[\/et_pb_text][\/et_pb_column][et_pb_column type=&#8221;2_5&#8243; _builder_version=&#8221;4.27.4&#8243; _module_preset=&#8221;default&#8221; global_colors_info=&#8221;{}&#8221;][et_pb_team_member admin_label=&#8221;El Molino Santisteban&#8221; _builder_version=&#8221;4.27.4&#8243; _module_preset=&#8221;default&#8221; body_text_color=&#8221;#000000&#8243; hover_enabled=&#8221;0&#8243; global_module=&#8221;4283&#8243; saved_tabs=&#8221;all&#8221; global_colors_info=&#8221;{}&#8221; sticky_enabled=&#8221;0&#8243;]<\/p>\n<p><img loading=\"lazy\" decoding=\"async\" src=\"https:\/\/hotel-molino.com\/wp-content\/uploads\/2020\/03\/logo-hotel-bnb-El-Molino-Santisteban-header-1.png\" width=\"100\" height=\"150\" alt=\"Hotel bnb El Molino Santisteban\" class=\"wp-image-545 alignnone size-full\" title=\"bed-breakfast-zwembad-hotel\"><\/p>\n<p>El Molino Santisteban<br \/>Gerard &amp; Madeline<br \/>Crta A366, km 50-51<br \/>29108 Guaro, Malaga<\/p>\n<p>Telefoon\/ Whats App:<br \/><a href=\"tel:+34672468396\">+34 6 724 68 396<\/a><br \/><span>+34 6 270 77513<\/span><br \/>Email: <a href=\"mailto:info@hotel-molino.com\">info@hotel-molino.com<\/a><\/p>\n<p>[\/et_pb_team_member][et_pb_video src=&#8221;https:\/\/youtu.be\/SwLsfrhX33c?feature=shared&#8221; _builder_version=&#8221;4.27.4&#8243; _module_preset=&#8221;default&#8221; global_colors_info=&#8221;{}&#8221;][\/et_pb_video][\/et_pb_column][\/et_pb_row][et_pb_row column_structure=&#8221;1_5,1_5,3_5&#8243; use_custom_gutter=&#8221;on&#8221; gutter_width=&#8221;2&#8243; _builder_version=&#8221;4.27.4&#8243; _module_preset=&#8221;default&#8221; custom_padding=&#8221;2px|||||&#8221; global_colors_info=&#8221;{}&#8221;][et_pb_column type=&#8221;1_5&#8243; _builder_version=&#8221;4.27.4&#8243; _module_preset=&#8221;default&#8221; global_colors_info=&#8221;{}&#8221;][et_pb_button button_url=&#8221;https:\/\/hotel-molino.com\/wp\/wp-content\/uploads\/2020\/04\/Routebeschrijving.pdf&#8221; button_text=&#8221;PDF route&#8221; button_alignment=&#8221;center&#8221; _builder_version=&#8221;4.27.4&#8243; _module_preset=&#8221;default&#8221; custom_button=&#8221;on&#8221; button_text_color=&#8221;#FFFFFF&#8221; button_bg_color=&#8221;#993365&#8243; custom_css_main_element=&#8221;width:100%;&#8221; global_colors_info=&#8221;{}&#8221;][\/et_pb_button][\/et_pb_column][et_pb_column type=&#8221;1_5&#8243; _builder_version=&#8221;4.27.4&#8243; _module_preset=&#8221;default&#8221; global_colors_info=&#8221;{}&#8221;][et_pb_button button_url=&#8221;https:\/\/hotel-molino.com\/en\/booking\/&#8221; button_text=&#8221;Booking&#8221; button_alignment=&#8221;center&#8221; _builder_version=&#8221;4.27.4&#8243; _module_preset=&#8221;default&#8221; custom_button=&#8221;on&#8221; button_text_color=&#8221;#FFFFFF&#8221; button_bg_color=&#8221;#FE9A01&#8243; custom_css_main_element=&#8221;width:100%;&#8221; global_colors_info=&#8221;{}&#8221;][\/et_pb_button][\/et_pb_column][et_pb_column type=&#8221;3_5&#8243; _builder_version=&#8221;4.27.4&#8243; _module_preset=&#8221;default&#8221; global_colors_info=&#8221;{}&#8221;][\/et_pb_column][\/et_pb_row][et_pb_row module_id=&#8221;map&#8221; _builder_version=&#8221;4.27.4&#8243; _module_preset=&#8221;default&#8221; custom_padding=&#8221;0px|||||&#8221; global_colors_info=&#8221;{}&#8221;][et_pb_column type=&#8221;4_4&#8243; _builder_version=&#8221;4.27.4&#8243; _module_preset=&#8221;default&#8221; global_colors_info=&#8221;{}&#8221;][et_pb_code _builder_version=&#8221;4.27.4&#8243; _module_preset=&#8221;default&#8221; global_colors_info=&#8221;{}&#8221;]<iframe src=\"https:\/\/www.google.com\/maps\/embed?pb=!1m14!1m8!1m3!1d12798.630229987748!2d-4.8404213!3d36.6827338!3m2!1i1024!2i768!4f13.1!3m3!1m2!1s0xd72db32bf489775%3A0x5d589f4ae12317a5!2sB%26B%2FRural%20Hotel%20El%20Molino%20Santisteban!5e0!3m2!1snl!2ses!4v1732609344735!5m2!1snl!2ses\" width=\"1400\" height=\"850\" style=\"border:0;\" allowfullscreen=\"\" loading=\"lazy\" referrerpolicy=\"no-referrer-when-downgrade\"><\/iframe>[\/et_pb_code][\/et_pb_column][\/et_pb_row][\/et_pb_section]<\/p>\n","protected":false},"excerpt":{"rendered":"<p>The address is:El Molino Santisteban29108 Guaro, MalagaSpain Latitude: 36 40&#8242; 58&#8221; NLongitude: 4 50&#8242; 25&#8221; WGoogle MapsThis is how you will find us in Andalusia! El Molino Santisteban is located just outside the Moorish town of Guaro and on the beautiful main road (A366) that leads from M\u00e1laga to Ronda, so it is easy to [&hellip;]<\/p>\n","protected":false},"author":1,"featured_media":0,"parent":0,"menu_order":0,"comment_status":"closed","ping_status":"open","template":"","meta":{"_acf_changed":false,"_et_pb_use_builder":"on","_et_pb_old_content":"","_et_gb_content_width":"","footnotes":""},"class_list":["post-4941","page","type-page","status-publish","hentry"],"acf":[],"_links":{"self":[{"href":"https:\/\/hotel-molino.com\/en\/wp-json\/wp\/v2\/pages\/4941","targetHints":{"allow":["GET"]}}],"collection":[{"href":"https:\/\/hotel-molino.com\/en\/wp-json\/wp\/v2\/pages"}],"about":[{"href":"https:\/\/hotel-molino.com\/en\/wp-json\/wp\/v2\/types\/page"}],"author":[{"embeddable":true,"href":"https:\/\/hotel-molino.com\/en\/wp-json\/wp\/v2\/users\/1"}],"replies":[{"embeddable":true,"href":"https:\/\/hotel-molino.com\/en\/wp-json\/wp\/v2\/comments?post=4941"}],"version-history":[{"count":0,"href":"https:\/\/hotel-molino.com\/en\/wp-json\/wp\/v2\/pages\/4941\/revisions"}],"wp:attachment":[{"href":"https:\/\/hotel-molino.com\/en\/wp-json\/wp\/v2\/media?parent=4941"}],"curies":[{"name":"wp","href":"https:\/\/api.w.org\/{rel}","templated":true}]}}