{"id":1377822,"date":"2025-02-06T14:18:54","date_gmt":"2025-02-06T13:18:54","guid":{"rendered":"https:\/\/newmolino.divitraining.nl\/gastronomia-2\/"},"modified":"2025-03-04T14:58:37","modified_gmt":"2025-03-04T13:58:37","slug":"gastronomia-2","status":"publish","type":"page","link":"https:\/\/hotel-molino.com\/es\/gastronomia-2\/","title":{"rendered":"Gastronom\u00eda"},"content":{"rendered":"<p>[et_pb_section fb_built=\u00bb1&#8243; disabled_on=\u00bboff|off|off\u00bb _builder_version=\u00bb4.27.4&#8243; _module_preset=\u00bbdefault\u00bb background_image=\u00bbhttps:\/\/hotel-molino.com\/wp-content\/uploads\/2025\/01\/gedekte-tafel-horizontaal.jpg\u00bb min_height=\u00bb100vh\u00bb global_colors_info=\u00bb{}\u00bb][et_pb_row _builder_version=\u00bb4.27.4&#8243; _module_preset=\u00bbdefault\u00bb custom_margin=\u00bb10%||||false|false\u00bb global_colors_info=\u00bb{}\u00bb][et_pb_column type=\u00bb4_4&#8243; _builder_version=\u00bb4.27.4&#8243; _module_preset=\u00bbdefault\u00bb global_colors_info=\u00bb{}\u00bb][et_pb_text _builder_version=\u00bb4.27.4&#8243; _module_preset=\u00bbdefault\u00bb text_font=\u00bb|700|||||||\u00bb text_text_color=\u00bb#FFFFFF\u00bb text_font_size=\u00bb25px\u00bb text_letter_spacing=\u00bb1px\u00bb header_font=\u00bb&#8211;et_global_heading_font|600|||||||\u00bb header_text_align=\u00bbcenter\u00bb header_text_color=\u00bb#FFFFFF\u00bb header_font_size=\u00bb60px\u00bb header_letter_spacing=\u00bb0px\u00bb text_orientation=\u00bbcenter\u00bb text_font_size_tablet=\u00bb25px\u00bb text_font_size_phone=\u00bb18px\u00bb text_font_size_last_edited=\u00bbon|phone\u00bb text_letter_spacing_tablet=\u00bb1px\u00bb text_letter_spacing_phone=\u00bb0px\u00bb text_letter_spacing_last_edited=\u00bbon|phone\u00bb header_font_size_tablet=\u00bb60px\u00bb header_font_size_phone=\u00bb35px\u00bb header_font_size_last_edited=\u00bbon|phone\u00bb text_text_shadow_style=\u00bbpreset1&#8243; header_text_shadow_style=\u00bbpreset1&#8243; header_text_shadow_color=\u00bbrgba(0,0,0,0.45)\u00bb global_colors_info=\u00bb{}\u00bb]<\/p>\n<h1>Deliciosa cena por la noche bajo la higuera<\/h1>\n<p><em>pero tambi\u00e9n disfruta de las delicias espa\u00f1olas en las cercan\u00edas<br \/><\/em><\/p>\n<p>[\/et_pb_text][\/et_pb_column][\/et_pb_row][et_pb_row column_structure=\u00bb1_2,1_2&#8243; use_custom_gutter=\u00bbon\u00bb gutter_width=\u00bb2&#8243; _builder_version=\u00bb4.27.4&#8243; _module_preset=\u00bbdefault\u00bb custom_margin=\u00bb0px||||false|false\u00bb custom_padding=\u00bb0px||||false|false\u00bb global_colors_info=\u00bb{}\u00bb][et_pb_column type=\u00bb1_2&#8243; _builder_version=\u00bb4.27.4&#8243; _module_preset=\u00bbdefault\u00bb global_colors_info=\u00bb{}\u00bb][et_pb_button button_url=\u00bb#leesmeer\u00bb button_text=\u00bbdescubrir m\u00e1s\u00bb button_alignment=\u00bbright\u00bb button_alignment_tablet=\u00bbright\u00bb button_alignment_phone=\u00bbcenter\u00bb button_alignment_last_edited=\u00bbon|phone\u00bb _builder_version=\u00bb4.27.4&#8243; _module_preset=\u00bbdefault\u00bb custom_button=\u00bbon\u00bb button_bg_color=\u00bb#FE9A01&#8243; button_border_radius=\u00bb3px\u00bb custom_padding=\u00bb2%|3%|2%|3%|true|true\u00bb global_colors_info=\u00bb{}\u00bb][\/et_pb_button][\/et_pb_column][et_pb_column type=\u00bb1_2&#8243; _builder_version=\u00bb4.27.4&#8243; _module_preset=\u00bbdefault\u00bb global_colors_info=\u00bb{}\u00bb][et_pb_button button_url=\u00bbhttps:\/\/hotel-molino.com\/es\/category\/libro-de-cocina\/\u00bb button_text=\u00bblibro de cocina\u00bb button_alignment=\u00bbleft\u00bb button_alignment_tablet=\u00bbleft\u00bb button_alignment_phone=\u00bbcenter\u00bb button_alignment_last_edited=\u00bbon|phone\u00bb _builder_version=\u00bb4.27.4&#8243; _module_preset=\u00bbdefault\u00bb custom_padding=\u00bb2%|3%|2%|3%|true|true\u00bb global_colors_info=\u00bb{}\u00bb][\/et_pb_button][\/et_pb_column][\/et_pb_row][\/et_pb_section][et_pb_section fb_built=\u00bb1&#8243; module_id=\u00bbLeer m\u00e1s\u00bb _builder_version=\u00bb4.27.4&#8243; _module_preset=\u00bbdefault\u00bb custom_padding=\u00bb||0px|||\u00bb collapsed=\u00bboff\u00bb global_colors_info=\u00bb{}\u00bb][et_pb_row _builder_version=\u00bb4.27.4&#8243; _module_preset=\u00bbdefault\u00bb custom_padding=\u00bb4px||5px|||\u00bb global_colors_info=\u00bb{}\u00bb][et_pb_column type=\u00bb4_4&#8243; _builder_version=\u00bb4.27.4&#8243; _module_preset=\u00bbdefault\u00bb global_colors_info=\u00bb{}\u00bb][et_pb_text _builder_version=\u00bb4.27.4&#8243; _module_preset=\u00bbdefault\u00bb text_font=\u00bb|300|||||||\u00bb text_text_color=\u00bb#000000&#8243; text_font_size=\u00bb17px\u00bb header_2_font=\u00bb&#8211;et_global_heading_font|600|||||||\u00bb header_2_text_color=\u00bb#993365&#8243; header_2_font_size=\u00bb30px\u00bb global_colors_info=\u00bb{}\u00bb]<\/p>\n<h2>Cocina andaluza<\/h2>\n<p>Andaluc\u00eda tiene una deliciosa y extensa cocina mediterr\u00e1nea influenciada por romanos, \u00e1rabes y jud\u00edos debido a su rico pasado. La diversidad es enorme, desde el cerdo ib\u00e9rico en el interior hasta una amplia gama de pescados en las costas atl\u00e1ntica y mediterr\u00e1nea. El aceite de oliva y las aceitunas abundan, las verduras de aqu\u00ed siguen teniendo sabor y el zumo de naranja reci\u00e9n exprimido no tiene igual. Las tapas tienen aqu\u00ed su origen y, con el gazpacho, son conocidas en todo el mundo. Cada restaurante prepara sus platos a su manera mediante recetas transmitidas de madre a hijo. [\/et_pb_text][et_pb_text module_id=\u00bbgastronomie\u00bb _builder_version=\u00bb4.27.4&#8243; _module_preset=\u00bbdefault\u00bb text_font=\u00bb|300|||||||\u00bb text_text_color=\u00bb#000000&#8243; text_font_size=\u00bb17px\u00bb header_2_font=\u00bb&#8211;et_global_heading_font|600|||||||\u00bb header_2_text_color=\u00bb#993365&#8243; header_2_font_size=\u00bb30px\u00bb header_3_font=\u00bb&#8211;et_global_heading_font|600|||||||\u00bb header_3_text_color=\u00bb#993365&#8243; header_3_font_size=\u00bb25px\u00bb global_colors_info=\u00bb{}\u00bb]<\/p>\n<h2>Los secretos locales<\/h2>\n<p>Hay muchos restaurantes y bares de tapas en las inmediaciones de El Molino Santisteban, que est\u00e1n especialmente abarrotados de lugare\u00f1os a la hora de comer. A lo largo de las playas y en Marbella y M\u00e1laga, hay una gran variedad de opciones para comer, desde un delicioso y sencillo pescado reci\u00e9n frito hasta delicias culinarias, que suelen estar abarrotadas por la noche. Los propietarios conocen los lugares especiales.[\/et_pb_text][et_pb_text _builder_version=\u00bb4.27.4&#8243; _module_preset=\u00bbdefault\u00bb text_font=\u00bb|300|||||||\u00bb text_text_color=\u00bb#000000&#8243; text_font_size=\u00bb17px\u00bb header_2_font=\u00bb&#8211;et_global_heading_font|600|||||||\u00bb header_2_text_color=\u00bb#993365&#8243; header_2_font_size=\u00bb30px\u00bb header_3_font=\u00bb&#8211;et_global_heading_font|600|||||||\u00bb header_3_text_color=\u00bb#993365&#8243; header_3_font_size=\u00bb25px\u00bb custom_margin=\u00bb||0px||false|false\u00bb custom_padding=\u00bb||0px||false|false\u00bb global_colors_info=\u00bb{}\u00bb]<\/p>\n<h2>El men\u00fa de El Molino Santisteban<\/h2>\n<p>Tambi\u00e9n se prepara un men\u00fa de tres platos cuatro veces por semana en El Molino Santisteban, previa petici\u00f3n. Lo sirve Gerard cuando hace buen tiempo en una de las terrazas y, cuando hace un poco m\u00e1s de fr\u00edo, en el gran comedor del molino de agua. Madeline cocina con productos frescos de la regi\u00f3n y la cocina se tipifica como mediterr\u00e1nea. Para muchos hu\u00e9spedes, despu\u00e9s de un d\u00eda de cultura, playa u otra actividad, es maravillosamente relajante cenar por la noche y no tener que volver a salir. Hay una carta de vinos y otras bebidas buenas y asequibles. Para los hu\u00e9spedes infantiles, servimos un men\u00fa infantil a una hora conveniente.<br \/>\nTambi\u00e9n aqu\u00ed nos centramos en verduras y productos frescos. Para los hu\u00e9spedes que no opten por el men\u00fa, existe la opci\u00f3n de pedir un plato de bebidas, ensalada verde o pasta.       <\/p>\n<p>Si te gusta cocinar e inspirarte, tienes a tu disposici\u00f3n una cocina para invitados.[\/et_pb_text][et_pb_button button_url=\u00bbhttps:\/\/hotel-molino.com\/es\/category\/libro-de-cocina\/\u00bb button_text=\u00bbLibro de cocina\u00bb _builder_version=\u00bb4.27.4&#8243; _module_preset=\u00bbdefault\u00bb custom_margin=\u00bb2%||||false|false\u00bb custom_padding=\u00bb1%|2%|1%|2%|true|true\u00bb global_colors_info=\u00bb{}\u00bb][\/et_pb_button][dmpro_masonry_gallery images=\u00bb363,344,1377972,2565,2522,1331,352,349,1377969,1377951,1377954,1377957,1377960,1377963&#8243; _builder_version=\u00bb4.27.4&#8243; _module_preset=\u00bbdefault\u00bb hover_enabled=\u00bb0&#8243; border_color_all=\u00bb#FFFFFF\u00bb border_color_all_grid_item=\u00bb#FFFFFF\u00bb global_colors_info=\u00bb{}\u00bb columns_last_edited=\u00bbon|phone\u00bb sticky_enabled=\u00bb0&#8243; columns_phone=\u00bb2&#8243;][\/dmpro_masonry_gallery][\/et_pb_column][\/et_pb_row][et_pb_row _builder_version=\u00bb4.27.4&#8243; _module_preset=\u00bbdefault\u00bb custom_margin=\u00bb0px||3%||false|false\u00bb custom_padding=\u00bb0px||0px||true|false\u00bb global_module=\u00bb1377940&#8243; global_colors_info=\u00bb{}\u00bb][et_pb_column type=\u00bb4_4&#8243; _builder_version=\u00bb4.27.4&#8243; _module_preset=\u00bbdefault\u00bb global_colors_info=\u00bb{}\u00bb][et_pb_button button_url=\u00bb#\u00bb button_text=\u00bbhaz clic en las fotos para ampliarlas\u00bb button_alignment=\u00bbright\u00bb _builder_version=\u00bb4.27.4&#8243; _module_preset=\u00bbdefault\u00bb custom_button=\u00bbon\u00bb button_text_color=\u00bb#993365&#8243; button_bg_color=\u00bbRGBA(255,255,255,0)\u00bb button_border_width=\u00bb0px\u00bb button_text_size_tablet=\u00bb\u00bb button_text_size_phone=\u00bb13px\u00bb button_text_size_last_edited=\u00bbon|phone\u00bb button_letter_spacing_tablet=\u00bb\u00bb button_letter_spacing_phone=\u00bb0px\u00bb button_letter_spacing_last_edited=\u00bbon|phone\u00bb global_colors_info=\u00bb{}\u00bb][\/et_pb_button][\/et_pb_column][\/et_pb_row][\/et_pb_section][et_pb_section fb_built=\u00bb1&#8243; custom_padding_last_edited=\u00bbon|phone\u00bb _builder_version=\u00bb4.27.4&#8243; _module_preset=\u00bbdefault\u00bb background_color=\u00bb#993365&#8243; custom_padding_tablet=\u00bb\u00bb custom_padding_phone=\u00bb0px||0px||true|false\u00bb global_colors_info=\u00bb{}\u00bb][et_pb_row _builder_version=\u00bb4.27.0&#8243; _module_preset=\u00bbdefault\u00bb custom_margin=\u00bb0px||0px||true|false\u00bb custom_padding=\u00bb0px||0px||true|false\u00bb global_colors_info=\u00bb{}\u00bb][et_pb_column type=\u00bb4_4&#8243; _builder_version=\u00bb4.27.0&#8243; _module_preset=\u00bbdefault\u00bb global_colors_info=\u00bb{}\u00bb][dmpro_carousel columns=\u00bb1&#8243; container_padding=\u00bb30px|30px|0px|30px|false|false\u00bb speed=\u00bb400&#8243; loop=\u00bbon\u00bb autoplay=\u00bbon\u00bb autoplay_speed=\u00bb4000&#8243; _builder_version=\u00bb4.27.4&#8243; _module_preset=\u00bbdefault\u00bb title_font_size_tablet=\u00bb\u00bb title_font_size_phone=\u00bb18px\u00bb title_font_size_last_edited=\u00bbon|phone\u00bb global_colors_info=\u00bb{}\u00bb][dmpro_carousel_child title=\u00bbTripadvisor\u00bb text_title=\u00bb%22Elke avond keken wij uit naar het diner; Madeline kookt geweldig. En Gerard heeft de juiste locale wijnen erbij uitgekozen. Helemaal top!\u201d\u00bb desc_text=\u00bb<\/p>\n<p>Tripadvisor<\/p>\n<p>\u00bb _builder_version=\u00bb4.27.4&#8243; _module_preset=\u00bbdefault\u00bb title_text_color=\u00bb#FFFFFF\u00bb desc_font=\u00bb||||||||\u00bb desc_text_color=\u00bb#FFFFFF\u00bb desc_font_size=\u00bb16px\u00bb desc_letter_spacing=\u00bb0px\u00bb desc_line_height=\u00bb1.8em\u00bb title_line_height_tablet=\u00bb\u00bb title_line_height_phone=\u00bb\u00bb title_line_height_last_edited=\u00bbon|phone\u00bb global_colors_info=\u00bb{}\u00bb][\/dmpro_carousel_child][dmpro_carousel_child title=\u00bbTripadvisor\u00bb text_title=\u00bb%22Diners made by Madeline are a treat where tables are placed on the different terraces and you can enjoy the food, Gerard\u2019s service, the wines and scenery\u201d\u00bb desc_text=\u00bb<\/p>\n<p>Tripadvisor<\/p>\n<p>\u00bb _builder_version=\u00bb4.27.4&#8243; _module_preset=\u00bbdefault\u00bb title_text_color=\u00bb#FFFFFF\u00bb desc_font=\u00bb||||||||\u00bb desc_text_color=\u00bb#FFFFFF\u00bb desc_font_size=\u00bb16px\u00bb desc_letter_spacing=\u00bb0px\u00bb desc_line_height=\u00bb1.8em\u00bb title_line_height_tablet=\u00bb\u00bb title_line_height_phone=\u00bb\u00bb title_line_height_last_edited=\u00bbon|phone\u00bb global_colors_info=\u00bb{}\u00bb][\/dmpro_carousel_child][dmpro_carousel_child title=\u00bbTripadvisor\u00bb text_title=\u00bb%22e patio waar we dineerden is magisch! Kabbelend beekje, sfeervolle verlichting en kers op de taart zijn de culinaire verrassingen.%22&#8243; desc_text=\u00bb<\/p>\n<p>Tripadvisor<\/p>\n<p>\u00bb _builder_version=\u00bb4.27.4&#8243; _module_preset=\u00bbdefault\u00bb title_text_color=\u00bb#FFFFFF\u00bb desc_font=\u00bb||||||||\u00bb desc_text_color=\u00bb#FFFFFF\u00bb desc_font_size=\u00bb16px\u00bb desc_letter_spacing=\u00bb0px\u00bb desc_line_height=\u00bb1.8em\u00bb title_line_height_tablet=\u00bb\u00bb title_line_height_phone=\u00bb\u00bb title_line_height_last_edited=\u00bbon|phone\u00bb global_colors_info=\u00bb{}\u00bb][\/dmpro_carousel_child][dmpro_carousel_child title=\u00bblugar especial 2&#8243; text_title=\u00bbVooral &#8216;s avonds eten onder de vijgenboom met voortreffelijk eten van de gastheer\/gastvrouw zelf!  \u00bb desc_text=\u00bb<\/p>\n<p><span>Bijzonder Plekje<\/span><\/p>\n<p>\u00bb _builder_version=\u00bb4.27.4&#8243; _module_preset=\u00bbdefault\u00bb title_text_color=\u00bb#FFFFFF\u00bb desc_font=\u00bb||||||||\u00bb desc_text_color=\u00bb#FFFFFF\u00bb desc_font_size=\u00bb16px\u00bb desc_letter_spacing=\u00bb0px\u00bb desc_line_height=\u00bb1.8em\u00bb global_colors_info=\u00bb{}\u00bb][\/dmpro_carousel_child][\/dmpro_carousel][\/et_pb_column][\/et_pb_row][\/et_pb_section][et_pb_section fb_built=\u00bb1&#8243; disabled_on=\u00bboff|off|off\u00bb _builder_version=\u00bb4.27.4&#8243; _module_preset=\u00bbdefault\u00bb background_image=\u00bbhttps:\/\/hotel-molino.com\/wp-content\/uploads\/2025\/02\/horizontaal-groot-beneden-1-scaled.jpg\u00bb min_height=\u00bb750px\u00bb global_colors_info=\u00bb{}\u00bb][\/et_pb_section]<\/p>\n","protected":false},"excerpt":{"rendered":"<p>Deliciosa cena por la noche bajo la higuera pero tambi\u00e9n disfruta de las delicias espa\u00f1olas en las cercan\u00edasCocina andaluza Andaluc\u00eda tiene una deliciosa y extensa cocina mediterr\u00e1nea influenciada por romanos, \u00e1rabes y jud\u00edos debido a su rico pasado. La diversidad es enorme, desde el cerdo ib\u00e9rico en el interior hasta una amplia gama de pescados [&hellip;]<\/p>\n","protected":false},"author":2,"featured_media":0,"parent":0,"menu_order":0,"comment_status":"closed","ping_status":"closed","template":"","meta":{"_acf_changed":false,"_et_pb_use_builder":"on","_et_pb_old_content":"","_et_gb_content_width":"","footnotes":""},"class_list":["post-1377822","page","type-page","status-publish","hentry"],"acf":[],"_links":{"self":[{"href":"https:\/\/hotel-molino.com\/es\/wp-json\/wp\/v2\/pages\/1377822","targetHints":{"allow":["GET"]}}],"collection":[{"href":"https:\/\/hotel-molino.com\/es\/wp-json\/wp\/v2\/pages"}],"about":[{"href":"https:\/\/hotel-molino.com\/es\/wp-json\/wp\/v2\/types\/page"}],"author":[{"embeddable":true,"href":"https:\/\/hotel-molino.com\/es\/wp-json\/wp\/v2\/users\/2"}],"replies":[{"embeddable":true,"href":"https:\/\/hotel-molino.com\/es\/wp-json\/wp\/v2\/comments?post=1377822"}],"version-history":[{"count":0,"href":"https:\/\/hotel-molino.com\/es\/wp-json\/wp\/v2\/pages\/1377822\/revisions"}],"wp:attachment":[{"href":"https:\/\/hotel-molino.com\/es\/wp-json\/wp\/v2\/media?parent=1377822"}],"curies":[{"name":"wp","href":"https:\/\/api.w.org\/{rel}","templated":true}]}}