{"id":4693,"date":"2020-02-17T00:17:40","date_gmt":"2020-02-16T23:17:40","guid":{"rendered":"https:\/\/newmolino.divitraining.nl\/para-familias-bed-and-breakfast-con-piscina-en-malaga-andalucia\/"},"modified":"2025-03-04T14:58:16","modified_gmt":"2025-03-04T13:58:16","slug":"para-familias-bed-and-breakfast-con-piscina-en-malaga-andalucia","status":"publish","type":"page","link":"https:\/\/hotel-molino.com\/es\/para-familias-bed-and-breakfast-con-piscina-en-malaga-andalucia\/","title":{"rendered":"Para familias | Bed and Breakfast con piscina en M\u00e1laga &#8211; Andaluc\u00eda"},"content":{"rendered":"<p>[et_pb_section fb_built=\u00bb1&#8243; disabled_on=\u00bboff|off|off\u00bb _builder_version=\u00bb4.27.4&#8243; _module_preset=\u00bbdefault\u00bb background_image=\u00bbhttps:\/\/hotel-molino.com\/wp-content\/uploads\/2025\/02\/horizontaal-groot-boven-aan-de-paginabed-breakfast-zwembad-hotel.jpg\u00bb min_height=\u00bb100vh\u00bb global_colors_info=\u00bb{}\u00bb][et_pb_row _builder_version=\u00bb4.27.4&#8243; _module_preset=\u00bbdefault\u00bb custom_margin=\u00bb10%||||false|false\u00bb global_colors_info=\u00bb{}\u00bb][et_pb_column type=\u00bb4_4&#8243; _builder_version=\u00bb4.27.4&#8243; _module_preset=\u00bbdefault\u00bb global_colors_info=\u00bb{}\u00bb][et_pb_text _builder_version=\u00bb4.27.4&#8243; _module_preset=\u00bbdefault\u00bb text_font=\u00bb|700|||||||\u00bb text_text_color=\u00bb#FFFFFF\u00bb text_font_size=\u00bb25px\u00bb text_letter_spacing=\u00bb1px\u00bb header_font=\u00bb&#8211;et_global_heading_font|600|||||||\u00bb header_text_align=\u00bbcenter\u00bb header_text_color=\u00bb#FFFFFF\u00bb header_font_size=\u00bb60px\u00bb header_letter_spacing=\u00bb0px\u00bb text_orientation=\u00bbcenter\u00bb text_font_size_tablet=\u00bb25px\u00bb text_font_size_phone=\u00bb18px\u00bb text_font_size_last_edited=\u00bbon|phone\u00bb text_letter_spacing_tablet=\u00bb1px\u00bb text_letter_spacing_phone=\u00bb0px\u00bb text_letter_spacing_last_edited=\u00bbon|phone\u00bb header_font_size_tablet=\u00bb60px\u00bb header_font_size_phone=\u00bb35px\u00bb header_font_size_last_edited=\u00bbon|phone\u00bb text_text_shadow_style=\u00bbpreset1&#8243; header_text_shadow_style=\u00bbpreset1&#8243; header_text_shadow_color=\u00bbrgba(0,0,0,0.45)\u00bb global_colors_info=\u00bb{}\u00bb]<\/p>\n<h1>Jugar en la piscina<br \/>o junto al r\u00edo<\/h1>\n<p><em>pero tambi\u00e9n se puede practicar pirag\u00fcismo, senderismo y windsurf en las cercan\u00edas<\/em><\/p>\n<p>[\/et_pb_text][\/et_pb_column][\/et_pb_row][et_pb_row column_structure=\u00bb1_2,1_2&#8243; use_custom_gutter=\u00bbon\u00bb gutter_width=\u00bb2&#8243; _builder_version=\u00bb4.27.4&#8243; _module_preset=\u00bbdefault\u00bb custom_margin=\u00bb0px||||false|false\u00bb custom_padding=\u00bb0px||||false|false\u00bb global_colors_info=\u00bb{}\u00bb][et_pb_column type=\u00bb1_2&#8243; _builder_version=\u00bb4.27.4&#8243; _module_preset=\u00bbdefault\u00bb global_colors_info=\u00bb{}\u00bb][et_pb_button button_url=\u00bb@ET-DC@eyJkeW5hbWljIjp0cnVlLCJjb250ZW50IjoicG9zdF9saW5rX3VybF9wYWdlIiwic2V0dGluZ3MiOnsicG9zdF9pZCI6IjQyNzkifX0=@\u00bb button_text=\u00bbreserva una estancia\u00bb button_alignment=\u00bbright\u00bb button_alignment_tablet=\u00bbright\u00bb button_alignment_phone=\u00bbcenter\u00bb button_alignment_last_edited=\u00bbon|phone\u00bb _builder_version=\u00bb4.27.4&#8243; _dynamic_attributes=\u00bbbutton_url\u00bb _module_preset=\u00bbdefault\u00bb custom_button=\u00bbon\u00bb button_bg_color=\u00bb#FE9A01&#8243; button_border_radius=\u00bb3px\u00bb custom_padding=\u00bb2%|3%|2%|3%|true|true\u00bb global_colors_info=\u00bb{}\u00bb][\/et_pb_button][\/et_pb_column][et_pb_column type=\u00bb1_2&#8243; _builder_version=\u00bb4.27.4&#8243; _module_preset=\u00bbdefault\u00bb global_colors_info=\u00bb{}\u00bb][et_pb_button button_url=\u00bb#leesmeer\u00bb button_text=\u00bbdescubrir m\u00e1s\u00bb button_alignment=\u00bbleft\u00bb button_alignment_tablet=\u00bbleft\u00bb button_alignment_phone=\u00bbcenter\u00bb button_alignment_last_edited=\u00bbon|phone\u00bb _builder_version=\u00bb4.27.4&#8243; _module_preset=\u00bbdefault\u00bb custom_padding=\u00bb2%|3%|2%|3%|true|true\u00bb global_colors_info=\u00bb{}\u00bb][\/et_pb_button][\/et_pb_column][\/et_pb_row][\/et_pb_section][et_pb_section fb_built=\u00bb1&#8243; module_id=\u00bbLeer m\u00e1s\u00bb _builder_version=\u00bb4.27.4&#8243; _module_preset=\u00bbdefault\u00bb custom_margin=\u00bb||0px||false|false\u00bb custom_padding=\u00bb||0px||false|false\u00bb global_colors_info=\u00bb{}\u00bb][et_pb_row _builder_version=\u00bb4.27.4&#8243; _module_preset=\u00bbdefault\u00bb global_colors_info=\u00bb{}\u00bb][et_pb_column type=\u00bb4_4&#8243; _builder_version=\u00bb4.27.4&#8243; _module_preset=\u00bbdefault\u00bb global_colors_info=\u00bb{}\u00bb][et_pb_text _builder_version=\u00bb4.27.4&#8243; _module_preset=\u00bbdefault\u00bb text_text_color=\u00bb#000000&#8243; header_font=\u00bb&#8211;et_global_heading_font|600|||||||\u00bb header_2_font=\u00bb||||||||\u00bb header_2_text_color=\u00bb#993365&#8243; header_2_font_size=\u00bb30px\u00bb global_colors_info=\u00bb{}\u00bb]<\/p>\n<h1>Un B&amp;B para ni\u00f1os cerca de M\u00e1laga<\/h1>\n<p>Hay piscina, jard\u00edn, cama el\u00e1stica, todo tipo de juguetes y juegos. El r\u00edo ofrece horas de diversi\u00f3n construyendo presas -y caba\u00f1as-, pescando y observando aves. Tambi\u00e9n puedes \u00abexplorar\u00bb los naranjales, buscar tortugas, tomar un helado en la Venta Umami de Antonio (el vecino) o jugar con los otros ni\u00f1os&#8230;&#8230; \u00a1hay mucho que hacer! [\/et_pb_text][et_pb_text _builder_version=\u00bb4.27.4&#8243; _module_preset=\u00bbdefault\u00bb text_text_color=\u00bb#000000&#8243; header_2_font=\u00bb||||||||\u00bb header_2_text_color=\u00bb#993365&#8243; header_2_font_size=\u00bb30px\u00bb global_colors_info=\u00bb{}\u00bb]<\/p>\n<h2>Mucho que hacer para los ni\u00f1os<\/h2>\n<p>Para los mayores, la piscina y el r\u00edo tambi\u00e9n ofrecen mucha diversi\u00f3n, pero tambi\u00e9n hay una serie de actividades que merecen la pena, como hacer un espectacular descenso fluvial (barranquismo) en el R\u00edo Grande, escalada en el desfiladero de Ronda, paseos a caballo por la Sierra de las Nieves, senderismo por el Caminito del Rey (el Chorro), pirag\u00fcismo y pedales en el lago de Ardales, windsurf y cena en la playa de Marbella o escalada en las copas de los \u00e1rboles de Marbella. [\/et_pb_text][et_pb_video src=\u00bbhttps:\/\/youtu.be\/b8VVUvMHTLE?si=VNMjHZMqSKCVHcQ1&#8243; _builder_version=\u00bb4.27.4&#8243; _module_preset=\u00bbdefault\u00bb width=\u00bb50%\u00bb hover_enabled=\u00bb0&#8243; sticky_enabled=\u00bb0&#8243;][\/et_pb_video][et_pb_button button_url=\u00bb@ET-DC@eyJkeW5hbWljIjp0cnVlLCJjb250ZW50IjoicG9zdF9saW5rX3VybF9wYWdlIiwic2V0dGluZ3MiOnsicG9zdF9pZCI6IjUwOTYifX0=@\u00bb button_text=\u00bbactividades en la zona\u00bb button_alignment=\u00bbleft\u00bb _builder_version=\u00bb4.27.4&#8243; _dynamic_attributes=\u00bbbutton_url\u00bb _module_preset=\u00bbdefault\u00bb custom_padding=\u00bb1%|2%|1%|2%|true|true\u00bb global_colors_info=\u00bb{}\u00bb][\/et_pb_button][et_pb_text _builder_version=\u00bb4.27.4&#8243; _module_preset=\u00bbdefault\u00bb text_text_color=\u00bb#000000&#8243; header_2_font=\u00bb||||||||\u00bb header_2_text_color=\u00bb#993365&#8243; header_2_font_size=\u00bb30px\u00bb global_colors_info=\u00bb{}\u00bb]<\/p>\n<h2>Los ni\u00f1os y la comida<\/h2>\n<p>Para los invitados infantiles, servimos un men\u00fa infantil a la hora deseada. Seg\u00fan el n\u00famero de ni\u00f1os, pueden comer juntos, comer por adelantado o unirse a sus padres en la mesa. Tambi\u00e9n aqu\u00ed nos centramos en los ingredientes frescos.<br \/>\nLa cocina para hu\u00e9spedes tambi\u00e9n ofrece la posibilidad de preparar t\u00fa mismo algo para tus hijos.[\/et_pb_text][dmpro_masonry_gallery images=\u00bb1378102,1378108,1378111,2609,2606,2603,2597,2594,1320,1378117,1378120,1378123&#8243; _builder_version=\u00bb4.27.4&#8243; _module_preset=\u00bbdefault\u00bb hover_enabled=\u00bb0&#8243; border_color_all=\u00bb#FFFFFF\u00bb border_color_all_grid_item=\u00bb#FFFFFF\u00bb global_colors_info=\u00bb{}\u00bb columns_last_edited=\u00bbon|phone\u00bb sticky_enabled=\u00bb0&#8243; columns_phone=\u00bb2&#8243;][\/dmpro_masonry_gallery][\/et_pb_column][\/et_pb_row][et_pb_row _builder_version=\u00bb4.27.4&#8243; _module_preset=\u00bbdefault\u00bb custom_margin=\u00bb0px||3%||false|false\u00bb custom_padding=\u00bb0px||0px||true|false\u00bb global_module=\u00bb1377940&#8243; global_colors_info=\u00bb{}\u00bb][et_pb_column type=\u00bb4_4&#8243; _builder_version=\u00bb4.27.4&#8243; _module_preset=\u00bbdefault\u00bb global_colors_info=\u00bb{}\u00bb][et_pb_button button_url=\u00bb#\u00bb button_text=\u00bbhaz clic en las fotos para ampliarlas\u00bb button_alignment=\u00bbright\u00bb _builder_version=\u00bb4.27.4&#8243; _module_preset=\u00bbdefault\u00bb custom_button=\u00bbon\u00bb button_text_color=\u00bb#993365&#8243; button_bg_color=\u00bbRGBA(255,255,255,0)\u00bb button_border_width=\u00bb0px\u00bb button_text_size_tablet=\u00bb\u00bb button_text_size_phone=\u00bb13px\u00bb button_text_size_last_edited=\u00bbon|phone\u00bb button_letter_spacing_tablet=\u00bb\u00bb button_letter_spacing_phone=\u00bb0px\u00bb button_letter_spacing_last_edited=\u00bbon|phone\u00bb global_colors_info=\u00bb{}\u00bb][\/et_pb_button][\/et_pb_column][\/et_pb_row][\/et_pb_section][et_pb_section fb_built=\u00bb1&#8243; custom_padding_last_edited=\u00bbon|phone\u00bb _builder_version=\u00bb4.27.4&#8243; _module_preset=\u00bbdefault\u00bb background_color=\u00bb#993365&#8243; custom_padding_tablet=\u00bb\u00bb custom_padding_phone=\u00bb0px||0px||true|false\u00bb global_colors_info=\u00bb{}\u00bb][et_pb_row _builder_version=\u00bb4.27.0&#8243; _module_preset=\u00bbdefault\u00bb custom_margin=\u00bb0px||0px||true|false\u00bb custom_padding=\u00bb0px||0px||true|false\u00bb global_colors_info=\u00bb{}\u00bb][et_pb_column type=\u00bb4_4&#8243; _builder_version=\u00bb4.27.0&#8243; _module_preset=\u00bbdefault\u00bb global_colors_info=\u00bb{}\u00bb][dmpro_carousel columns=\u00bb1&#8243; container_padding=\u00bb30px|30px|0px|30px|false|false\u00bb speed=\u00bb400&#8243; loop=\u00bbon\u00bb autoplay=\u00bbon\u00bb autoplay_speed=\u00bb4000&#8243; _builder_version=\u00bb4.27.4&#8243; _module_preset=\u00bbdefault\u00bb title_font_size_tablet=\u00bb\u00bb title_font_size_phone=\u00bb18px\u00bb title_font_size_last_edited=\u00bbon|phone\u00bb title_letter_spacing_tablet=\u00bb\u00bb title_letter_spacing_phone=\u00bb\u00bb title_letter_spacing_last_edited=\u00bbon|phone\u00bb global_colors_info=\u00bb{}\u00bb][dmpro_carousel_child title=\u00bbTripadvisor\u00bb text_title=\u00bb%22El Molino Santisteban has both the luxury of a small boutique hotel as well as the relaxed atmosphere and facilities of a kid\u2019s paradise.\u201d\u00bb desc_text=\u00bb<\/p>\n<p>Tripadvisor<\/p>\n<p>\u00bb _builder_version=\u00bb4.27.4&#8243; _module_preset=\u00bbdefault\u00bb title_text_color=\u00bb#FFFFFF\u00bb desc_font=\u00bb||||||||\u00bb desc_text_color=\u00bb#FFFFFF\u00bb desc_font_size=\u00bb16px\u00bb desc_letter_spacing=\u00bb0px\u00bb desc_line_height=\u00bb1.8em\u00bb title_line_height_tablet=\u00bb\u00bb title_line_height_phone=\u00bb\u00bb title_line_height_last_edited=\u00bbon|phone\u00bb global_colors_info=\u00bb{}\u00bb][\/dmpro_carousel_child][dmpro_carousel_child title=\u00bbTripadvisor\u00bb text_title=\u00bbWe hebben genoten en onze kindjes ook, mede door het zwembad, de rivier, de onmetelijke tuin en vele plekjes die de kinderen nog kunnen ontdekken (met andere kinderen)\u00bb desc_text=\u00bb<\/p>\n<p>Tripadvisor<\/p>\n<p>\u00bb _builder_version=\u00bb4.27.4&#8243; _module_preset=\u00bbdefault\u00bb title_text_color=\u00bb#FFFFFF\u00bb desc_font=\u00bb||||||||\u00bb desc_text_color=\u00bb#FFFFFF\u00bb desc_font_size=\u00bb16px\u00bb desc_letter_spacing=\u00bb0px\u00bb desc_line_height=\u00bb1.8em\u00bb title_line_height_tablet=\u00bb\u00bb title_line_height_phone=\u00bb\u00bb title_line_height_last_edited=\u00bbon|phone\u00bb global_colors_info=\u00bb{}\u00bb][\/dmpro_carousel_child][dmpro_carousel_child title=\u00bbTripadvisor\u00bb text_title=\u00bbOnderdaan de tuin loop je bovendien naar een riviertje om in te spelen met een ruime en totaal rustige grasoever.\u00bb desc_text=\u00bb<\/p>\n<p>Tripadvisor<\/p>\n<p>\u00bb _builder_version=\u00bb4.27.4&#8243; _module_preset=\u00bbdefault\u00bb title_text_color=\u00bb#FFFFFF\u00bb desc_font=\u00bb||||||||\u00bb desc_text_color=\u00bb#FFFFFF\u00bb desc_font_size=\u00bb16px\u00bb desc_letter_spacing=\u00bb0px\u00bb desc_line_height=\u00bb1.8em\u00bb title_line_height_tablet=\u00bb\u00bb title_line_height_phone=\u00bb\u00bb title_line_height_last_edited=\u00bbon|phone\u00bb global_colors_info=\u00bb{}\u00bb][\/dmpro_carousel_child][\/dmpro_carousel][\/et_pb_column][\/et_pb_row][\/et_pb_section][et_pb_section fb_built=\u00bb1&#8243; disabled_on=\u00bbon|on|off\u00bb _builder_version=\u00bb4.27.4&#8243; _module_preset=\u00bbdefault\u00bb background_image=\u00bbhttps:\/\/hotel-molino.com\/wp-content\/uploads\/2020\/02\/bed-breakfast-malaga-hotel-molino-74.jpg\u00bb min_height=\u00bb750px\u00bb global_colors_info=\u00bb{}\u00bb][\/et_pb_section]<\/p>\n","protected":false},"excerpt":{"rendered":"<p>Hay piscina, jard\u00edn, cama el\u00e1stica, todo tipo de juguetes y un reproductor de DVD. El r\u00edo ofrece horas de diversi\u00f3n construyendo presas -y caba\u00f1as-, pescando y observando aves. Tambi\u00e9n puedes \u00abexplorar\u00bb los naranjales, buscar tortugas, tomar un helado en la Venta Gallardo de Fransisco (el vecino) o jugar con los otros ni\u00f1os&#8230;&#8230; \u00a1hay mucho que hacer!  <\/p>\n","protected":false},"author":1,"featured_media":3379,"parent":0,"menu_order":0,"comment_status":"closed","ping_status":"open","template":"","meta":{"_acf_changed":false,"_et_pb_use_builder":"on","_et_pb_old_content":"","_et_gb_content_width":"","footnotes":""},"class_list":["post-4693","page","type-page","status-publish","has-post-thumbnail","hentry"],"acf":[],"_links":{"self":[{"href":"https:\/\/hotel-molino.com\/es\/wp-json\/wp\/v2\/pages\/4693","targetHints":{"allow":["GET"]}}],"collection":[{"href":"https:\/\/hotel-molino.com\/es\/wp-json\/wp\/v2\/pages"}],"about":[{"href":"https:\/\/hotel-molino.com\/es\/wp-json\/wp\/v2\/types\/page"}],"author":[{"embeddable":true,"href":"https:\/\/hotel-molino.com\/es\/wp-json\/wp\/v2\/users\/1"}],"replies":[{"embeddable":true,"href":"https:\/\/hotel-molino.com\/es\/wp-json\/wp\/v2\/comments?post=4693"}],"version-history":[{"count":0,"href":"https:\/\/hotel-molino.com\/es\/wp-json\/wp\/v2\/pages\/4693\/revisions"}],"wp:featuredmedia":[{"embeddable":true,"href":"https:\/\/hotel-molino.com\/es\/wp-json\/wp\/v2\/media\/3379"}],"wp:attachment":[{"href":"https:\/\/hotel-molino.com\/es\/wp-json\/wp\/v2\/media?parent=4693"}],"curies":[{"name":"wp","href":"https:\/\/api.w.org\/{rel}","templated":true}]}}