{"id":4702,"date":"2020-12-10T19:58:14","date_gmt":"2020-12-10T18:58:14","guid":{"rendered":"https:\/\/newmolino.divitraining.nl\/gran-chalet-de-vacaciones-en-andalucia-para-grupos-con-piscina-privada\/"},"modified":"2025-12-16T17:27:47","modified_gmt":"2025-12-16T16:27:47","slug":"gran-chalet-de-vacaciones-en-andalucia-para-grupos-con-piscina-privada","status":"publish","type":"page","link":"https:\/\/hotel-molino.com\/es\/gran-chalet-de-vacaciones-en-andalucia-para-grupos-con-piscina-privada\/","title":{"rendered":"Gran chalet de vacaciones en Andaluc\u00eda para grupos con piscina privada"},"content":{"rendered":"<p>[et_pb_section fb_built=\u00bb1&#8243; disabled_on=\u00bboff|off|off\u00bb _builder_version=\u00bb4.27.4&#8243; _module_preset=\u00bbdefault\u00bb background_image=\u00bbhttps:\/\/hotel-molino.com\/wp-content\/uploads\/2024\/12\/el-molino-santisteban.jpg\u00bb background_position=\u00bbbottom_center\u00bb min_height=\u00bb100vh\u00bb max_height=\u00bb550px\u00bb global_colors_info=\u00bb{}\u00bb][et_pb_row _builder_version=\u00bb4.27.4&#8243; _module_preset=\u00bbdefault\u00bb custom_margin=\u00bb10%||||false|false\u00bb global_colors_info=\u00bb{}\u00bb][et_pb_column type=\u00bb4_4&#8243; _builder_version=\u00bb4.27.4&#8243; _module_preset=\u00bbdefault\u00bb global_colors_info=\u00bb{}\u00bb][et_pb_text _builder_version=\u00bb4.27.4&#8243; _module_preset=\u00bbdefault\u00bb text_font=\u00bb|700|||||||\u00bb text_text_color=\u00bb#FFFFFF\u00bb text_font_size=\u00bb25px\u00bb text_letter_spacing=\u00bb1px\u00bb header_font=\u00bb&#8211;et_global_heading_font|600|||||||\u00bb header_text_align=\u00bbcenter\u00bb header_text_color=\u00bb#FFFFFF\u00bb header_font_size=\u00bb60px\u00bb header_letter_spacing=\u00bb0px\u00bb text_orientation=\u00bbcenter\u00bb text_font_size_tablet=\u00bb25px\u00bb text_font_size_phone=\u00bb18px\u00bb text_font_size_last_edited=\u00bbon|phone\u00bb text_letter_spacing_tablet=\u00bb1px\u00bb text_letter_spacing_phone=\u00bb0px\u00bb text_letter_spacing_last_edited=\u00bbon|phone\u00bb header_font_size_tablet=\u00bb60px\u00bb header_font_size_phone=\u00bb35px\u00bb header_font_size_last_edited=\u00bbon|phone\u00bb text_text_shadow_style=\u00bbpreset1&#8243; header_text_shadow_style=\u00bbpreset1&#8243; header_text_shadow_color=\u00bbrgba(0,0,0,0.45)\u00bb global_colors_info=\u00bb{}\u00bb]<\/p>\n<h1>Disfrutar juntos en Andaluc\u00eda<\/h1>\n<p><em>encantadora casa de vacaciones con piscina privada para momentos inolvidables<br \/><\/em><\/p>\n<p>[\/et_pb_text][\/et_pb_column][\/et_pb_row][et_pb_row column_structure=\u00bb1_2,1_2&#8243; use_custom_gutter=\u00bbon\u00bb gutter_width=\u00bb2&#8243; _builder_version=\u00bb4.27.4&#8243; _module_preset=\u00bbdefault\u00bb custom_margin=\u00bb0px||||false|false\u00bb custom_padding=\u00bb0px||||false|false\u00bb global_colors_info=\u00bb{}\u00bb][et_pb_column type=\u00bb1_2&#8243; _builder_version=\u00bb4.27.4&#8243; _module_preset=\u00bbdefault\u00bb global_colors_info=\u00bb{}\u00bb][et_pb_button button_url=\u00bb#arrangementen\u00bb button_text=\u00bbpaquetes\u00bb button_alignment=\u00bbright\u00bb button_alignment_tablet=\u00bbright\u00bb button_alignment_phone=\u00bbcenter\u00bb button_alignment_last_edited=\u00bbon|phone\u00bb _builder_version=\u00bb4.27.4&#8243; _module_preset=\u00bbdefault\u00bb custom_button=\u00bbon\u00bb button_bg_color=\u00bb#FE9A01&#8243; button_border_radius=\u00bb3px\u00bb custom_padding=\u00bb2%|3%|2%|3%|true|true\u00bb global_colors_info=\u00bb{}\u00bb][\/et_pb_button][\/et_pb_column][et_pb_column type=\u00bb1_2&#8243; _builder_version=\u00bb4.27.4&#8243; _module_preset=\u00bbdefault\u00bb global_colors_info=\u00bb{}\u00bb][et_pb_button button_url=\u00bb#leesmeer\u00bb button_text=\u00bbdescubrir m\u00e1s\u00bb button_alignment=\u00bbleft\u00bb button_alignment_tablet=\u00bbleft\u00bb button_alignment_phone=\u00bbcenter\u00bb button_alignment_last_edited=\u00bbon|phone\u00bb _builder_version=\u00bb4.27.4&#8243; _module_preset=\u00bbdefault\u00bb custom_padding=\u00bb2%|3%|2%|3%|true|true\u00bb global_colors_info=\u00bb{}\u00bb][\/et_pb_button][\/et_pb_column][\/et_pb_row][\/et_pb_section][et_pb_section fb_built=\u00bb1&#8243; module_id=\u00bbLeer m\u00e1s\u00bb _builder_version=\u00bb4.27.4&#8243; _module_preset=\u00bbdefault\u00bb global_colors_info=\u00bb{}\u00bb][et_pb_row _builder_version=\u00bb4.27.4&#8243; _module_preset=\u00bbdefault\u00bb custom_margin=\u00bb||0px||false|false\u00bb custom_padding=\u00bb||0px||false|false\u00bb global_colors_info=\u00bb{}\u00bb][et_pb_column type=\u00bb4_4&#8243; _builder_version=\u00bb4.27.4&#8243; _module_preset=\u00bbdefault\u00bb global_colors_info=\u00bb{}\u00bb][et_pb_text _builder_version=\u00bb4.27.4&#8243; _module_preset=\u00bbdefault\u00bb header_font=\u00bb&#8211;et_global_heading_font|600|||||||\u00bb header_letter_spacing=\u00bb0px\u00bb header_2_font=\u00bb||||||||\u00bb custom_margin=\u00bb||0px||false|false\u00bb custom_padding=\u00bb||0px||false|false\u00bb global_colors_info=\u00bb{}\u00bb]<\/p>\n<h1>  El Molino Santisteban para alquilar como casa de vacaciones  <\/h1>\n<h2>disfrutar juntos en privado<\/h2>\n<p>[\/et_pb_text][et_pb_text _builder_version=\u00bb4.27.4&#8243; _module_preset=\u00bbdefault\u00bb text_text_color=\u00bb#000000&#8243; custom_margin=\u00bb0px||||false|false\u00bb custom_padding=\u00bb0px||||false|false\u00bb global_colors_info=\u00bb{}\u00bb]El Molino Santisteban se alquila como alojamiento para grupos en un lugar \u00fanico de la bella Andaluc\u00eda. El centenario molino de agua del r\u00edo Grande est\u00e1 rodeado de naranjos y olivares. A 45 minutos en coche del aeropuerto de M\u00e1laga, a 60 minutos de Ronda y a 30 minutos de las playas de Marbella. Un alojamiento excepcional para grupos con varias opciones. La privacidad y la atenci\u00f3n personal son algo natural. El ambiente informal, la libertad de acci\u00f3n y la atenci\u00f3n general contribuyen al \u00e9xito de la estancia.[\/et_pb_text][\/et_pb_column][\/et_pb_row][et_pb_row column_structure=\u00bb3_5,2_5&#8243; _builder_version=\u00bb4.27.4&#8243; _module_preset=\u00bbdefault\u00bb custom_margin=\u00bb0px||0px||false|false\u00bb custom_padding=\u00bb||0px|||\u00bb global_colors_info=\u00bb{}\u00bb][et_pb_column type=\u00bb3_5&#8243; _builder_version=\u00bb4.27.4&#8243; _module_preset=\u00bbdefault\u00bb global_colors_info=\u00bb{}\u00bb][et_pb_text _builder_version=\u00bb4.27.4&#8243; _module_preset=\u00bbdefault\u00bb header_font=\u00bb&#8211;et_global_heading_font|600|||||||\u00bb header_letter_spacing=\u00bb0px\u00bb header_2_font=\u00bb||||||||\u00bb custom_margin=\u00bb||0px||false|false\u00bb custom_padding=\u00bb||0px||false|false\u00bb global_colors_info=\u00bb{}\u00bb]<\/p>\n<h1>Alojamiento para grupos<\/h1>\n<h2>para varios tipos de grupos<\/h2>\n<p>[\/et_pb_text][\/et_pb_column][et_pb_column type=\u00bb2_5&#8243; _builder_version=\u00bb4.27.4&#8243; _module_preset=\u00bbdefault\u00bb global_colors_info=\u00bb{}\u00bb][\/et_pb_column][\/et_pb_row][et_pb_row column_structure=\u00bb1_3,1_3,1_3&#8243; _builder_version=\u00bb4.27.4&#8243; _module_preset=\u00bbdefault\u00bb global_colors_info=\u00bb{}\u00bb][et_pb_column type=\u00bb1_3&#8243; _builder_version=\u00bb4.27.4&#8243; _module_preset=\u00bbdefault\u00bb global_colors_info=\u00bb{}\u00bb][et_pb_cta button_url=\u00bbhttps:\/\/hotel-molino.com\/es\/gran-chalet-de-vacaciones-para-grupo-de-amigos-en-andalucia\/\u00bb button_text=\u00bbGrupo de amigos\u00bb admin_label=\u00bbGrupo de amigos\u00bb _builder_version=\u00bb4.27.4&#8243; _module_preset=\u00bbdefault\u00bb background_enable_color=\u00bboff\u00bb background_image=\u00bbhttps:\/\/hotel-molino.com\/wp-content\/uploads\/2020\/12\/vakantie-villa-voor-vriendengroep-in-andalusie.jpg\u00bb custom_button=\u00bbon\u00bb button_text_color=\u00bb#993365&#8243; button_bg_color=\u00bb#FFFFFF\u00bb button_border_radius=\u00bb0px\u00bb button_custom_margin=\u00bb50%||||false|false\u00bb min_height=\u00bb250px\u00bb link_option_url=\u00bbhttps:\/\/hotel-molino.com\/es\/gran-chalet-de-vacaciones-para-grupo-de-amigos-en-andalucia\/\u00bb global_module=\u00bb4983&#8243; saved_tabs=\u00bball\u00bb global_colors_info=\u00bb{}\u00bb][\/et_pb_cta][\/et_pb_column][et_pb_column type=\u00bb1_3&#8243; _builder_version=\u00bb4.27.4&#8243; _module_preset=\u00bbdefault\u00bb global_colors_info=\u00bb{}\u00bb][et_pb_cta button_url=\u00bbhttps:\/\/hotel-molino.com\/es\/gran-chalet-de-vacaciones-para-cumpleanos-o-aniversario-en-andalucia\/\u00bb button_text=\u00bbGrupo familiar\u00bb _builder_version=\u00bb4.27.4&#8243; _module_preset=\u00bbdefault\u00bb background_enable_color=\u00bboff\u00bb background_image=\u00bbhttps:\/\/hotel-molino.com\/wp-content\/uploads\/2020\/12\/vakantiehuis-andalusie-familie-groep.jpg\u00bb custom_button=\u00bbon\u00bb button_text_color=\u00bb#993365&#8243; button_bg_color=\u00bb#FFFFFF\u00bb button_border_radius=\u00bb0px\u00bb button_custom_margin=\u00bb50%||||false|false\u00bb min_height=\u00bb250px\u00bb link_option_url=\u00bbhttps:\/\/hotel-molino.com\/es\/gran-chalet-de-vacaciones-para-cumpleanos-o-aniversario-en-andalucia\/\u00bb border_radii=\u00bbon|3px|3px|3px|3px\u00bb global_module=\u00bb4995&#8243; saved_tabs=\u00bball\u00bb global_colors_info=\u00bb{}\u00bb][\/et_pb_cta][\/et_pb_column][et_pb_column type=\u00bb1_3&#8243; _builder_version=\u00bb4.27.4&#8243; _module_preset=\u00bbdefault\u00bb global_colors_info=\u00bb{}\u00bb][et_pb_cta button_url=\u00bbhttps:\/\/hotel-molino.com\/es\/gran-chalet-de-vacaciones-para-colegas-o-team-building-en-andalucia\/\u00bb button_text=\u00bbGrupo de compa\u00f1eros\u00bb admin_label=\u00bbGrupo de colegas\u00bb _builder_version=\u00bb4.27.4&#8243; _module_preset=\u00bbdefault\u00bb background_enable_color=\u00bboff\u00bb background_image=\u00bbhttps:\/\/hotel-molino.com\/wp-content\/uploads\/2020\/02\/vakantie-groepen-malaga-zwembad-hotel-g2l.jpg\u00bb custom_button=\u00bbon\u00bb button_text_color=\u00bb#993365&#8243; button_bg_color=\u00bb#FFFFFF\u00bb button_border_radius=\u00bb0px\u00bb button_custom_margin=\u00bb50%||||false|false\u00bb min_height=\u00bb250px\u00bb link_option_url=\u00bbhttps:\/\/hotel-molino.com\/es\/gran-chalet-de-vacaciones-para-colegas-o-team-building-en-andalucia\/\u00bb global_module=\u00bb5002&#8243; saved_tabs=\u00bball\u00bb global_colors_info=\u00bb{}\u00bb][\/et_pb_cta][et_pb_text _builder_version=\u00bb4.27.5&#8243; _module_preset=\u00bbdefault\u00bb text_font=\u00bb|||on|||||\u00bb text_text_color=\u00bb#993365&#8243; text_font_size=\u00bb16px\u00bb hover_enabled=\u00bb0&#8243; sticky_enabled=\u00bb0&#8243;]<\/p>\n<p style=\"text-align: right;\"><span>Haz clic en las fotos para m\u00e1s informaci\u00f3n<\/span><\/p>\n<p>[\/et_pb_text][\/et_pb_column][\/et_pb_row][et_pb_row use_custom_gutter=\u00bbon\u00bb _builder_version=\u00bb4.27.4&#8243; _module_preset=\u00bbdefault\u00bb global_colors_info=\u00bb{}\u00bb][et_pb_column type=\u00bb4_4&#8243; _builder_version=\u00bb4.27.4&#8243; _module_preset=\u00bbdefault\u00bb global_colors_info=\u00bb{}\u00bb][et_pb_text _builder_version=\u00bb4.27.4&#8243; _module_preset=\u00bbdefault\u00bb text_text_color=\u00bb#000000&#8243; header_font=\u00bb&#8211;et_global_heading_font|600|||||||\u00bb header_letter_spacing=\u00bb0px\u00bb custom_margin=\u00bb0px||||false|false\u00bb custom_padding=\u00bb0px||||false|false\u00bb global_colors_info=\u00bb{}\u00bb]<\/p>\n<h1>Mucho espacio y piscina privada<\/h1>\n<p>El jard\u00edn cubierto, la terraza cubierta, la bonita piscina y el r\u00edo adyacente ofrecen mucho espacio. Junto a la piscina est\u00e1 la casa de ba\u00f1os con un bar autoservicio y una cocina para hu\u00e9spedes.En El Molino Santisteban, t\u00fa y tu grupo podr\u00e9is disfrutar de buenas instalaciones, atenci\u00f3n personalizada y hacer vuestros propios planes, \u00a1eres nuestro \u00fanico hu\u00e9sped!<\/p>\n<p>Estaremos encantados de hablar contigo personalmente para concretar tus ideas y deseos.[\/et_pb_text][et_pb_button button_url=\u00bb@ET-DC@eyJkeW5hbWljIjp0cnVlLCJjb250ZW50IjoicG9zdF9saW5rX3VybF9wYWdlIiwic2V0dGluZ3MiOnsicG9zdF9pZCI6IjUxMzMiLCJlbmFibGVfaHRtbCI6Im9mZiJ9fQ==@\u00bb button_text=\u00bbcontacta con nosotros para conocer las posibilidades\u00bb _builder_version=\u00bb4.27.4&#8243; _dynamic_attributes=\u00bbbutton_url\u00bb _module_preset=\u00bbdefault\u00bb custom_padding=\u00bb1%|2%|1%|2%|true|true\u00bb global_colors_info=\u00bb{}\u00bb][\/et_pb_button][\/et_pb_column][\/et_pb_row][et_pb_row column_structure=\u00bb1_3,1_3,1_3&#8243; _builder_version=\u00bb4.27.4&#8243; _module_preset=\u00bbdefault\u00bb global_colors_info=\u00bb{}\u00bb][et_pb_column type=\u00bb1_3&#8243; _builder_version=\u00bb4.27.4&#8243; _module_preset=\u00bbdefault\u00bb global_colors_info=\u00bb{}\u00bb][et_pb_blurb title=\u00bbVarios grupos\u00bb use_icon=\u00bbon\u00bb font_icon=\u00bb&#xf00c;||fa||900&#8243; icon_placement=\u00bbleft\u00bb _builder_version=\u00bb4.27.4&#8243; _module_preset=\u00bbdefault\u00bb body_text_color=\u00bb#000000&#8243; global_colors_info=\u00bb{}\u00bb icon_color__hover=\u00bb#FE9A01&#8243; icon_color__hover_enabled=\u00bbon|desktop\u00bb]<\/p>\n<p>Los grupos reservan todo el hotel y las familias, clubes anuales y sociedades celebran aqu\u00ed sus aniversarios. Los clubes de pintura, senderismo y ciclismo exploran la zona, los clubes de cocina enriquecen su creatividad, los equipos directivos llegan a nuevas percepciones y todos descansan o se esfuerzan y disfrutan del retiro de El Molino Santisteban. <\/p>\n<p>[\/et_pb_blurb][\/et_pb_column][et_pb_column type=\u00bb1_3&#8243; _builder_version=\u00bb4.27.4&#8243; _module_preset=\u00bbdefault\u00bb global_colors_info=\u00bb{}\u00bb][et_pb_blurb title=\u00bbDisposici\u00f3n pr\u00e1ctica\u00bb use_icon=\u00bbon\u00bb font_icon=\u00bb&#xf00c;||fa||900&#8243; icon_placement=\u00bbleft\u00bb _builder_version=\u00bb4.27.4&#8243; _module_preset=\u00bbdefault\u00bb body_text_color=\u00bb#000000&#8243; global_colors_info=\u00bb{}\u00bb icon_color__hover_enabled=\u00bbon|desktop\u00bb icon_color__hover=\u00bb#FE9A01&#8243;]<\/p>\n<p>Las seis amplias habitaciones con ba\u00f1o est\u00e1n situadas alrededor de un patio cubierto con fuente. Las dos habitaciones de la planta baja tienen puertas francesas al jard\u00edn. En la primera planta hay dos habitaciones grandes y dos m\u00e1s peque\u00f1as. Cada habitaci\u00f3n tiene espacio para una cama supletoria o una cuna. Pueden alojarse un m\u00e1ximo de 15 personas    <\/p>\n<p>[\/et_pb_blurb][\/et_pb_column][et_pb_column type=\u00bb1_3&#8243; _builder_version=\u00bb4.27.4&#8243; _module_preset=\u00bbdefault\u00bb global_colors_info=\u00bb{}\u00bb][et_pb_blurb title=\u00bbTotalmente atendido\u00bb use_icon=\u00bbon\u00bb font_icon=\u00bb&#xf00c;||fa||900&#8243; icon_placement=\u00bbleft\u00bb _builder_version=\u00bb4.27.4&#8243; _module_preset=\u00bbdefault\u00bb body_text_color=\u00bb#000000&#8243; global_colors_info=\u00bb{}\u00bb icon_color__hover=\u00bb#FE9A01&#8243; icon_color__hover_enabled=\u00bbon|desktop\u00bb]Todas las ma\u00f1anas se reserva un desayuno completo y por la noche puedes disfrutar de la cena bajo la higuera, en la terraza, en el jard\u00edn o en la sala del molino. Se pueden organizar todo tipo de servicios, como almuerzos y comidas para llevar, reservas en restaurantes y actividades.[\/et_pb_blurb][\/et_pb_column][\/et_pb_row][et_pb_row module_id=\u00bbarrangementen\u00bb _builder_version=\u00bb4.27.4&#8243; _module_preset=\u00bbdefault\u00bb custom_padding=\u00bb||0px|||\u00bb global_colors_info=\u00bb{}\u00bb][et_pb_column type=\u00bb4_4&#8243; _builder_version=\u00bb4.27.4&#8243; _module_preset=\u00bbdefault\u00bb global_colors_info=\u00bb{}\u00bb][et_pb_text _builder_version=\u00bb4.27.4&#8243; _module_preset=\u00bbdefault\u00bb header_font=\u00bb&#8211;et_global_heading_font|600|||||||\u00bb header_letter_spacing=\u00bb0px\u00bb header_2_font=\u00bb||||||||\u00bb custom_margin=\u00bb||0px||false|false\u00bb custom_padding=\u00bb||0px||false|false\u00bb global_colors_info=\u00bb{}\u00bb]<\/p>\n<h1>Paquetes<\/h1>\n<h2>para una estancia inolvidable en Andaluc\u00eda  <\/h2>\n<p>[\/et_pb_text][\/et_pb_column][\/et_pb_row][et_pb_row column_structure=\u00bb1_3,1_3,1_3&#8243; make_equal=\u00bbon\u00bb _builder_version=\u00bb4.27.4&#8243; _module_preset=\u00bbdefault\u00bb global_colors_info=\u00bb{}\u00bb][et_pb_column type=\u00bb1_3&#8243; _builder_version=\u00bb4.27.4&#8243; _module_preset=\u00bbdefault\u00bb global_colors_info=\u00bb{}\u00bb][et_pb_cta button_url=\u00bbhttps:\/\/hotel-molino.com\/es\/paquete-de-bicicletas-con-casa-de-vacaciones-en-andalucia\/\u00bb button_text=\u00bbPAQUETE CICLISMO\u00bb admin_label=\u00bbPAQUETE CICLISMO\u00bb _builder_version=\u00bb4.27.4&#8243; _module_preset=\u00bbdefault\u00bb background_enable_color=\u00bboff\u00bb background_image=\u00bbhttps:\/\/hotel-molino.com\/wp-content\/uploads\/2020\/12\/vakantiehuis-andalusie-fiets-arrangement.jpg\u00bb custom_button=\u00bbon\u00bb button_text_color=\u00bb#993365&#8243; button_bg_color=\u00bb#FFFFFF\u00bb button_border_radius=\u00bb0px\u00bb button_custom_margin=\u00bb50%||||false|false\u00bb min_height=\u00bb250px\u00bb link_option_url=\u00bbhttps:\/\/hotel-molino.com\/es\/paquete-de-bicicletas-con-casa-de-vacaciones-en-andalucia\/\u00bb global_module=\u00bb5023&#8243; saved_tabs=\u00bball\u00bb global_colors_info=\u00bb{}\u00bb][\/et_pb_cta][\/et_pb_column][et_pb_column type=\u00bb1_3&#8243; _builder_version=\u00bb4.27.4&#8243; _module_preset=\u00bbdefault\u00bb global_colors_info=\u00bb{}\u00bb][et_pb_cta button_url=\u00bbhttps:\/\/hotel-molino.com\/es\/paquete-de-senderismo-para-grupos\/\u00bb button_text=\u00bbPAQUETE SENDERISMO\u00bb admin_label=\u00bbPAQUETE SENDERISMO\u00bb _builder_version=\u00bb4.27.4&#8243; _module_preset=\u00bbdefault\u00bb background_enable_color=\u00bboff\u00bb background_image=\u00bbhttps:\/\/hotel-molino.com\/wp-content\/uploads\/2024\/12\/views-from-garden.jpg\u00bb custom_button=\u00bbon\u00bb button_text_color=\u00bb#993365&#8243; button_bg_color=\u00bb#FFFFFF\u00bb button_border_radius=\u00bb0px\u00bb button_custom_margin=\u00bb50%||||false|false\u00bb min_height=\u00bb250px\u00bb link_option_url=\u00bbhttps:\/\/hotel-molino.com\/es\/paquete-de-senderismo-para-grupos\/\u00bb border_radii=\u00bbon|3px|3px|3px|3px\u00bb global_module=\u00bb5030&#8243; saved_tabs=\u00bball\u00bb global_colors_info=\u00bb{}\u00bb][\/et_pb_cta][\/et_pb_column][et_pb_column type=\u00bb1_3&#8243; _builder_version=\u00bb4.27.4&#8243; _module_preset=\u00bbdefault\u00bb global_colors_info=\u00bb{}\u00bb][et_pb_cta button_url=\u00bbhttps:\/\/hotel-molino.com\/es\/paquete-culinario-para-grupos\/\u00bb button_text=\u00bbPAQUETE DE COCINA\u00bb admin_label=\u00bbpaquete de cocina\u00bb _builder_version=\u00bb4.27.4&#8243; _module_preset=\u00bbdefault\u00bb background_enable_color=\u00bboff\u00bb background_image=\u00bbhttps:\/\/hotel-molino.com\/wp-content\/uploads\/2020\/12\/vakantiehuis-andalusie-kook-arrangement.jpg\u00bb custom_button=\u00bbon\u00bb button_text_color=\u00bb#993365&#8243; button_bg_color=\u00bb#FFFFFF\u00bb button_border_radius=\u00bb0px\u00bb button_custom_margin=\u00bb50%||||false|false\u00bb min_height=\u00bb250px\u00bb link_option_url=\u00bbhttps:\/\/hotel-molino.com\/es\/paquete-culinario-para-grupos\/\u00bb global_module=\u00bb5037&#8243; saved_tabs=\u00bball\u00bb global_colors_info=\u00bb{}\u00bb][\/et_pb_cta][et_pb_text _builder_version=\u00bb4.27.5&#8243; _module_preset=\u00bbdefault\u00bb text_font=\u00bb|||on|||||\u00bb text_text_color=\u00bb#993365&#8243; text_font_size=\u00bb16px\u00bb hover_enabled=\u00bb0&#8243; sticky_enabled=\u00bb0&#8243;]<\/p>\n<p style=\"text-align: right;\"><span>Haz clic en las fotos para m\u00e1s informaci\u00f3n<\/span><\/p>\n<p>[\/et_pb_text][\/et_pb_column][\/et_pb_row][\/et_pb_section]<\/p>\n","protected":false},"excerpt":{"rendered":"<p>Disfrutar juntos en Andaluc\u00eda encantadora casa de vacaciones con piscina privada para momentos inolvidables El Molino Santisteban para alquilar como casa de vacaciones disfrutar juntos en privadoEl Molino Santisteban se alquila como alojamiento para grupos en un lugar \u00fanico de la bella Andaluc\u00eda. El centenario molino de agua del r\u00edo Grande est\u00e1 rodeado de naranjos [&hellip;]<\/p>\n","protected":false},"author":6,"featured_media":3952,"parent":0,"menu_order":0,"comment_status":"closed","ping_status":"open","template":"","meta":{"_acf_changed":false,"_et_pb_use_builder":"on","_et_pb_old_content":"","_et_gb_content_width":"","footnotes":""},"class_list":["post-4702","page","type-page","status-publish","has-post-thumbnail","hentry"],"acf":[],"_links":{"self":[{"href":"https:\/\/hotel-molino.com\/es\/wp-json\/wp\/v2\/pages\/4702","targetHints":{"allow":["GET"]}}],"collection":[{"href":"https:\/\/hotel-molino.com\/es\/wp-json\/wp\/v2\/pages"}],"about":[{"href":"https:\/\/hotel-molino.com\/es\/wp-json\/wp\/v2\/types\/page"}],"author":[{"embeddable":true,"href":"https:\/\/hotel-molino.com\/es\/wp-json\/wp\/v2\/users\/6"}],"replies":[{"embeddable":true,"href":"https:\/\/hotel-molino.com\/es\/wp-json\/wp\/v2\/comments?post=4702"}],"version-history":[{"count":0,"href":"https:\/\/hotel-molino.com\/es\/wp-json\/wp\/v2\/pages\/4702\/revisions"}],"wp:featuredmedia":[{"embeddable":true,"href":"https:\/\/hotel-molino.com\/es\/wp-json\/wp\/v2\/media\/3952"}],"wp:attachment":[{"href":"https:\/\/hotel-molino.com\/es\/wp-json\/wp\/v2\/media?parent=4702"}],"curies":[{"name":"wp","href":"https:\/\/api.w.org\/{rel}","templated":true}]}}