{"id":4747,"date":"2020-02-21T22:28:09","date_gmt":"2020-02-21T21:28:09","guid":{"rendered":"https:\/\/newmolino.divitraining.nl\/historia-bed-and-breakfast-con-piscina-en-malaga-andalucia\/"},"modified":"2025-11-15T07:52:29","modified_gmt":"2025-11-15T06:52:29","slug":"historia-bed-and-breakfast-con-piscina-en-malaga-andalucia","status":"publish","type":"page","link":"https:\/\/hotel-molino.com\/es\/historia-bed-and-breakfast-con-piscina-en-malaga-andalucia\/","title":{"rendered":"Historia | Bed and Breakfast con piscina en M\u00e1laga &#8211; Andaluc\u00eda"},"content":{"rendered":"<p>[et_pb_section fb_built=\u00bb1&#8243; disabled_on=\u00bboff|off|off\u00bb _builder_version=\u00bb4.27.4&#8243; _module_preset=\u00bbdefault\u00bb background_image=\u00bbhttps:\/\/hotel-molino.com\/wp-content\/uploads\/2020\/02\/bed-breakfast-malaga-hotel-molino-76.jpg\u00bb background_position=\u00bbbottom_center\u00bb min_height=\u00bb100vh\u00bb global_colors_info=\u00bb{}\u00bb][et_pb_row _builder_version=\u00bb4.27.4&#8243; _module_preset=\u00bbdefault\u00bb custom_margin=\u00bb10%||||false|false\u00bb global_colors_info=\u00bb{}\u00bb][et_pb_column type=\u00bb4_4&#8243; _builder_version=\u00bb4.27.4&#8243; _module_preset=\u00bbdefault\u00bb global_colors_info=\u00bb{}\u00bb][et_pb_text _builder_version=\u00bb4.27.4&#8243; _module_preset=\u00bbdefault\u00bb text_font=\u00bb|700|||||||\u00bb text_text_color=\u00bb#FFFFFF\u00bb text_font_size=\u00bb25px\u00bb text_letter_spacing=\u00bb1px\u00bb header_font=\u00bb&#8211;et_global_heading_font|600|||||||\u00bb header_text_align=\u00bbcenter\u00bb header_text_color=\u00bb#FFFFFF\u00bb header_font_size=\u00bb60px\u00bb header_letter_spacing=\u00bb0px\u00bb text_orientation=\u00bbcenter\u00bb hover_enabled=\u00bb0&#8243; text_text_shadow_style=\u00bbpreset1&#8243; header_text_shadow_style=\u00bbpreset1&#8243; header_text_shadow_color=\u00bbrgba(0,0,0,0.45)\u00bb global_colors_info=\u00bb{}\u00bb header_font_size_last_edited=\u00bbon|phone\u00bb header_font_size_phone=\u00bb35px\u00bb text_font_size_last_edited=\u00bbon|phone\u00bb text_font_size_phone=\u00bb18px\u00bb sticky_enabled=\u00bb0&#8243; header_font_size_tablet=\u00bb60px\u00bb text_font_size_tablet=\u00bb25px\u00bb]<\/p>\n<h1>Un molino de agua morisco de 1400<\/h1>\n<p><em>donde se funden la historia morisca y la hospitalidad moderna<\/em><\/p>\n<p>[\/et_pb_text][\/et_pb_column][\/et_pb_row][et_pb_row column_structure=\u00bb1_2,1_2&#8243; use_custom_gutter=\u00bbon\u00bb gutter_width=\u00bb2&#8243; _builder_version=\u00bb4.27.4&#8243; _module_preset=\u00bbdefault\u00bb custom_margin=\u00bb0px||||false|false\u00bb custom_padding=\u00bb0px||||false|false\u00bb global_colors_info=\u00bb{}\u00bb][et_pb_column type=\u00bb1_2&#8243; _builder_version=\u00bb4.27.4&#8243; _module_preset=\u00bbdefault\u00bb global_colors_info=\u00bb{}\u00bb][et_pb_button button_url=\u00bb@ET-DC@eyJkeW5hbWljIjp0cnVlLCJjb250ZW50IjoicG9zdF9saW5rX3VybF9wYWdlIiwic2V0dGluZ3MiOnsicG9zdF9pZCI6IjUxMSJ9fQ==@\u00bb button_text=\u00bbsobre nosotros\u00bb button_alignment=\u00bbright\u00bb _builder_version=\u00bb4.27.4&#8243; _dynamic_attributes=\u00bbbutton_url\u00bb _module_preset=\u00bbdefault\u00bb custom_button=\u00bbon\u00bb button_bg_color=\u00bb#FE9A01&#8243; button_border_radius=\u00bb3px\u00bb custom_padding=\u00bb2%|3%|2%|3%|true|true\u00bb hover_enabled=\u00bb0&#8243; global_colors_info=\u00bb{}\u00bb button_alignment_last_edited=\u00bbon|phone\u00bb button_alignment_phone=\u00bbcenter\u00bb sticky_enabled=\u00bb0&#8243; button_alignment_tablet=\u00bbright\u00bb][\/et_pb_button][\/et_pb_column][et_pb_column type=\u00bb1_2&#8243; _builder_version=\u00bb4.27.4&#8243; _module_preset=\u00bbdefault\u00bb global_colors_info=\u00bb{}\u00bb][et_pb_button button_url=\u00bb#leesmeer\u00bb button_text=\u00bbdescubrir m\u00e1s\u00bb button_alignment=\u00bbleft\u00bb _builder_version=\u00bb4.27.4&#8243; _module_preset=\u00bbdefault\u00bb custom_padding=\u00bb2%|3%|2%|3%|true|true\u00bb hover_enabled=\u00bb0&#8243; global_colors_info=\u00bb{}\u00bb button_alignment_last_edited=\u00bbon|phone\u00bb button_alignment_phone=\u00bbcenter\u00bb sticky_enabled=\u00bb0&#8243; button_alignment_tablet=\u00bbleft\u00bb][\/et_pb_button][\/et_pb_column][\/et_pb_row][\/et_pb_section][et_pb_section fb_built=\u00bb1&#8243; module_id=\u00bbLeer m\u00e1s\u00bb _builder_version=\u00bb4.27.4&#8243; _module_preset=\u00bbdefault\u00bb custom_padding=\u00bb||0px|||\u00bb collapsed=\u00bboff\u00bb global_colors_info=\u00bb{}\u00bb][et_pb_row _builder_version=\u00bb4.27.4&#8243; _module_preset=\u00bbdefault\u00bb custom_padding=\u00bb||8px|||\u00bb global_colors_info=\u00bb{}\u00bb][et_pb_column type=\u00bb4_4&#8243; _builder_version=\u00bb4.27.4&#8243; _module_preset=\u00bbdefault\u00bb global_colors_info=\u00bb{}\u00bb][et_pb_text _builder_version=\u00bb4.27.4&#8243; _module_preset=\u00bbdefault\u00bb text_text_color=\u00bb#000000&#8243; global_colors_info=\u00bb{}\u00bb]<\/p>\n<h3>Los moros comprendieron que \u00e9ste era un lugar excepcional<\/h3>\n<p>Hacia 1400, los moros construyeron el molino de agua El Molino Santisteban a orillas del r\u00edo Grande. La zona alrededor del R\u00edo Grande con la cresta de Ardite ha estado habitada desde la prehistoria. Prueba de ello son los Dolmenes encontrados en las colinas de esta zona. Los fenicios y los romanos (entre el 1000 a.C. y el 400 d.C.) tambi\u00e9n se asentaron en este valle por su naturaleza protegida y su suelo f\u00e9rtil.   <\/p>\n<h3>Sierra de las Nieves<\/h3>\n<p>Debido a la abundancia de agua procedente de la Sierra de las Nieves y del r\u00edo, los moros construyeron un molino de agua y un ingenioso sistema hidr\u00e1ulico (acequias) que pod\u00eda regar las tierras circundantes e impulsar el molino. Hoy en d\u00eda, los agricultores de la zona siguen utilizando este sistema de riego. Los tres arcos del molino de agua indican una gran productividad y es el \u00fanico con este n\u00famero en la provincia de M\u00e1laga. El molino de agua se dedicaba principalmente a moler grano y forraje. A\u00fan se conservan las piedras de molino y una de las ruedas (rodezno).    <\/p>\n<p>[\/et_pb_text][et_pb_text _builder_version=\u00bb4.27.4&#8243; _module_preset=\u00bbdefault\u00bb text_text_color=\u00bb#000000&#8243; global_colors_info=\u00bb{}\u00bb]<\/p>\n<h3>De molino morisco a tesoro espa\u00f1ol<\/h3>\n<p>Tras 700 a\u00f1os de presencia musulmana en Andaluc\u00eda, M\u00e1laga fue conquistada por los Reyes Cat\u00f3licos en 1485 y en 1491 el molino de agua, entonces conocido como El Molino Santisteban, fue incautado como tesoro de guerra y entregado a uno de sus leales caballeros Fernando P\u00e9rez. En los a\u00f1os siguientes, el molino de agua permaneci\u00f3 activo y cambi\u00f3 de manos muchas veces. La familia del \u00faltimo molinero sigue viviendo en el pueblo vecino de Alozaina.  <\/p>\n<h3>Car\u00e1cter aut\u00e9ntico<\/h3>\n<p>En la d\u00e9cada de 1970, sin embargo, el molino de agua se vendi\u00f3 al estadounidense John Andersen, que lo renov\u00f3, lo hizo habitable y convirti\u00f3 la sala del molino en un comedor. Sin embargo, las v\u00edas fluviales permanecieron intactas, al igual que el car\u00e1cter aut\u00e9ntico. En 1980, construy\u00f3 una gran casa de hu\u00e9spedes alrededor de un patio de estilo andaluz en los terrenos pr\u00f3ximos al molino de agua. Este edificio sirve ahora de hotel.   <\/p>\n<p>[\/et_pb_text][\/et_pb_column][\/et_pb_row][et_pb_row use_custom_gutter=\u00bbon\u00bb gutter_width=\u00bb1&#8243; _builder_version=\u00bb4.27.4&#8243; _module_preset=\u00bbdefault\u00bb global_colors_info=\u00bb{}\u00bb][et_pb_column type=\u00bb4_4&#8243; _builder_version=\u00bb4.27.4&#8243; _module_preset=\u00bbdefault\u00bb global_colors_info=\u00bb{}\u00bb][et_pb_gallery gallery_ids=\u00bb3568,3570,3572,3574&#8243; show_title_and_caption=\u00bboff\u00bb show_pagination=\u00bboff\u00bb zoom_icon_color=\u00bb#FFFFFF\u00bb hover_overlay_color=\u00bbrgba(0,0,0,0.13)\u00bb hover_icon=\u00bb&#xf06e;||fa||400&#8243; _builder_version=\u00bb4.27.4&#8243; _module_preset=\u00bbdefault\u00bb hover_enabled=\u00bb0&#8243; border_width_all=\u00bb5px\u00bb border_color_all=\u00bb#FFFFFF\u00bb global_colors_info=\u00bb{}\u00bb sticky_enabled=\u00bb0&#8243;][\/et_pb_gallery][et_pb_text _builder_version=\u00bb4.27.4&#8243; _module_preset=\u00bbdefault\u00bb text_font_size=\u00bb12px\u00bb global_colors_info=\u00bb{}\u00bb]<\/p>\n<p><em>haz clic en la foto para ampliarla<\/em><\/p>\n<p>[\/et_pb_text][\/et_pb_column][\/et_pb_row][et_pb_row column_structure=\u00bb1_5,1_5,3_5&#8243; use_custom_gutter=\u00bbon\u00bb gutter_width=\u00bb2&#8243; _builder_version=\u00bb4.27.4&#8243; _module_preset=\u00bbdefault\u00bb global_colors_info=\u00bb{}\u00bb][et_pb_column type=\u00bb1_5&#8243; _builder_version=\u00bb4.27.4&#8243; _module_preset=\u00bbdefault\u00bb global_colors_info=\u00bb{}\u00bb][et_pb_button button_url=\u00bb@ET-DC@eyJkeW5hbWljIjp0cnVlLCJjb250ZW50IjoicG9zdF9saW5rX3VybF9wYWdlIiwic2V0dGluZ3MiOnsicG9zdF9pZCI6IjUxMSJ9fQ==@\u00bb button_text=\u00bbSobre nosotros\u00bb button_alignment=\u00bbcenter\u00bb _builder_version=\u00bb4.27.4&#8243; _dynamic_attributes=\u00bbbutton_url\u00bb _module_preset=\u00bbdefault\u00bb custom_button=\u00bbon\u00bb button_text_color=\u00bb#FFFFFF\u00bb button_bg_color=\u00bb#993365&#8243; custom_css_main_element=\u00bbwidth:100%;\u00bb global_colors_info=\u00bb{}\u00bb][\/et_pb_button][\/et_pb_column][et_pb_column type=\u00bb1_5&#8243; _builder_version=\u00bb4.27.4&#8243; _module_preset=\u00bbdefault\u00bb global_colors_info=\u00bb{}\u00bb][\/et_pb_column][et_pb_column type=\u00bb3_5&#8243; _builder_version=\u00bb4.27.4&#8243; _module_preset=\u00bbdefault\u00bb global_colors_info=\u00bb{}\u00bb][\/et_pb_column][\/et_pb_row][\/et_pb_section]<\/p>\n","protected":false},"excerpt":{"rendered":"<p>Hacia 1400, los moros construyeron el molino de agua El Molino Santisteban a orillas del r\u00edo Grande. La zona alrededor del R\u00edo Grande con la cresta de Ardite ha estado habitada desde la prehistoria. Prueba de ello son los Dolmenes encontrados en las colinas de esta zona. Los fenicios y los romanos (entre el 1000 a.C. y el 400 d.C.) tambi\u00e9n se asentaron en este valle por su naturaleza protegida y su suelo f\u00e9rtil.   <\/p>\n","protected":false},"author":1,"featured_media":3564,"parent":0,"menu_order":0,"comment_status":"closed","ping_status":"open","template":"","meta":{"_acf_changed":false,"_et_pb_use_builder":"on","_et_pb_old_content":"","_et_gb_content_width":"","footnotes":""},"class_list":["post-4747","page","type-page","status-publish","has-post-thumbnail","hentry"],"acf":[],"_links":{"self":[{"href":"https:\/\/hotel-molino.com\/es\/wp-json\/wp\/v2\/pages\/4747","targetHints":{"allow":["GET"]}}],"collection":[{"href":"https:\/\/hotel-molino.com\/es\/wp-json\/wp\/v2\/pages"}],"about":[{"href":"https:\/\/hotel-molino.com\/es\/wp-json\/wp\/v2\/types\/page"}],"author":[{"embeddable":true,"href":"https:\/\/hotel-molino.com\/es\/wp-json\/wp\/v2\/users\/1"}],"replies":[{"embeddable":true,"href":"https:\/\/hotel-molino.com\/es\/wp-json\/wp\/v2\/comments?post=4747"}],"version-history":[{"count":0,"href":"https:\/\/hotel-molino.com\/es\/wp-json\/wp\/v2\/pages\/4747\/revisions"}],"wp:featuredmedia":[{"embeddable":true,"href":"https:\/\/hotel-molino.com\/es\/wp-json\/wp\/v2\/media\/3564"}],"wp:attachment":[{"href":"https:\/\/hotel-molino.com\/es\/wp-json\/wp\/v2\/media?parent=4747"}],"curies":[{"name":"wp","href":"https:\/\/api.w.org\/{rel}","templated":true}]}}