{"id":4887,"date":"2024-12-06T13:11:24","date_gmt":"2024-12-06T12:11:24","guid":{"rendered":"https:\/\/newmolino.divitraining.nl\/condiciones\/"},"modified":"2025-11-15T07:52:29","modified_gmt":"2025-11-15T06:52:29","slug":"condiciones","status":"publish","type":"page","link":"https:\/\/hotel-molino.com\/es\/condiciones\/","title":{"rendered":"Condiciones"},"content":{"rendered":"<p>[et_pb_section fb_built=\u00bb1&#8243; _builder_version=\u00bb4.27.4&#8243; _module_preset=\u00bbdefault\u00bb custom_padding=\u00bb||0px|||\u00bb global_colors_info=\u00bb{}\u00bb][et_pb_row column_structure=\u00bb3_5,2_5&#8243; _builder_version=\u00bb4.27.4&#8243; _module_preset=\u00bbdefault\u00bb global_colors_info=\u00bb{}\u00bb][et_pb_column type=\u00bb3_5&#8243; _builder_version=\u00bb4.27.4&#8243; _module_preset=\u00bbdefault\u00bb global_colors_info=\u00bb{}\u00bb][et_pb_text _builder_version=\u00bb4.27.4&#8243; _module_preset=\u00bbdefault\u00bb global_colors_info=\u00bb{}\u00bb]<\/p>\n<div class=\"image-boxes imgbox-simple eluid3a1da431 \">\n<div class=\"image-boxes-holder imgboxes-wrapper u-mb-0 \">\n<h1 class=\"image-boxes-img-wrapper img-align-right\">Condiciones generales<\/h1>\n<\/div>\n<\/div>\n<div class=\"zn_text_box eluidbdc62b15 zn_text_box-light element-scheme--light\">\n<ul>\n<li>Requerimos un dep\u00f3sito del 50% del coste total de la estancia, pagadero por transferencia bancaria en el plazo de dos semanas tras el env\u00edo de la reserva definitiva.<\/li>\n<li>El importe restante debe transferirse o pagarse en efectivo antes del final de la estancia, junto con cualquier otro gasto en que se haya incurrido.<\/li>\n<li>Lamentablemente, no aceptamos tarjetas de cr\u00e9dito. Hay varios cajeros autom\u00e1ticos en los pueblos cercanos. <\/li>\n<li>Pol\u00edtica de cancelaci\u00f3n:\n<ul>\n<li>Si se cancela 6 semanas o m\u00e1s antes de la fecha de llegada, se devolver\u00e1 el 90% del dep\u00f3sito (50% del coste total de la estancia). En caso de transferir la reserva a otro periodo, el dep\u00f3sito seguir\u00e1 siendo del 100%. <\/li>\n<li>para cancelaciones entre 4 y 6 semanas antes de la fecha de llegada, devoluci\u00f3n del 50% del dep\u00f3sito.<\/li>\n<li>en caso de anulaci\u00f3n entre 4 y 2 semanas antes de la fecha de llegada, no se devuelve el dep\u00f3sito.<\/li>\n<li>en caso de cancelaci\u00f3n dentro de las 2 semanas anteriores a la llegada, se deber\u00e1 abonar el coste total de la estancia.<\/li>\n<\/ul>\n<\/li>\n<li>Te aconsejamos que contrates un seguro de anulaci\u00f3n.<\/li>\n<li>Salida antes de las 11:00, entrada despu\u00e9s de las 14:00.<\/li>\n<\/ul>\n<\/div>\n<p>[\/et_pb_text][\/et_pb_column][et_pb_column type=\u00bb2_5&#8243; _builder_version=\u00bb4.27.4&#8243; _module_preset=\u00bbdefault\u00bb global_colors_info=\u00bb{}\u00bb][et_pb_team_member admin_label=\u00bbEl Molino Santisteban\u00bb _builder_version=\u00bb4.27.4&#8243; _module_preset=\u00bbdefault\u00bb body_text_color=\u00bb#000000&#8243; global_module=\u00bb4283&#8243; saved_tabs=\u00bball\u00bb global_colors_info=\u00bb{}\u00bb]<\/p>\n<p><img loading=\"lazy\" decoding=\"async\" src=\"https:\/\/hotel-molino.com\/wp-content\/uploads\/2020\/03\/logo-hotel-bnb-El-Molino-Santisteban-header-1.png\" width=\"100\" height=\"150\" alt=\"Hotel bnb El Molino Santisteban\" class=\"wp-image-545 alignnone size-full\" title=\"bed-breakfast-zwembad-hotel\"><\/p>\n<p>El Molino Santisteban<br \/>Gerard &amp; Madeline<br \/>Crta A366, km 50-51<br \/>29108 Guaro, Malaga<\/p>\n<p>Telefoon\/ Whats App:<br \/><a href=\"tel:+34672468396\">+34 6 724 68 396<\/a><br \/>Email: <a href=\"mailto:info@hotel-molino.com\">info@hotel-molino.com<\/a><\/p>\n<p>[\/et_pb_team_member][\/et_pb_column][\/et_pb_row][\/et_pb_section]<\/p>\n","protected":false},"excerpt":{"rendered":"<p>Condiciones generales Requerimos un dep\u00f3sito del 50% del coste total de la estancia, pagadero por transferencia bancaria en el plazo de dos semanas tras el env\u00edo de la reserva definitiva. El importe restante debe transferirse o pagarse en efectivo antes del final de la estancia, junto con cualquier otro gasto en que se haya incurrido. [&hellip;]<\/p>\n","protected":false},"author":1,"featured_media":0,"parent":0,"menu_order":0,"comment_status":"closed","ping_status":"closed","template":"","meta":{"_acf_changed":false,"_et_pb_use_builder":"on","_et_pb_old_content":"","_et_gb_content_width":"","footnotes":""},"class_list":["post-4887","page","type-page","status-publish","hentry"],"acf":[],"_links":{"self":[{"href":"https:\/\/hotel-molino.com\/es\/wp-json\/wp\/v2\/pages\/4887","targetHints":{"allow":["GET"]}}],"collection":[{"href":"https:\/\/hotel-molino.com\/es\/wp-json\/wp\/v2\/pages"}],"about":[{"href":"https:\/\/hotel-molino.com\/es\/wp-json\/wp\/v2\/types\/page"}],"author":[{"embeddable":true,"href":"https:\/\/hotel-molino.com\/es\/wp-json\/wp\/v2\/users\/1"}],"replies":[{"embeddable":true,"href":"https:\/\/hotel-molino.com\/es\/wp-json\/wp\/v2\/comments?post=4887"}],"version-history":[{"count":0,"href":"https:\/\/hotel-molino.com\/es\/wp-json\/wp\/v2\/pages\/4887\/revisions"}],"wp:attachment":[{"href":"https:\/\/hotel-molino.com\/es\/wp-json\/wp\/v2\/media?parent=4887"}],"curies":[{"name":"wp","href":"https:\/\/api.w.org\/{rel}","templated":true}]}}