{"id":4928,"date":"2020-12-17T20:01:56","date_gmt":"2020-12-17T19:01:56","guid":{"rendered":"https:\/\/newmolino.divitraining.nl\/gran-chalet-de-vacaciones-para-grupo-de-amigos-en-andalucia\/"},"modified":"2025-03-05T09:17:31","modified_gmt":"2025-03-05T08:17:31","slug":"gran-chalet-de-vacaciones-para-grupo-de-amigos-en-andalucia","status":"publish","type":"page","link":"https:\/\/hotel-molino.com\/es\/gran-chalet-de-vacaciones-para-grupo-de-amigos-en-andalucia\/","title":{"rendered":"Gran chalet de vacaciones para grupo de amigos en Andaluc\u00eda"},"content":{"rendered":"<p>[et_pb_section fb_built=\u00bb1&#8243; disabled_on=\u00bboff|off|off\u00bb _builder_version=\u00bb4.27.4&#8243; _module_preset=\u00bbdefault\u00bb background_image=\u00bbhttps:\/\/hotel-molino.com\/wp-content\/uploads\/2020\/12\/vakantie-villa-in-Andalusie-met-vriendengroep.jpg\u00bb background_position=\u00bbbottom_center\u00bb global_colors_info=\u00bb{}\u00bb][et_pb_row _builder_version=\u00bb4.27.4&#8243; _module_preset=\u00bbdefault\u00bb custom_margin=\u00bb10%||||false|false\u00bb global_colors_info=\u00bb{}\u00bb][et_pb_column type=\u00bb4_4&#8243; _builder_version=\u00bb4.27.4&#8243; _module_preset=\u00bbdefault\u00bb global_colors_info=\u00bb{}\u00bb][et_pb_text _builder_version=\u00bb4.27.4&#8243; _module_preset=\u00bbdefault\u00bb text_font=\u00bb|700|||||||\u00bb text_text_color=\u00bb#FFFFFF\u00bb text_font_size=\u00bb25px\u00bb text_letter_spacing=\u00bb1px\u00bb header_font=\u00bb&#8211;et_global_heading_font|600|||||||\u00bb header_text_align=\u00bbcenter\u00bb header_text_color=\u00bb#FFFFFF\u00bb header_font_size=\u00bb60px\u00bb header_letter_spacing=\u00bb0px\u00bb text_orientation=\u00bbcenter\u00bb hover_enabled=\u00bb0&#8243; text_text_shadow_style=\u00bbpreset1&#8243; header_text_shadow_style=\u00bbpreset1&#8243; header_text_shadow_color=\u00bbrgba(0,0,0,0.45)\u00bb global_colors_info=\u00bb{}\u00bb header_font_size_last_edited=\u00bbon|phone\u00bb header_font_size_phone=\u00bb35px\u00bb text_font_size_last_edited=\u00bbon|phone\u00bb text_font_size_phone=\u00bb18px\u00bb text_letter_spacing_last_edited=\u00bbon|phone\u00bb text_letter_spacing_phone=\u00bb0px\u00bb sticky_enabled=\u00bb0&#8243; header_font_size_tablet=\u00bb60px\u00bb text_font_size_tablet=\u00bb25px\u00bb text_letter_spacing_tablet=\u00bb1px\u00bb]<\/p>\n<h1>Lugar de ensue\u00f1o para vacaciones en grupo<\/h1>\n<p><em>perfecto para reuniones, familias, grupos de amigos y celebraciones de aniversarios de hasta 14 personas<\/em><\/p>\n<p>[\/et_pb_text][\/et_pb_column][\/et_pb_row][et_pb_row use_custom_gutter=\u00bbon\u00bb gutter_width=\u00bb2&#8243; _builder_version=\u00bb4.27.4&#8243; _module_preset=\u00bbdefault\u00bb custom_margin=\u00bb0px||||false|false\u00bb custom_padding=\u00bb0px||||false|false\u00bb global_colors_info=\u00bb{}\u00bb][et_pb_column type=\u00bb4_4&#8243; _builder_version=\u00bb4.27.4&#8243; _module_preset=\u00bbdefault\u00bb global_colors_info=\u00bb{}\u00bb][et_pb_button button_url=\u00bb#leesmeer\u00bb button_text=\u00bbdescubrir m\u00e1s\u00bb button_alignment=\u00bbcenter\u00bb _builder_version=\u00bb4.27.4&#8243; _module_preset=\u00bbdefault\u00bb custom_padding=\u00bb1%|2%|1%|2%|true|true\u00bb global_colors_info=\u00bb{}\u00bb][\/et_pb_button][\/et_pb_column][\/et_pb_row][\/et_pb_section][et_pb_section fb_built=\u00bb1&#8243; module_id=\u00bbLeer m\u00e1s\u00bb _builder_version=\u00bb4.27.4&#8243; _module_preset=\u00bbdefault\u00bb global_colors_info=\u00bb{}\u00bb][et_pb_row column_structure=\u00bb1_2,1_2&#8243; _builder_version=\u00bb4.27.4&#8243; _module_preset=\u00bbdefault\u00bb custom_padding=\u00bb||0px|||\u00bb global_colors_info=\u00bb{}\u00bb][et_pb_column type=\u00bb1_2&#8243; _builder_version=\u00bb4.27.4&#8243; _module_preset=\u00bbdefault\u00bb global_colors_info=\u00bb{}\u00bb][et_pb_text _builder_version=\u00bb4.27.4&#8243; _module_preset=\u00bbdefault\u00bb text_text_color=\u00bb#000000&#8243; header_font=\u00bb&#8211;et_global_heading_font|600|||||||\u00bb header_letter_spacing=\u00bb0px\u00bb header_2_font=\u00bb||||||||\u00bb header_2_text_color=\u00bb#993365&#8243; global_colors_info=\u00bb{}\u00bb]<\/p>\n<h1>Villa exclusiva con piscina<\/h1>\n<p>\u00bfEst\u00e1 el club de a\u00f1o o la fraternidad celebrando otro lustro, est\u00e1 la sociedad organizando un viaje al extranjero, est\u00e1 el grupo de amigos preparado para una excursi\u00f3n, quiere la junta del pasado volver a salir juntos?<\/p>\n<p>El Molino Santisteban se presta perfectamente a ello. Completamente atendidos y as\u00ed desahogados, disfrutando unos de otros. De unos d\u00edas a una semana de relax, actividad, buena comida, bebida y todo ello en la intimidad y en un lugar maravilloso.  <\/p>\n<p>[\/et_pb_text][et_pb_button button_url=\u00bb#dag\u00bb button_text=\u00bbas\u00ed puede ser un d\u00eda\u00bb _builder_version=\u00bb4.27.4&#8243; _module_preset=\u00bbdefault\u00bb global_colors_info=\u00bb{}\u00bb][\/et_pb_button][\/et_pb_column][et_pb_column type=\u00bb1_2&#8243; _builder_version=\u00bb4.27.4&#8243; _module_preset=\u00bbdefault\u00bb global_colors_info=\u00bb{}\u00bb][et_pb_image src=\u00bbhttps:\/\/hotel-molino.com\/wp-content\/uploads\/2024\/12\/el-molino-santisteban-3.jpg\u00bb title_text=\u00bbel-molino-santisteban (3)\u00bb _builder_version=\u00bb4.27.4&#8243; _module_preset=\u00bbdefault\u00bb border_radii=\u00bbon|3px|3px|3px|3px\u00bb global_colors_info=\u00bb{}\u00bb][\/et_pb_image][\/et_pb_column][\/et_pb_row][et_pb_row column_structure=\u00bb1_5,3_5,1_5&#8243; _builder_version=\u00bb4.27.4&#8243; _module_preset=\u00bbdefault\u00bb global_colors_info=\u00bb{}\u00bb][et_pb_column type=\u00bb1_5&#8243; _builder_version=\u00bb4.27.4&#8243; _module_preset=\u00bbdefault\u00bb global_colors_info=\u00bb{}\u00bb][\/et_pb_column][et_pb_column type=\u00bb3_5&#8243; _builder_version=\u00bb4.27.4&#8243; _module_preset=\u00bbdefault\u00bb global_colors_info=\u00bb{}\u00bb][et_pb_testimonial author=\u00bbZoover\u00bb quote_icon_color=\u00bb#FFFFFF\u00bb quote_icon_background_color=\u00bb#993365&#8243; admin_label=\u00bbQuote\u00bb _builder_version=\u00bb4.27.4&#8243; _module_preset=\u00bbdefault\u00bb background_color=\u00bbRGBA(255,255,255,0)\u00bb box_shadow_style=\u00bbpreset1&#8243; global_colors_info=\u00bb{}\u00bb]<\/p>\n<p><em>\u00abCon un grupo de 14 amigas, vivimos una semana m\u00e1s que incre\u00edble en El Molino Santisteban\u00bb.<\/em><\/p>\n<p>[\/et_pb_testimonial][\/et_pb_column][et_pb_column type=\u00bb1_5&#8243; _builder_version=\u00bb4.27.4&#8243; _module_preset=\u00bbdefault\u00bb global_colors_info=\u00bb{}\u00bb][\/et_pb_column][\/et_pb_row][et_pb_row column_structure=\u00bb3_5,2_5&#8243; module_id=\u00bbdag\u00bb _builder_version=\u00bb4.27.4&#8243; _module_preset=\u00bbdefault\u00bb global_colors_info=\u00bb{}\u00bb][et_pb_column type=\u00bb3_5&#8243; _builder_version=\u00bb4.27.4&#8243; _module_preset=\u00bbdefault\u00bb global_colors_info=\u00bb{}\u00bb][et_pb_text admin_label=\u00bbHEISESSIE OF RETREAT\u00bb _builder_version=\u00bb4.27.4&#8243; _module_preset=\u00bbdefault\u00bb text_text_color=\u00bb#000000&#8243; header_font=\u00bb&#8211;et_global_heading_font|600|||||||\u00bb header_letter_spacing=\u00bb0px\u00bb header_2_text_color=\u00bb#000000&#8243; width_tablet=\u00bb850px\u00bb width_phone=\u00bb300px\u00bb width_last_edited=\u00bbon|phone\u00bb module_alignment=\u00bbcenter\u00bb hover_enabled=\u00bb0&#8243; global_colors_info=\u00bb{}\u00bb sticky_enabled=\u00bb0&#8243;]<\/p>\n<h1>As\u00ed puede ser un d\u00eda en la empresa<\/h1>\n<p>Desayuno completo junto a la piscina y un chapuz\u00f3n r\u00e1pido, haz la maleta para dirigirte al pueblo vecino para el descenso del r\u00edo (barranquismo\/canyoning) en El R\u00edo Grande, hermoso y variado descenso de unas tres horas. Despu\u00e9s, qu\u00edtate los trajes de neopreno y vete a comer al pueblo vecino. Hay una mesa preparada en la plaza con vistas panor\u00e1micas. Llegan a la mesa deliciosos platos tradicionales acompa\u00f1ados de tinto de verano.   <\/p>\n<p>Vuelve por la tarde al Molino para chapotear en la piscina, tumbarte al sol, hacer una presa en el r\u00edo, charlar en las terrazas o leer tranquilamente. El bar de autoservicio est\u00e1 a disposici\u00f3n de todos y, poco a poco, las copas empiezan a convertirse en una deliciosa cena bajo la higuera o en el jard\u00edn. \u00bfUna larga sobremesa, una discoteca en la casa de ba\u00f1os, cantar canciones, jugar o simplemente chapotear? Todo es posible: eres nuestro \u00fanico invitado y a la ma\u00f1ana siguiente &#8230;.. discutiremos a qu\u00e9 hora te gustar\u00eda reunirte con nosotros para desayunar.<\/p>\n<p>[\/et_pb_text][et_pb_button button_url=\u00bbhttps:\/\/hotel-molino.com\/es\/precios-alojamiento-y-desayuno-con-piscina-en-malaga-andalucia\/#groepen\u00bb button_text=\u00bbprecios\u00bb _builder_version=\u00bb4.27.4&#8243; _module_preset=\u00bbdefault\u00bb custom_padding=\u00bb2%|3%|2%|3%|true|true\u00bb global_colors_info=\u00bb{}\u00bb][\/et_pb_button][et_pb_text _builder_version=\u00bb4.27.4&#8243; _module_preset=\u00bbdefault\u00bb header_2_font=\u00bb||||||||\u00bb header_2_text_color=\u00bb#993365&#8243; global_colors_info=\u00bb{}\u00bb]<\/p>\n<h2 style=\"text-align: center;\">PERO TAMBI\u00c9N PUEDES&#8230;<\/h2>\n<p>[\/et_pb_text][\/et_pb_column][et_pb_column type=\u00bb2_5&#8243; _builder_version=\u00bb4.27.4&#8243; _module_preset=\u00bbdefault\u00bb global_colors_info=\u00bb{}\u00bb][et_pb_image src=\u00bbhttps:\/\/hotel-molino.com\/wp-content\/uploads\/2020\/12\/vakantie-villa-voor-groep-vriendinnen-in-andalusie.jpg\u00bb alt=\u00bbchalet de vacaciones para grupo de amigas en Andaluc\u00eda\u00bb title_text=\u00bbvacaciones-villa-para-grupo-amigos-en-andalusie\u00bb align=\u00bbcenter\u00bb _builder_version=\u00bb4.27.4&#8243; _module_preset=\u00bbdefault\u00bb custom_margin=\u00bb||27px|||\u00bb global_colors_info=\u00bb{}\u00bb][\/et_pb_image][\/et_pb_column][\/et_pb_row][et_pb_row column_structure=\u00bb1_3,1_3,1_3&#8243; _builder_version=\u00bb4.27.4&#8243; _module_preset=\u00bbdefault\u00bb global_colors_info=\u00bb{}\u00bb][et_pb_column type=\u00bb1_3&#8243; _builder_version=\u00bb4.27.4&#8243; _module_preset=\u00bbdefault\u00bb global_colors_info=\u00bb{}\u00bb][et_pb_blurb title=\u00bbda un buen paseo\u00bb use_icon=\u00bbon\u00bb font_icon=\u00bb&#xf00c;||fa||900&#8243; icon_placement=\u00bbleft\u00bb _builder_version=\u00bb4.27.4&#8243; _module_preset=\u00bbdefault\u00bb custom_margin=\u00bb||3%||false|false\u00bb global_colors_info=\u00bb{}\u00bb icon_color__hover=\u00bb#FE9A01&#8243; icon_color__hover_enabled=\u00bbon|desktop\u00bb][\/et_pb_blurb][et_pb_blurb title=\u00bbvisita una ciudad\u00bb use_icon=\u00bbon\u00bb font_icon=\u00bb&#xf00c;||fa||900&#8243; icon_placement=\u00bbleft\u00bb _builder_version=\u00bb4.27.4&#8243; _module_preset=\u00bbdefault\u00bb global_colors_info=\u00bb{}\u00bb icon_color__hover=\u00bb#FE9A01&#8243; icon_color__hover_enabled=\u00bbon|desktop\u00bb][\/et_pb_blurb][\/et_pb_column][et_pb_column type=\u00bb1_3&#8243; _builder_version=\u00bb4.27.4&#8243; _module_preset=\u00bbdefault\u00bb global_colors_info=\u00bb{}\u00bb][et_pb_blurb title=\u00bbalquiler de bicicletas y quads\u00bb use_icon=\u00bbon\u00bb font_icon=\u00bb&#xf00c;||fa||900&#8243; icon_placement=\u00bbleft\u00bb _builder_version=\u00bb4.27.4&#8243; _module_preset=\u00bbdefault\u00bb custom_margin=\u00bb||3%||false|false\u00bb global_colors_info=\u00bb{}\u00bb icon_color__hover_enabled=\u00bbon|desktop\u00bb icon_color__hover=\u00bb#FE9A01&#8243;][\/et_pb_blurb][et_pb_blurb title=\u00bbEmpezar con yoga por la ma\u00f1ana\u00bb use_icon=\u00bbon\u00bb font_icon=\u00bb&#xf00c;||fa||900&#8243; icon_placement=\u00bbleft\u00bb _builder_version=\u00bb4.27.4&#8243; _module_preset=\u00bbdefault\u00bb global_colors_info=\u00bb{}\u00bb icon_color__hover=\u00bb#FE9A01&#8243; icon_color__hover_enabled=\u00bbon|desktop\u00bb][\/et_pb_blurb][\/et_pb_column][et_pb_column type=\u00bb1_3&#8243; _builder_version=\u00bb4.27.4&#8243; _module_preset=\u00bbdefault\u00bb global_colors_info=\u00bb{}\u00bb][et_pb_blurb title=\u00bbreserva un masaje\u00bb use_icon=\u00bbon\u00bb font_icon=\u00bb&#xf00c;||fa||900&#8243; icon_placement=\u00bbleft\u00bb _builder_version=\u00bb4.27.4&#8243; _module_preset=\u00bbdefault\u00bb custom_margin=\u00bb||3%||false|false\u00bb global_colors_info=\u00bb{}\u00bb icon_color__hover_enabled=\u00bbon|desktop\u00bb icon_color__hover=\u00bb#FE9A01&#8243;][\/et_pb_blurb][et_pb_blurb title=\u00bbcocinar juntos\u00bb use_icon=\u00bbon\u00bb font_icon=\u00bb&#xf00c;||fa||900&#8243; icon_placement=\u00bbleft\u00bb _builder_version=\u00bb4.27.4&#8243; _module_preset=\u00bbdefault\u00bb global_colors_info=\u00bb{}\u00bb icon_color__hover=\u00bb#FE9A01&#8243; icon_color__hover_enabled=\u00bbon|desktop\u00bb][\/et_pb_blurb][\/et_pb_column][\/et_pb_row][et_pb_row _builder_version=\u00bb4.27.4&#8243; _module_preset=\u00bbdefault\u00bb custom_padding=\u00bb6px||0px|||\u00bb global_colors_info=\u00bb{}\u00bb][et_pb_column type=\u00bb4_4&#8243; _builder_version=\u00bb4.27.4&#8243; _module_preset=\u00bbdefault\u00bb global_colors_info=\u00bb{}\u00bb][et_pb_testimonial author=\u00bbZoover\u00bb quote_icon_color=\u00bb#FFFFFF\u00bb quote_icon_background_color=\u00bb#993365&#8243; admin_label=\u00bbQuote\u00bb _builder_version=\u00bb4.27.4&#8243; _module_preset=\u00bbdefault\u00bb background_color=\u00bbRGBA(255,255,255,0)\u00bb width=\u00bb650px\u00bb module_alignment=\u00bbcenter\u00bb hover_enabled=\u00bb0&#8243; box_shadow_style=\u00bbpreset1&#8243; global_colors_info=\u00bb{}\u00bb width_last_edited=\u00bbon|phone\u00bb width_phone=\u00bb300px\u00bb sticky_enabled=\u00bb0&#8243; width_tablet=\u00bb650px\u00bb]<\/p>\n<p><em>\u00abFant\u00e1stico lugar, fant\u00e1stica hospitalidad. Ideal para celebrar un buen fin de semana con 12 viejos amigos. Total libertad y a la vez completamente cuidados\u00bb.<\/em><\/p>\n<p>[\/et_pb_testimonial][et_pb_text _builder_version=\u00bb4.27.4&#8243; _module_preset=\u00bbdefault\u00bb header_font=\u00bb&#8211;et_global_heading_font|600|||||||\u00bb header_letter_spacing=\u00bb0px\u00bb header_2_font=\u00bb||||||||\u00bb header_2_text_color=\u00bb#000000&#8243; global_colors_info=\u00bb{}\u00bb]<\/p>\n<h1 style=\"text-align: center;\">Arreglos<\/h1>\n<h2 style=\"text-align: center;\">para una estancia inolvidable en Andaluc\u00eda<\/h2>\n<p>[\/et_pb_text][\/et_pb_column][\/et_pb_row][et_pb_row column_structure=\u00bb1_3,1_3,1_3&#8243; _builder_version=\u00bb4.27.4&#8243; _module_preset=\u00bbdefault\u00bb global_colors_info=\u00bb{}\u00bb][et_pb_column type=\u00bb1_3&#8243; _builder_version=\u00bb4.27.4&#8243; _module_preset=\u00bbdefault\u00bb global_colors_info=\u00bb{}\u00bb][et_pb_cta button_url=\u00bbhttps:\/\/hotel-molino.com\/es\/paquete-de-bicicletas-con-casa-de-vacaciones-en-andalucia\/\u00bb button_text=\u00bbPAQUETE CICLISMO\u00bb admin_label=\u00bbPAQUETE CICLISMO\u00bb _builder_version=\u00bb4.27.4&#8243; _module_preset=\u00bbdefault\u00bb background_enable_color=\u00bboff\u00bb background_image=\u00bbhttps:\/\/hotel-molino.com\/wp-content\/uploads\/2020\/12\/vakantiehuis-andalusie-fiets-arrangement.jpg\u00bb custom_button=\u00bbon\u00bb button_text_color=\u00bb#993365&#8243; button_bg_color=\u00bb#FFFFFF\u00bb button_border_radius=\u00bb0px\u00bb button_custom_margin=\u00bb50%||||false|false\u00bb min_height=\u00bb250px\u00bb link_option_url=\u00bbhttps:\/\/hotel-molino.com\/es\/paquete-de-bicicletas-con-casa-de-vacaciones-en-andalucia\/\u00bb global_module=\u00bb5023&#8243; saved_tabs=\u00bball\u00bb global_colors_info=\u00bb{}\u00bb][\/et_pb_cta][\/et_pb_column][et_pb_column type=\u00bb1_3&#8243; _builder_version=\u00bb4.27.4&#8243; _module_preset=\u00bbdefault\u00bb global_colors_info=\u00bb{}\u00bb][et_pb_cta button_url=\u00bbhttps:\/\/hotel-molino.com\/es\/paquete-de-senderismo-para-grupos\/\u00bb button_text=\u00bbPAQUETE SENDERISMO\u00bb admin_label=\u00bbPAQUETE SENDERISMO\u00bb _builder_version=\u00bb4.27.4&#8243; _module_preset=\u00bbdefault\u00bb background_enable_color=\u00bboff\u00bb background_image=\u00bbhttps:\/\/hotel-molino.com\/wp-content\/uploads\/2024\/12\/views-from-garden.jpg\u00bb custom_button=\u00bbon\u00bb button_text_color=\u00bb#993365&#8243; button_bg_color=\u00bb#FFFFFF\u00bb button_border_radius=\u00bb0px\u00bb button_custom_margin=\u00bb50%||||false|false\u00bb min_height=\u00bb250px\u00bb link_option_url=\u00bbhttps:\/\/hotel-molino.com\/es\/paquete-de-senderismo-para-grupos\/\u00bb border_radii=\u00bbon|3px|3px|3px|3px\u00bb global_module=\u00bb5030&#8243; saved_tabs=\u00bball\u00bb global_colors_info=\u00bb{}\u00bb][\/et_pb_cta][\/et_pb_column][et_pb_column type=\u00bb1_3&#8243; _builder_version=\u00bb4.27.4&#8243; _module_preset=\u00bbdefault\u00bb global_colors_info=\u00bb{}\u00bb][et_pb_cta button_url=\u00bbhttps:\/\/hotel-molino.com\/es\/paquete-culinario-para-grupos\/\u00bb button_text=\u00bbPAQUETE DE COCINA\u00bb admin_label=\u00bbpaquete de cocina\u00bb _builder_version=\u00bb4.27.4&#8243; _module_preset=\u00bbdefault\u00bb background_enable_color=\u00bboff\u00bb background_image=\u00bbhttps:\/\/hotel-molino.com\/wp-content\/uploads\/2020\/12\/vakantiehuis-andalusie-kook-arrangement.jpg\u00bb custom_button=\u00bbon\u00bb button_text_color=\u00bb#993365&#8243; button_bg_color=\u00bb#FFFFFF\u00bb button_border_radius=\u00bb0px\u00bb button_custom_margin=\u00bb50%||||false|false\u00bb min_height=\u00bb250px\u00bb link_option_url=\u00bbhttps:\/\/hotel-molino.com\/es\/paquete-culinario-para-grupos\/\u00bb global_module=\u00bb5037&#8243; saved_tabs=\u00bball\u00bb global_colors_info=\u00bb{}\u00bb][\/et_pb_cta][\/et_pb_column][\/et_pb_row][\/et_pb_section]<\/p>\n","protected":false},"excerpt":{"rendered":"<p>Lugar de ensue\u00f1o para vacaciones en grupo perfecto para reuniones, familias, grupos de amigos y celebraciones de aniversarios de hasta 14 personasVilla exclusiva con piscina \u00bfEst\u00e1 el club de a\u00f1o o la fraternidad celebrando otro lustro, est\u00e1 la sociedad organizando un viaje al extranjero, est\u00e1 el grupo de amigos preparado para una excursi\u00f3n, quiere la [&hellip;]<\/p>\n","protected":false},"author":1,"featured_media":3882,"parent":0,"menu_order":0,"comment_status":"closed","ping_status":"open","template":"","meta":{"_acf_changed":false,"_et_pb_use_builder":"on","_et_pb_old_content":"","_et_gb_content_width":"","footnotes":""},"class_list":["post-4928","page","type-page","status-publish","has-post-thumbnail","hentry"],"acf":[],"_links":{"self":[{"href":"https:\/\/hotel-molino.com\/es\/wp-json\/wp\/v2\/pages\/4928","targetHints":{"allow":["GET"]}}],"collection":[{"href":"https:\/\/hotel-molino.com\/es\/wp-json\/wp\/v2\/pages"}],"about":[{"href":"https:\/\/hotel-molino.com\/es\/wp-json\/wp\/v2\/types\/page"}],"author":[{"embeddable":true,"href":"https:\/\/hotel-molino.com\/es\/wp-json\/wp\/v2\/users\/1"}],"replies":[{"embeddable":true,"href":"https:\/\/hotel-molino.com\/es\/wp-json\/wp\/v2\/comments?post=4928"}],"version-history":[{"count":0,"href":"https:\/\/hotel-molino.com\/es\/wp-json\/wp\/v2\/pages\/4928\/revisions"}],"wp:featuredmedia":[{"embeddable":true,"href":"https:\/\/hotel-molino.com\/es\/wp-json\/wp\/v2\/media\/3882"}],"wp:attachment":[{"href":"https:\/\/hotel-molino.com\/es\/wp-json\/wp\/v2\/media?parent=4928"}],"curies":[{"name":"wp","href":"https:\/\/api.w.org\/{rel}","templated":true}]}}