{"id":4931,"date":"2020-12-18T00:59:15","date_gmt":"2020-12-17T23:59:15","guid":{"rendered":"https:\/\/newmolino.divitraining.nl\/gran-chalet-de-vacaciones-para-colegas-o-team-building-en-andalucia\/"},"modified":"2025-03-04T14:58:37","modified_gmt":"2025-03-04T13:58:37","slug":"gran-chalet-de-vacaciones-para-colegas-o-team-building-en-andalucia","status":"publish","type":"page","link":"https:\/\/hotel-molino.com\/es\/gran-chalet-de-vacaciones-para-colegas-o-team-building-en-andalucia\/","title":{"rendered":"Gran chalet de vacaciones para colegas o team building en Andaluc\u00eda"},"content":{"rendered":"<p>[et_pb_section fb_built=\u00bb1&#8243; disabled_on=\u00bboff|off|off\u00bb _builder_version=\u00bb4.27.4&#8243; _module_preset=\u00bbdefault\u00bb background_image=\u00bbhttps:\/\/hotel-molino.com\/wp-content\/uploads\/2020\/12\/vakantie-villa-in-Andalusie-met-vrienden-groep.jpg\u00bb background_position=\u00bbbottom_center\u00bb global_colors_info=\u00bb{}\u00bb][et_pb_row _builder_version=\u00bb4.27.4&#8243; _module_preset=\u00bbdefault\u00bb custom_margin=\u00bb10%||||false|false\u00bb global_colors_info=\u00bb{}\u00bb][et_pb_column type=\u00bb4_4&#8243; _builder_version=\u00bb4.27.4&#8243; _module_preset=\u00bbdefault\u00bb global_colors_info=\u00bb{}\u00bb][et_pb_text _builder_version=\u00bb4.27.4&#8243; _module_preset=\u00bbdefault\u00bb text_font=\u00bb|700|||||||\u00bb text_text_color=\u00bb#FFFFFF\u00bb text_font_size=\u00bb25px\u00bb text_letter_spacing=\u00bb1px\u00bb header_font=\u00bb&#8211;et_global_heading_font|600|||||||\u00bb header_text_align=\u00bbcenter\u00bb header_text_color=\u00bb#FFFFFF\u00bb header_font_size=\u00bb60px\u00bb header_letter_spacing=\u00bb0px\u00bb text_orientation=\u00bbcenter\u00bb hover_enabled=\u00bb0&#8243; text_text_shadow_style=\u00bbpreset1&#8243; header_text_shadow_style=\u00bbpreset1&#8243; header_text_shadow_color=\u00bbrgba(0,0,0,0.45)\u00bb global_colors_info=\u00bb{}\u00bb sticky_enabled=\u00bb0&#8243; header_font_size_last_edited=\u00bbon|phone\u00bb header_font_size_phone=\u00bb35px\u00bb text_font_size_last_edited=\u00bbon|phone\u00bb text_font_size_phone=\u00bb18px\u00bb text_letter_spacing_last_edited=\u00bbon|phone\u00bb text_letter_spacing_phone=\u00bb0px\u00bb header_font_size_tablet=\u00bb60px\u00bb text_font_size_tablet=\u00bb25px\u00bb text_letter_spacing_tablet=\u00bb1px\u00bb]<\/p>\n<h1>Lugar exclusivo para la formaci\u00f3n de equipos<\/h1>\n<p><em>Villa de lujo con piscina en Andaluc\u00eda para retiros de empresa, sesiones de sanaci\u00f3n y estancias en grupo<\/em><\/p>\n<p>[\/et_pb_text][\/et_pb_column][\/et_pb_row][et_pb_row use_custom_gutter=\u00bbon\u00bb gutter_width=\u00bb2&#8243; _builder_version=\u00bb4.27.4&#8243; _module_preset=\u00bbdefault\u00bb custom_margin=\u00bb0px||||false|false\u00bb custom_padding=\u00bb0px||||false|false\u00bb global_colors_info=\u00bb{}\u00bb][et_pb_column type=\u00bb4_4&#8243; _builder_version=\u00bb4.27.4&#8243; _module_preset=\u00bbdefault\u00bb global_colors_info=\u00bb{}\u00bb][et_pb_button button_url=\u00bb#leesmeer\u00bb button_text=\u00bbdescubrir m\u00e1s\u00bb button_alignment=\u00bbcenter\u00bb _builder_version=\u00bb4.27.4&#8243; _module_preset=\u00bbdefault\u00bb custom_padding=\u00bb1%|2%|1%|2%|true|true\u00bb global_colors_info=\u00bb{}\u00bb][\/et_pb_button][\/et_pb_column][\/et_pb_row][\/et_pb_section][et_pb_section fb_built=\u00bb1&#8243; module_id=\u00bbLeer m\u00e1s\u00bb _builder_version=\u00bb4.27.4&#8243; _module_preset=\u00bbdefault\u00bb global_colors_info=\u00bb{}\u00bb][et_pb_row column_structure=\u00bb1_2,1_2&#8243; _builder_version=\u00bb4.27.4&#8243; _module_preset=\u00bbdefault\u00bb custom_padding=\u00bb||0px|||\u00bb global_colors_info=\u00bb{}\u00bb][et_pb_column type=\u00bb1_2&#8243; _builder_version=\u00bb4.27.4&#8243; _module_preset=\u00bbdefault\u00bb global_colors_info=\u00bb{}\u00bb][et_pb_text _builder_version=\u00bb4.27.4&#8243; _module_preset=\u00bbdefault\u00bb text_text_color=\u00bb#000000&#8243; header_font=\u00bb&#8211;et_global_heading_font|600|||||||\u00bb header_letter_spacing=\u00bb0px\u00bb header_2_font=\u00bb||||||||\u00bb header_2_text_color=\u00bb#993365&#8243; global_colors_info=\u00bb{}\u00bb]<\/p>\n<h1>Villa exclusiva con piscina<\/h1>\n<p>\u00bfUna sesi\u00f3n de amarre en el sur de Espa\u00f1a, una reuni\u00f3n lejos de las preocupaciones cotidianas, una salida anual con la asociaci\u00f3n u organizar un retiro o una clase magistral?<\/p>\n<p>El Molino Santisteban se presta perfectamente a ello. Trabajar en la creaci\u00f3n de equipos, llegar a nuevas percepciones (personales) y establecer nuevos objetivos es algo de lo que te ocupas por completo y, por tanto, libre de preocupaciones. De unos d\u00edas a una semana de relajaci\u00f3n, actividad, buena comida y bebida en toda intimidad y paz.[\/et_pb_text][et_pb_button button_url=\u00bb#dag\u00bb button_text=\u00bbas\u00ed puede ser un d\u00eda\u00bb _builder_version=\u00bb4.27.4&#8243; _module_preset=\u00bbdefault\u00bb global_colors_info=\u00bb{}\u00bb][\/et_pb_button][\/et_pb_column][et_pb_column type=\u00bb1_2&#8243; _builder_version=\u00bb4.27.4&#8243; _module_preset=\u00bbdefault\u00bb global_colors_info=\u00bb{}\u00bb][et_pb_image src=\u00bbhttps:\/\/hotel-molino.com\/wp-content\/uploads\/2024\/12\/el-molino-santisteban-3.jpg\u00bb title_text=\u00bbel-molino-santisteban (3)\u00bb _builder_version=\u00bb4.27.4&#8243; _module_preset=\u00bbdefault\u00bb border_radii=\u00bbon|3px|3px|3px|3px\u00bb global_colors_info=\u00bb{}\u00bb][\/et_pb_image][\/et_pb_column][\/et_pb_row][et_pb_row column_structure=\u00bb1_5,3_5,1_5&#8243; _builder_version=\u00bb4.27.4&#8243; _module_preset=\u00bbdefault\u00bb global_colors_info=\u00bb{}\u00bb][et_pb_column type=\u00bb1_5&#8243; _builder_version=\u00bb4.27.4&#8243; _module_preset=\u00bbdefault\u00bb global_colors_info=\u00bb{}\u00bb][\/et_pb_column][et_pb_column type=\u00bb3_5&#8243; _builder_version=\u00bb4.27.4&#8243; _module_preset=\u00bbdefault\u00bb global_colors_info=\u00bb{}\u00bb][et_pb_testimonial author=\u00bbRetiro de reajuste para mujeres\u00bb quote_icon_color=\u00bb#FFFFFF\u00bb quote_icon_background_color=\u00bb#993365&#8243; admin_label=\u00bbQuote\u00bb _builder_version=\u00bb4.27.4&#8243; _module_preset=\u00bbdefault\u00bb background_color=\u00bbRGBA(255,255,255,0)\u00bb box_shadow_style=\u00bbpreset1&#8243; global_colors_info=\u00bb{}\u00bb]<em>\u00abLa ubicaci\u00f3n, las instalaciones y mi habitaci\u00f3n me parecieron muy positivas. Lo no masivo encajaba incre\u00edblemente bien con el retiro, me sent\u00ed segura y c\u00f3moda, a mis ojos exactamente lo que se necesita para que un retiro tenga \u00e9xito\u00bb<\/em>[\/et_pb_testimonial][\/et_pb_column][et_pb_column type=\u00bb1_5&#8243; _builder_version=\u00bb4.27.4&#8243; _module_preset=\u00bbdefault\u00bb global_colors_info=\u00bb{}\u00bb][\/et_pb_column][\/et_pb_row][et_pb_row column_structure=\u00bb3_5,2_5&#8243; module_id=\u00bbdag\u00bb _builder_version=\u00bb4.27.4&#8243; _module_preset=\u00bbdefault\u00bb global_colors_info=\u00bb{}\u00bb][et_pb_column type=\u00bb3_5&#8243; _builder_version=\u00bb4.27.4&#8243; _module_preset=\u00bbdefault\u00bb global_colors_info=\u00bb{}\u00bb][et_pb_text admin_label=\u00bbHEISESSIE OF RETREAT\u00bb _builder_version=\u00bb4.27.4&#8243; _module_preset=\u00bbdefault\u00bb text_text_color=\u00bb#000000&#8243; header_font=\u00bb&#8211;et_global_heading_font|600|||||||\u00bb header_letter_spacing=\u00bb0px\u00bb header_2_text_color=\u00bb#000000&#8243; width_tablet=\u00bb850px\u00bb width_phone=\u00bb300px\u00bb width_last_edited=\u00bbon|phone\u00bb module_alignment=\u00bbcenter\u00bb hover_enabled=\u00bb0&#8243; global_colors_info=\u00bb{}\u00bb sticky_enabled=\u00bb0&#8243;]<\/p>\n<h1>As\u00ed puede ser un d\u00eda en la empresa<\/h1>\n<p>La ma\u00f1ana comienza con una clase de yoga junto al r\u00edo, seguida de un desayuno completo. Despu\u00e9s, trabaja, consulta y presenta sin trabas en el hotel y sus alrededores. Hay t\u00e9, caf\u00e9 y refrescos disponibles durante todo el d\u00eda. Almuerzo con servicio de catering y chapuz\u00f3n en la piscina.   <\/p>\n<p>Programa continuado combinado con un masaje o una siesta. El d\u00eda termina con bebidas y aperitivos. Tras un poco de descanso, espacio y una ducha refrescante, la mesa est\u00e1 preparada con una deliciosa cena. Bajo el cielo estrellado, la charla continuar\u00e1 durante mucho tiempo&#8230;.   <\/p>\n<p>[\/et_pb_text][et_pb_button button_url=\u00bbhttps:\/\/hotel-molino.com\/es\/precios-alojamiento-y-desayuno-con-piscina-en-malaga-andalucia\/#groepen\u00bb button_text=\u00bbprecios\u00bb _builder_version=\u00bb4.27.4&#8243; _module_preset=\u00bbdefault\u00bb custom_padding=\u00bb2%|3%|2%|3%|true|true\u00bb global_colors_info=\u00bb{}\u00bb][\/et_pb_button][et_pb_text _builder_version=\u00bb4.27.4&#8243; _module_preset=\u00bbdefault\u00bb header_2_font=\u00bb||||||||\u00bb header_2_text_color=\u00bb#993365&#8243; global_colors_info=\u00bb{}\u00bb]<\/p>\n<h2 style=\"text-align: center;\">PERO TAMBI\u00c9N PUEDES&#8230;<\/h2>\n<p>[\/et_pb_text][\/et_pb_column][et_pb_column type=\u00bb2_5&#8243; _builder_version=\u00bb4.27.4&#8243; _module_preset=\u00bbdefault\u00bb global_colors_info=\u00bb{}\u00bb][et_pb_image src=\u00bbhttps:\/\/hotel-molino.com\/wp-content\/uploads\/2020\/12\/vakantie-villa-voor-retreat-teambuilding-in-andalusie.jpg\u00bb alt=\u00bbteam building y reuni\u00f3n en gran casa de vacaciones Andaluc\u00eda\u00bb title_text=\u00bbchalet-de-vacaciones-para-un-retiro-para-formar-un-equipo-en-andalusie\u00bb align=\u00bbcenter\u00bb _builder_version=\u00bb4.27.4&#8243; _module_preset=\u00bbdefault\u00bb custom_margin=\u00bb||27px|||\u00bb border_radii=\u00bbon|3px|3px|3px|3px\u00bb global_colors_info=\u00bb{}\u00bb][\/et_pb_image][\/et_pb_column][\/et_pb_row][et_pb_row column_structure=\u00bb1_3,1_3,1_3&#8243; _builder_version=\u00bb4.27.4&#8243; _module_preset=\u00bbdefault\u00bb global_colors_info=\u00bb{}\u00bb][et_pb_column type=\u00bb1_3&#8243; _builder_version=\u00bb4.27.4&#8243; _module_preset=\u00bbdefault\u00bb global_colors_info=\u00bb{}\u00bb][et_pb_blurb title=\u00bbda un buen paseo\u00bb use_icon=\u00bbon\u00bb font_icon=\u00bb&#xf00c;||fa||900&#8243; icon_placement=\u00bbleft\u00bb _builder_version=\u00bb4.27.4&#8243; _module_preset=\u00bbdefault\u00bb custom_margin=\u00bb||3%||false|false\u00bb global_colors_info=\u00bb{}\u00bb icon_color__hover=\u00bb#FE9A01&#8243; icon_color__hover_enabled=\u00bbon|desktop\u00bb][\/et_pb_blurb][et_pb_blurb title=\u00bba la playa\u00bb use_icon=\u00bbon\u00bb font_icon=\u00bb&#xf00c;||fa||900&#8243; icon_placement=\u00bbleft\u00bb _builder_version=\u00bb4.27.4&#8243; _module_preset=\u00bbdefault\u00bb global_colors_info=\u00bb{}\u00bb icon_color__hover=\u00bb#FE9A01&#8243; icon_color__hover_enabled=\u00bbon|desktop\u00bb][\/et_pb_blurb][\/et_pb_column][et_pb_column type=\u00bb1_3&#8243; _builder_version=\u00bb4.27.4&#8243; _module_preset=\u00bbdefault\u00bb global_colors_info=\u00bb{}\u00bb][et_pb_blurb title=\u00bbalquiler de bicicletas y quads\u00bb use_icon=\u00bbon\u00bb font_icon=\u00bb&#xf00c;||fa||900&#8243; icon_placement=\u00bbleft\u00bb _builder_version=\u00bb4.27.4&#8243; _module_preset=\u00bbdefault\u00bb custom_margin=\u00bb||3%||false|false\u00bb global_colors_info=\u00bb{}\u00bb icon_color__hover_enabled=\u00bbon|desktop\u00bb icon_color__hover=\u00bb#FE9A01&#8243;][\/et_pb_blurb][et_pb_blurb title=\u00bbbajar un r\u00edo\u00bb use_icon=\u00bbon\u00bb font_icon=\u00bb&#xf00c;||fa||900&#8243; icon_placement=\u00bbleft\u00bb _builder_version=\u00bb4.27.4&#8243; _module_preset=\u00bbdefault\u00bb global_colors_info=\u00bb{}\u00bb icon_color__hover=\u00bb#FE9A01&#8243; icon_color__hover_enabled=\u00bbon|desktop\u00bb][\/et_pb_blurb][\/et_pb_column][et_pb_column type=\u00bb1_3&#8243; _builder_version=\u00bb4.27.4&#8243; _module_preset=\u00bbdefault\u00bb global_colors_info=\u00bb{}\u00bb][et_pb_blurb title=\u00bbreserva un masaje\u00bb use_icon=\u00bbon\u00bb font_icon=\u00bb&#xf00c;||fa||900&#8243; icon_placement=\u00bbleft\u00bb _builder_version=\u00bb4.27.4&#8243; _module_preset=\u00bbdefault\u00bb custom_margin=\u00bb||3%||false|false\u00bb global_colors_info=\u00bb{}\u00bb icon_color__hover_enabled=\u00bbon|desktop\u00bb icon_color__hover=\u00bb#FE9A01&#8243;][\/et_pb_blurb][et_pb_blurb title=\u00bbcocinar juntos\u00bb use_icon=\u00bbon\u00bb font_icon=\u00bb&#xf00c;||fa||900&#8243; icon_placement=\u00bbleft\u00bb _builder_version=\u00bb4.27.4&#8243; _module_preset=\u00bbdefault\u00bb global_colors_info=\u00bb{}\u00bb icon_color__hover=\u00bb#FE9A01&#8243; icon_color__hover_enabled=\u00bbon|desktop\u00bb][\/et_pb_blurb][\/et_pb_column][\/et_pb_row][et_pb_row _builder_version=\u00bb4.27.4&#8243; _module_preset=\u00bbdefault\u00bb custom_padding=\u00bb6px||0px|||\u00bb global_colors_info=\u00bb{}\u00bb][et_pb_column type=\u00bb4_4&#8243; _builder_version=\u00bb4.27.4&#8243; _module_preset=\u00bbdefault\u00bb global_colors_info=\u00bb{}\u00bb][et_pb_testimonial author=\u00bbZoover\u00bb quote_icon_color=\u00bb#FFFFFF\u00bb quote_icon_background_color=\u00bb#993365&#8243; admin_label=\u00bbQuote\u00bb _builder_version=\u00bb4.27.4&#8243; _module_preset=\u00bbdefault\u00bb background_color=\u00bbRGBA(255,255,255,0)\u00bb width=\u00bb650px\u00bb module_alignment=\u00bbcenter\u00bb hover_enabled=\u00bb0&#8243; box_shadow_style=\u00bbpreset1&#8243; global_colors_info=\u00bb{}\u00bb width_last_edited=\u00bbon|phone\u00bb sticky_enabled=\u00bb0&#8243; width_phone=\u00bb300px\u00bb width_tablet=\u00bb650px\u00bb]<\/p>\n<p><em>\u00abFant\u00e1stico lugar, fant\u00e1stica hospitalidad. Ideal para celebrar un buen fin de semana con 12 viejos amigos. Total libertad y a la vez completamente cuidados\u00bb.<\/em><\/p>\n<p>[\/et_pb_testimonial][et_pb_text _builder_version=\u00bb4.27.4&#8243; _module_preset=\u00bbdefault\u00bb header_font=\u00bb&#8211;et_global_heading_font|600|||||||\u00bb header_letter_spacing=\u00bb0px\u00bb header_2_font=\u00bb||||||||\u00bb header_2_text_color=\u00bb#000000&#8243; global_colors_info=\u00bb{}\u00bb]<\/p>\n<h1 style=\"text-align: center;\">Arreglos<\/h1>\n<h2 style=\"text-align: center;\">para una estancia inolvidable en Andaluc\u00eda<\/h2>\n<p>[\/et_pb_text][\/et_pb_column][\/et_pb_row][et_pb_row column_structure=\u00bb1_3,1_3,1_3&#8243; _builder_version=\u00bb4.27.4&#8243; _module_preset=\u00bbdefault\u00bb global_colors_info=\u00bb{}\u00bb][et_pb_column type=\u00bb1_3&#8243; _builder_version=\u00bb4.27.4&#8243; _module_preset=\u00bbdefault\u00bb global_colors_info=\u00bb{}\u00bb][et_pb_cta button_url=\u00bbhttps:\/\/hotel-molino.com\/es\/paquete-de-bicicletas-con-casa-de-vacaciones-en-andalucia\/\u00bb button_text=\u00bbPAQUETE CICLISMO\u00bb admin_label=\u00bbPAQUETE CICLISMO\u00bb _builder_version=\u00bb4.27.4&#8243; _module_preset=\u00bbdefault\u00bb background_enable_color=\u00bboff\u00bb background_image=\u00bbhttps:\/\/hotel-molino.com\/wp-content\/uploads\/2020\/12\/vakantiehuis-andalusie-fiets-arrangement.jpg\u00bb custom_button=\u00bbon\u00bb button_text_color=\u00bb#993365&#8243; button_bg_color=\u00bb#FFFFFF\u00bb button_border_radius=\u00bb0px\u00bb button_custom_margin=\u00bb50%||||false|false\u00bb min_height=\u00bb250px\u00bb link_option_url=\u00bbhttps:\/\/hotel-molino.com\/es\/paquete-de-bicicletas-con-casa-de-vacaciones-en-andalucia\/\u00bb global_module=\u00bb5023&#8243; saved_tabs=\u00bball\u00bb global_colors_info=\u00bb{}\u00bb][\/et_pb_cta][\/et_pb_column][et_pb_column type=\u00bb1_3&#8243; _builder_version=\u00bb4.27.4&#8243; _module_preset=\u00bbdefault\u00bb global_colors_info=\u00bb{}\u00bb][et_pb_cta button_url=\u00bbhttps:\/\/hotel-molino.com\/es\/paquete-de-senderismo-para-grupos\/\u00bb button_text=\u00bbPAQUETE SENDERISMO\u00bb admin_label=\u00bbPAQUETE SENDERISMO\u00bb _builder_version=\u00bb4.27.4&#8243; _module_preset=\u00bbdefault\u00bb background_enable_color=\u00bboff\u00bb background_image=\u00bbhttps:\/\/hotel-molino.com\/wp-content\/uploads\/2024\/12\/views-from-garden.jpg\u00bb custom_button=\u00bbon\u00bb button_text_color=\u00bb#993365&#8243; button_bg_color=\u00bb#FFFFFF\u00bb button_border_radius=\u00bb0px\u00bb button_custom_margin=\u00bb50%||||false|false\u00bb min_height=\u00bb250px\u00bb link_option_url=\u00bbhttps:\/\/hotel-molino.com\/es\/paquete-de-senderismo-para-grupos\/\u00bb border_radii=\u00bbon|3px|3px|3px|3px\u00bb global_module=\u00bb5030&#8243; saved_tabs=\u00bball\u00bb global_colors_info=\u00bb{}\u00bb][\/et_pb_cta][\/et_pb_column][et_pb_column type=\u00bb1_3&#8243; _builder_version=\u00bb4.27.4&#8243; _module_preset=\u00bbdefault\u00bb global_colors_info=\u00bb{}\u00bb][et_pb_cta button_url=\u00bbhttps:\/\/hotel-molino.com\/es\/paquete-culinario-para-grupos\/\u00bb button_text=\u00bbPAQUETE DE COCINA\u00bb admin_label=\u00bbpaquete de cocina\u00bb _builder_version=\u00bb4.27.4&#8243; _module_preset=\u00bbdefault\u00bb background_enable_color=\u00bboff\u00bb background_image=\u00bbhttps:\/\/hotel-molino.com\/wp-content\/uploads\/2020\/12\/vakantiehuis-andalusie-kook-arrangement.jpg\u00bb custom_button=\u00bbon\u00bb button_text_color=\u00bb#993365&#8243; button_bg_color=\u00bb#FFFFFF\u00bb button_border_radius=\u00bb0px\u00bb button_custom_margin=\u00bb50%||||false|false\u00bb min_height=\u00bb250px\u00bb link_option_url=\u00bbhttps:\/\/hotel-molino.com\/es\/paquete-culinario-para-grupos\/\u00bb global_module=\u00bb5037&#8243; saved_tabs=\u00bball\u00bb global_colors_info=\u00bb{}\u00bb][\/et_pb_cta][\/et_pb_column][\/et_pb_row][\/et_pb_section]<\/p>\n","protected":false},"excerpt":{"rendered":"<p>Lugar exclusivo para la formaci\u00f3n de equipos Villa de lujo con piscina en Andaluc\u00eda para retiros de empresa, sesiones de sanaci\u00f3n y estancias en grupoVilla exclusiva con piscina \u00bfUna sesi\u00f3n de amarre en el sur de Espa\u00f1a, una reuni\u00f3n lejos de las preocupaciones cotidianas, una salida anual con la asociaci\u00f3n u organizar un retiro o [&hellip;]<\/p>\n","protected":false},"author":1,"featured_media":3910,"parent":0,"menu_order":0,"comment_status":"closed","ping_status":"closed","template":"","meta":{"_acf_changed":false,"_et_pb_use_builder":"on","_et_pb_old_content":"","_et_gb_content_width":"","footnotes":""},"class_list":["post-4931","page","type-page","status-publish","has-post-thumbnail","hentry"],"acf":[],"_links":{"self":[{"href":"https:\/\/hotel-molino.com\/es\/wp-json\/wp\/v2\/pages\/4931","targetHints":{"allow":["GET"]}}],"collection":[{"href":"https:\/\/hotel-molino.com\/es\/wp-json\/wp\/v2\/pages"}],"about":[{"href":"https:\/\/hotel-molino.com\/es\/wp-json\/wp\/v2\/types\/page"}],"author":[{"embeddable":true,"href":"https:\/\/hotel-molino.com\/es\/wp-json\/wp\/v2\/users\/1"}],"replies":[{"embeddable":true,"href":"https:\/\/hotel-molino.com\/es\/wp-json\/wp\/v2\/comments?post=4931"}],"version-history":[{"count":0,"href":"https:\/\/hotel-molino.com\/es\/wp-json\/wp\/v2\/pages\/4931\/revisions"}],"wp:featuredmedia":[{"embeddable":true,"href":"https:\/\/hotel-molino.com\/es\/wp-json\/wp\/v2\/media\/3910"}],"wp:attachment":[{"href":"https:\/\/hotel-molino.com\/es\/wp-json\/wp\/v2\/media?parent=4931"}],"curies":[{"name":"wp","href":"https:\/\/api.w.org\/{rel}","templated":true}]}}