{"id":5303,"date":"2024-12-07T15:32:00","date_gmt":"2024-12-07T14:32:00","guid":{"rendered":"https:\/\/newmolino.divitraining.nl\/privacidad\/"},"modified":"2024-12-07T15:32:37","modified_gmt":"2024-12-07T14:32:37","slug":"privacidad","status":"publish","type":"page","link":"https:\/\/hotel-molino.com\/es\/privacidad\/","title":{"rendered":"Privacidad"},"content":{"rendered":"<p>[et_pb_section fb_built=\u00bb1&#8243; _builder_version=\u00bb4.27.4&#8243; _module_preset=\u00bbdefault\u00bb global_colors_info=\u00bb{}\u00bb theme_builder_area=\u00bbpost_content\u00bb][et_pb_row column_structure=\u00bb3_4,1_4&#8243; _builder_version=\u00bb4.27.4&#8243; _module_preset=\u00bbdefault\u00bb global_colors_info=\u00bb{}\u00bb theme_builder_area=\u00bbpost_content\u00bb][et_pb_column type=\u00bb3_4&#8243; _builder_version=\u00bb4.27.4&#8243; _module_preset=\u00bbdefault\u00bb global_colors_info=\u00bb{}\u00bb theme_builder_area=\u00bbpost_content\u00bb][et_pb_text _builder_version=\u00bb4.27.4&#8243; _module_preset=\u00bbdefault\u00bb theme_builder_area=\u00bbpost_content\u00bb hover_enabled=\u00bb0&#8243; sticky_enabled=\u00bb0&#8243;]<\/p>\n<h1>Pol\u00edtica de privacidad<\/h1>\n<p>El Molino Santisteban, con domicilio en Crta A366, km 50-51 29108 Guaro M\u00e1laga, es responsable del tratamiento de los datos personales reflejados en esta declaraci\u00f3n de privacidad.<\/p>\n<p>D<strong>atos de contacto:<\/strong> https:\/\/hotel-molino.com\/ Crta A366, km 50-51 29108 Guaro M\u00e1laga +34 627 077 513 Gerard Sieverts &amp; Madeline Goedkoop es el Responsable de Protecci\u00f3n de Datos de El Molino Santisteban Se le puede localizar en info@hotel-molino.com<\/p>\n<p>Datos personales que tratamos El Molino Santisteban trata tus datos personales porque utilizas nuestros servicios y\/o porque t\u00fa mismo nos los facilitas.<\/p>\n<p>A continuaci\u00f3n se ofrece un resumen de los datos personales que tratamos: &#8211; Nombre y apellidos &#8211; Datos de direcci\u00f3n &#8211; N\u00famero de tel\u00e9fono &#8211; Direcci\u00f3n de correo electr\u00f3nico<\/p>\n<p>Datos personales especiales y\/o sensibles que tratamos Nuestro sitio web y\/o servicio no pretende recoger datos de visitantes del sitio web menores de 16 a\u00f1os. A menos que tengan permiso de sus padres o tutores. Sin embargo, no podemos verificar si un visitante es mayor de 16 a\u00f1os. Por lo tanto, aconsejamos a los padres que se impliquen en las actividades en l\u00ednea de sus hijos para evitar la recogida de datos de menores sin el consentimiento paterno. Si est\u00e1s convencido de que hemos recopilado datos personales de un menor sin dicho consentimiento, ponte en contacto con nosotros en info@hotel-molino.com y eliminaremos esta informaci\u00f3n.    <\/p>\n<p>Con qu\u00e9 finalidad y en base a qu\u00e9 tratamos los datos personales El Molino Santisteban trata tus datos personales con las siguientes finalidades: &#8211; Gestionar tu pago &#8211; Poder llamarte o enviarte un correo electr\u00f3nico si es necesario para llevar a cabo nuestros servicios &#8211; El Molino Santisteban tambi\u00e9n trata datos personales si estamos legalmente obligados a hacerlo, como los datos que necesitamos para nuestra declaraci\u00f3n de la renta.<\/p>\n<p>Toma de decisiones automatizadas El Molino Santisteban toma #decisiones de responsabilidad basadas en un tratamiento automatizado sobre asuntos que podr\u00edan afectar (significativamente) a las personas. Se trata de decisiones tomadas por programas o sistemas inform\u00e1ticos, sin que intervenga un ser humano (por ejemplo, un empleado de El Molino Santisteban). El Molino Santisteban utiliza los siguientes programas o sistemas inform\u00e1ticos:  <\/p>\n<p>#use_explanation<\/p>\n<p>Cu\u00e1nto tiempo conservamos los datos personales<\/p>\n<p>El Molino Santisteban no conserva tus datos personales durante m\u00e1s tiempo del estrictamente necesario para cumplir los fines para los que se recogieron tus datos. Utilizamos los siguientes periodos de conservaci\u00f3n para las siguientes (categor\u00edas de) datos personales: <\/p>\n<p>#retention_period<\/p>\n<p>Compartir datos personales con terceros<\/p>\n<p>El Molino Santisteban no vende tus datos a terceros y s\u00f3lo los facilitar\u00e1 si es necesario para el cumplimiento de nuestro acuerdo contigo o para cumplir una obligaci\u00f3n legal. Celebramos un acuerdo de encargado del tratamiento con las empresas que procesan tus datos en nuestro nombre para garantizar el mismo nivel de seguridad y confidencialidad de tus datos. El Molino Santisteban sigue siendo responsable de este tratamiento.  <\/p>\n<p>Cookies, o t\u00e9cnicas similares, que utilizamos El Molino Santisteban utiliza cookies funcionales, anal\u00edticas y de seguimiento. Una cookie es un peque\u00f1o archivo de texto que se almacena en el navegador de tu ordenador, tableta o smartphone la primera vez que visitas este sitio web. El Molino Santisteban utiliza cookies con una funcionalidad puramente t\u00e9cnica. \u00c9stas garantizan que el sitio web funcione correctamente y que, por ejemplo, se recuerden tus preferencias. Estas cookies tambi\u00e9n se utilizan para que el sitio web funcione correctamente y para optimizarlo. Adem\u00e1s, colocamos cookies que rastrean tu comportamiento de navegaci\u00f3n para poder ofrecerte contenidos y anuncios personalizados.     <\/p>\n<p>En tu primera visita a nuestro sitio web, ya te hemos informado sobre estas cookies y te hemos pedido permiso para instalarlas.<\/p>\n<p>Puedes rechazar las cookies configurando tu navegador de Internet para que deje de almacenarlas. Adem\u00e1s, tambi\u00e9n puedes eliminar cualquier informaci\u00f3n almacenada previamente a trav\u00e9s de la configuraci\u00f3n de tu navegador. <\/p>\n<p>Para una explicaci\u00f3n, consulta: https:\/\/veiliginternetten.nl\/themes\/situatie\/cookies-wat-zijn-het-en-wat-doe-ik-ermee\/<\/p>\n<p>Ver, rectificar o suprimir datos Tienes derecho a ver, rectificar o suprimir tus datos personales. Adem\u00e1s, tienes derecho a retirar tu posible consentimiento al tratamiento de datos u oponerte al tratamiento de tus datos personales por parte de El Molino Santisteban y tienes derecho a la portabilidad de los datos. Esto significa que puedes presentarnos una solicitud para que te enviemos los datos personales que tenemos sobre ti en un archivo inform\u00e1tico a ti o a otra organizaci\u00f3n nombrada por ti.  <\/p>\n<p>Puedes enviar una solicitud de acceso, rectificaci\u00f3n, supresi\u00f3n, portabilidad de tus datos personales o solicitar la revocaci\u00f3n de tu consentimiento u oposici\u00f3n al tratamiento de tus datos personales a info@hotel-molino.com.<\/p>\n<p>Para asegurarnos de que la solicitud de inspecci\u00f3n la has hecho t\u00fa, te pedimos que env\u00edes una copia de tu documento de identidad junto con la solicitud. En esta copia, tacha la foto de tu pasaporte, la MRZ (zona legible por m\u00e1quina, la franja de n\u00fameros en la parte inferior del pasaporte), el n\u00famero de pasaporte y el N\u00famero de Atenci\u00f3n al Ciudadano (BSN). Esto es para proteger tu intimidad. Responderemos a tu solicitud lo antes posible, pero en un plazo m\u00e1ximo de cuatro semanas.   <\/p>\n<p>El Molino Santisteban tambi\u00e9n desea informarte de que tienes la posibilidad de presentar una reclamaci\u00f3n ante el regulador nacional, la Autoridad de Datos Personales. Puedes hacerlo a trav\u00e9s del siguiente enlace: https:\/\/autoriteitpersoonsgegevens.nl\/nl\/contact-met-de-autoriteit-persoonsgegevens\/tip-ons <\/p>\n<p>C\u00f3mo protegemos los datos personales El Molino Santisteban se toma en serio la protecci\u00f3n de tus datos y adopta las medidas adecuadas para protegerlos contra el uso indebido, la p\u00e9rdida, el acceso no autorizado, la divulgaci\u00f3n no deseada y la modificaci\u00f3n no autorizada. Si crees que tus datos no est\u00e1n debidamente protegidos o hay indicios de uso indebido, ponte en contacto con nuestro servicio de atenci\u00f3n al cliente o a trav\u00e9s de info@hotel-molino.com. <\/p>\n<p>[\/et_pb_text][et_pb_button button_url=\u00bbhttps:\/\/hotel-molino.com\/wp-content\/uploads\/2024\/11\/privacy_statement_21-11-2024.pdf\u00bb button_text=\u00bbDescargar PDF\u00bb _builder_version=\u00bb4.27.4&#8243; _module_preset=\u00bbdefault\u00bb hover_enabled=\u00bb0&#8243; global_colors_info=\u00bb{}\u00bb theme_builder_area=\u00bbpost_content\u00bb sticky_enabled=\u00bb0&#8243;][\/et_pb_button][\/et_pb_column][et_pb_column type=\u00bb1_4&#8243; _builder_version=\u00bb4.27.4&#8243; _module_preset=\u00bbdefault\u00bb global_colors_info=\u00bb{}\u00bb theme_builder_area=\u00bbpost_content\u00bb][et_pb_team_member admin_label=\u00bbEl Molino Santisteban\u00bb _builder_version=\u00bb4.27.4&#8243; _module_preset=\u00bbdefault\u00bb global_module=\u00bb4283&#8243; saved_tabs=\u00bball\u00bb global_colors_info=\u00bb{}\u00bb theme_builder_area=\u00bbpost_content\u00bb]<\/p>\n<p><img loading=\"lazy\" decoding=\"async\" src=\"https:\/\/hotel-molino.com\/wp-content\/uploads\/2020\/03\/logo-hotel-bnb-El-Molino-Santisteban-header-1.png\" width=\"100\" height=\"150\" alt=\"Hotel bnb El Molino Santisteban\" class=\"wp-image-545 alignnone size-full\" title=\"bed-breakfast-zwembad-hotel\"><\/p>\n<p>El Molino Santisteban<br \/>Gerard &amp; Madeline<br \/>Crta A366, km 50-51<br \/>29108 Guaro, Malaga<\/p>\n<p>Telefoon: <a href=\"tel:+34952453748\">+34 952 45 37 48<\/a><br \/>Telefoon: <a href=\"tel:+34672468396\">+34 6 724 68 396<\/a><br \/>Email: <a href=\"mailto:info@hotel-molino.com\">info@hotel-molino.com<\/a><\/p>\n<p>[\/et_pb_team_member][et_pb_button button_url=\u00bbhttps:\/\/hotel-molino.com\/wp-content\/uploads\/2024\/11\/privacy_statement_21-11-2024.pdf\u00bb button_text=\u00bbDescargar PDF\u00bb _builder_version=\u00bb4.27.4&#8243; _module_preset=\u00bbdefault\u00bb hover_enabled=\u00bb0&#8243; global_colors_info=\u00bb{}\u00bb theme_builder_area=\u00bbpost_content\u00bb sticky_enabled=\u00bb0&#8243;][\/et_pb_button][et_pb_button button_url=\u00bbhttps:\/\/hotel-molino.com\/es\/condiciones\/\u00bb button_text=\u00bbCondiciones\u00bb _builder_version=\u00bb4.27.4&#8243; _module_preset=\u00bbdefault\u00bb hover_enabled=\u00bb0&#8243; global_colors_info=\u00bb{}\u00bb theme_builder_area=\u00bbpost_content\u00bb sticky_enabled=\u00bb0&#8243;][\/et_pb_button][\/et_pb_column][\/et_pb_row][\/et_pb_section][et_pb_section fb_built=\u00bb1&#8243; fullwidth=\u00bbon\u00bb _builder_version=\u00bb4.27.4&#8243; _module_preset=\u00bbdefault\u00bb global_colors_info=\u00bb{}\u00bb theme_builder_area=\u00bbpost_content\u00bb][et_pb_fullwidth_image src=\u00bbhttps:\/\/hotel-molino.com\/wp-content\/uploads\/2024\/12\/el-molino-santisteban-3.jpg\u00bb title_text=\u00bbel-molino-santisteban (3)\u00bb _builder_version=\u00bb4.27.4&#8243; _module_preset=\u00bbdefault\u00bb hover_enabled=\u00bb0&#8243; global_colors_info=\u00bb{}\u00bb theme_builder_area=\u00bbpost_content\u00bb sticky_enabled=\u00bb0&#8243;][\/et_pb_fullwidth_image][\/et_pb_section]<\/p>\n","protected":false},"excerpt":{"rendered":"<p>Pol\u00edtica de privacidad El Molino Santisteban, con domicilio en Crta A366, km 50-51 29108 Guaro M\u00e1laga, es responsable del tratamiento de los datos personales reflejados en esta declaraci\u00f3n de privacidad. Datos de contacto: https:\/\/hotel-molino.com\/ Crta A366, km 50-51 29108 Guaro M\u00e1laga +34 627 077 513 Gerard Sieverts &amp; Madeline Goedkoop es el Responsable de Protecci\u00f3n [&hellip;]<\/p>\n","protected":false},"author":1,"featured_media":0,"parent":0,"menu_order":0,"comment_status":"closed","ping_status":"closed","template":"","meta":{"_acf_changed":false,"_et_pb_use_builder":"on","_et_pb_old_content":"","_et_gb_content_width":"","footnotes":""},"class_list":["post-5303","page","type-page","status-publish","hentry"],"acf":[],"_links":{"self":[{"href":"https:\/\/hotel-molino.com\/es\/wp-json\/wp\/v2\/pages\/5303","targetHints":{"allow":["GET"]}}],"collection":[{"href":"https:\/\/hotel-molino.com\/es\/wp-json\/wp\/v2\/pages"}],"about":[{"href":"https:\/\/hotel-molino.com\/es\/wp-json\/wp\/v2\/types\/page"}],"author":[{"embeddable":true,"href":"https:\/\/hotel-molino.com\/es\/wp-json\/wp\/v2\/users\/1"}],"replies":[{"embeddable":true,"href":"https:\/\/hotel-molino.com\/es\/wp-json\/wp\/v2\/comments?post=5303"}],"version-history":[{"count":0,"href":"https:\/\/hotel-molino.com\/es\/wp-json\/wp\/v2\/pages\/5303\/revisions"}],"wp:attachment":[{"href":"https:\/\/hotel-molino.com\/es\/wp-json\/wp\/v2\/media?parent=5303"}],"curies":[{"name":"wp","href":"https:\/\/api.w.org\/{rel}","templated":true}]}}