{"id":5417,"date":"2024-12-07T15:56:22","date_gmt":"2024-12-07T14:56:22","guid":{"rendered":"https:\/\/newmolino.divitraining.nl\/paquete-culinario-para-grupos\/"},"modified":"2025-02-26T11:03:12","modified_gmt":"2025-02-26T10:03:12","slug":"paquete-culinario-para-grupos","status":"publish","type":"page","link":"https:\/\/hotel-molino.com\/es\/paquete-culinario-para-grupos\/","title":{"rendered":"PAQUETE CULINARIO PARA GRUPOS"},"content":{"rendered":"<p>[et_pb_section fb_built=\u00bb1&#8243; disabled_on=\u00bboff|off|off\u00bb _builder_version=\u00bb4.27.4&#8243; _module_preset=\u00bbdefault\u00bb background_image=\u00bbhttps:\/\/hotel-molino.com\/wp-content\/uploads\/2020\/12\/vakantie-villa-in-Andalusie-met-kook-arrangement.jpg\u00bb background_position=\u00bbbottom_center\u00bb global_colors_info=\u00bb{}\u00bb][et_pb_row _builder_version=\u00bb4.27.4&#8243; _module_preset=\u00bbdefault\u00bb custom_margin=\u00bb10%||||false|false\u00bb global_colors_info=\u00bb{}\u00bb][et_pb_column type=\u00bb4_4&#8243; _builder_version=\u00bb4.27.4&#8243; _module_preset=\u00bbdefault\u00bb global_colors_info=\u00bb{}\u00bb][et_pb_text _builder_version=\u00bb4.27.4&#8243; _module_preset=\u00bbdefault\u00bb text_font=\u00bb|700|||||||\u00bb text_text_color=\u00bb#FFFFFF\u00bb text_font_size=\u00bb25px\u00bb text_letter_spacing=\u00bb1px\u00bb header_font=\u00bb&#8211;et_global_heading_font|600|||||||\u00bb header_text_align=\u00bbcenter\u00bb header_text_color=\u00bb#FFFFFF\u00bb header_font_size=\u00bb60px\u00bb header_letter_spacing=\u00bb0px\u00bb text_orientation=\u00bbcenter\u00bb hover_enabled=\u00bb0&#8243; text_text_shadow_style=\u00bbpreset1&#8243; header_text_shadow_style=\u00bbpreset1&#8243; header_text_shadow_color=\u00bbrgba(0,0,0,0.45)\u00bb global_colors_info=\u00bb{}\u00bb text_font_size_last_edited=\u00bbon|phone\u00bb sticky_enabled=\u00bb0&#8243; text_font_size_phone=\u00bb18px\u00bb text_letter_spacing_last_edited=\u00bbon|phone\u00bb text_letter_spacing_phone=\u00bb0px\u00bb header_font_size_last_edited=\u00bbon|phone\u00bb header_font_size_phone=\u00bb35px\u00bb text_font_size_tablet=\u00bb25px\u00bb text_letter_spacing_tablet=\u00bb1px\u00bb header_font_size_tablet=\u00bb60px\u00bb]<\/p>\n<h1>Taller de cocina culinaria en Andaluc\u00eda<\/h1>\n<p><em>Una experiencia gustativa \u00fanica en aut\u00e9nticos ambientes espa\u00f1oles<\/em><\/p>\n<p>&nbsp;<\/p>\n<p>[\/et_pb_text][\/et_pb_column][\/et_pb_row][et_pb_row use_custom_gutter=\u00bbon\u00bb gutter_width=\u00bb2&#8243; _builder_version=\u00bb4.27.4&#8243; _module_preset=\u00bbdefault\u00bb custom_margin=\u00bb0px||||false|false\u00bb custom_padding=\u00bb0px||||false|false\u00bb global_colors_info=\u00bb{}\u00bb][et_pb_column type=\u00bb4_4&#8243; _builder_version=\u00bb4.27.4&#8243; _module_preset=\u00bbdefault\u00bb global_colors_info=\u00bb{}\u00bb][et_pb_button button_url=\u00bb#leesmeer\u00bb button_text=\u00bbdescubrir m\u00e1s\u00bb button_alignment=\u00bbcenter\u00bb _builder_version=\u00bb4.27.4&#8243; _module_preset=\u00bbdefault\u00bb custom_padding=\u00bb1%|3%|1%|3%|true|true\u00bb global_colors_info=\u00bb{}\u00bb][\/et_pb_button][\/et_pb_column][\/et_pb_row][\/et_pb_section][et_pb_section fb_built=\u00bb1&#8243; module_id=\u00bbLeer m\u00e1s\u00bb _builder_version=\u00bb4.27.4&#8243; _module_preset=\u00bbdefault\u00bb custom_padding=\u00bb||0px|||\u00bb collapsed=\u00bboff\u00bb global_colors_info=\u00bb{}\u00bb][et_pb_row _builder_version=\u00bb4.27.4&#8243; _module_preset=\u00bbdefault\u00bb custom_padding=\u00bb4px||5px|||\u00bb global_colors_info=\u00bb{}\u00bb][et_pb_column type=\u00bb4_4&#8243; _builder_version=\u00bb4.27.4&#8243; _module_preset=\u00bbdefault\u00bb global_colors_info=\u00bb{}\u00bb][et_pb_text _builder_version=\u00bb4.27.4&#8243; _module_preset=\u00bbdefault\u00bb text_text_color=\u00bb#000000&#8243; header_font=\u00bb&#8211;et_global_heading_font|600|||||||\u00bb header_letter_spacing=\u00bb0px\u00bb global_colors_info=\u00bb{}\u00bb]<\/p>\n<h1>Paquete culinario para grupos<\/h1>\n<p>El d\u00eda de tu llegada, se te dar\u00e1 la bienvenida y habr\u00e1 tiempo para disfrutar de todo lo que ofrece El Molino Santisteban. Dependiendo de tu hora de llegada, podemos ofrecerte el almuerzo. Por la noche, se servir\u00e1 un men\u00fa de 3 platos en el jard\u00edn o bajo la higuera.[\/et_pb_text][\/et_pb_column][\/et_pb_row][et_pb_row column_structure=\u00bb1_5,3_5,1_5&#8243; _builder_version=\u00bb4.27.4&#8243; _module_preset=\u00bbdefault\u00bb global_colors_info=\u00bb{}\u00bb][et_pb_column type=\u00bb1_5&#8243; _builder_version=\u00bb4.27.4&#8243; _module_preset=\u00bbdefault\u00bb global_colors_info=\u00bb{}\u00bb][\/et_pb_column][et_pb_column type=\u00bb3_5&#8243; _builder_version=\u00bb4.27.4&#8243; _module_preset=\u00bbdefault\u00bb global_colors_info=\u00bb{}\u00bb][et_pb_testimonial author=\u00bbFacebook 2017&#8243; quote_icon_color=\u00bb#FFFFFF\u00bb quote_icon_background_color=\u00bb#993365&#8243; admin_label=\u00bbQuote\u00bb _builder_version=\u00bb4.27.4&#8243; _module_preset=\u00bbdefault\u00bb background_color=\u00bbRGBA(255,255,255,0)\u00bb box_shadow_style=\u00bbpreset1&#8243; global_colors_info=\u00bb{}\u00bb]<\/p>\n<p><em>\u00abTuvimos una encantadora celebraci\u00f3n del aniversario del club de cocina. Un hotel perfecto, un buen taller de cocina y un delicioso almuerzo sorpresa en las monta\u00f1as. Muy recomendable\u00bb.  <\/em><\/p>\n<p>[\/et_pb_testimonial][\/et_pb_column][et_pb_column type=\u00bb1_5&#8243; _builder_version=\u00bb4.27.4&#8243; _module_preset=\u00bbdefault\u00bb global_colors_info=\u00bb{}\u00bb][\/et_pb_column][\/et_pb_row][et_pb_row column_structure=\u00bb1_2,1_2&#8243; _builder_version=\u00bb4.27.4&#8243; _module_preset=\u00bbdefault\u00bb custom_padding=\u00bb4px||5px|||\u00bb global_colors_info=\u00bb{}\u00bb][et_pb_column type=\u00bb1_2&#8243; _builder_version=\u00bb4.27.4&#8243; _module_preset=\u00bbdefault\u00bb global_colors_info=\u00bb{}\u00bb][et_pb_text admin_label=\u00bbProgramma\u00bb _builder_version=\u00bb4.27.4&#8243; _module_preset=\u00bbdefault\u00bb text_text_color=\u00bb#000000&#8243; header_font=\u00bb&#8211;et_global_heading_font|600|||||||\u00bb header_letter_spacing=\u00bb0px\u00bb header_2_font=\u00bb||||||||\u00bb header_2_text_color=\u00bb#000000&#8243; width_tablet=\u00bb850px\u00bb width_phone=\u00bb300px\u00bb width_last_edited=\u00bbon|phone\u00bb module_alignment=\u00bbcenter\u00bb hover_enabled=\u00bb0&#8243; locked=\u00bboff\u00bb global_colors_info=\u00bb{}\u00bb sticky_enabled=\u00bb0&#8243;]<\/p>\n<h1>Programa y cena<\/h1>\n<h2>con productos frescos y locales<\/h2>\n<p>Tras un delicioso desayuno, al d\u00eda siguiente salimos hacia M\u00e1laga para hacer algunas compras. Primero un caf\u00e9 con churros (una delicia t\u00edpica espa\u00f1ola) y luego al Mercado Atarazanas para comprar nuestras verduras\/frutas\/pescados y carnes frescas en los distintos puestos. Terminamos con una buena bebida y algo de picar en uno de los numerosos bares.  <\/p>\n<p>En la terraza cubierta, la cocina exterior est\u00e1 lista y te pones manos a la obra con los productos que has comprado ese d\u00eda. Bajo la direcci\u00f3n de Madeline, preparar\u00e1s una cena de 5 platos y luego, mientras disfrutas de una buena copa de vino, degustar\u00e1s todos los platos en una mesa magn\u00edficamente puesta. <\/p>\n<p>[\/et_pb_text][\/et_pb_column][et_pb_column type=\u00bb1_2&#8243; _builder_version=\u00bb4.27.4&#8243; _module_preset=\u00bbdefault\u00bb global_colors_info=\u00bb{}\u00bb][et_pb_image src=\u00bbhttps:\/\/hotel-molino.com\/wp-content\/uploads\/2020\/12\/kook-arrangement-Andalusie.jpg\u00bb alt=\u00bbpaquete de cocina en andalucia en villa de vacaciones\u00bb title_text=\u00bbpaquete cocina Andaluc\u00eda\u00bb align=\u00bbcenter\u00bb _builder_version=\u00bb4.27.4&#8243; _module_preset=\u00bbdefault\u00bb border_radii=\u00bbon|3px|3px|3px|3px\u00bb global_colors_info=\u00bb{}\u00bb][\/et_pb_image][\/et_pb_column][\/et_pb_row][et_pb_row _builder_version=\u00bb4.27.4&#8243; _module_preset=\u00bbdefault\u00bb global_colors_info=\u00bb{}\u00bb][et_pb_column type=\u00bb4_4&#8243; _builder_version=\u00bb4.27.4&#8243; _module_preset=\u00bbdefault\u00bb global_colors_info=\u00bb{}\u00bb][et_pb_text _builder_version=\u00bb4.27.4&#8243; _module_preset=\u00bbdefault\u00bb header_font=\u00bb&#8211;et_global_heading_font|600|||||||\u00bb global_colors_info=\u00bb{}\u00bb]<\/p>\n<h1>El libro de cocina de El Molino<\/h1>\n<p>[\/et_pb_text][dgbc_blog_carousel posts_number=\u00bb9999&#8243; type=\u00bb3&#8243; include_categories=\u00bb31&#8243; orderby=\u00bb3&#8243; show_excerpt=\u00bboff\u00bb show_categories=\u00bboff\u00bb show_author=\u00bboff\u00bb show_date=\u00bboff\u00bb show_items_xlarge=\u00bb6&#8243; show_items_desktop=\u00bb5&#8243; show_items_tablet=\u00bb3&#8243; show_items_mobile=\u00bb2&#8243; arrow_nav=\u00bbon\u00bb loop=\u00bbon\u00bb autoplay=\u00bbon\u00bb equal_height=\u00bbon\u00bb arrow_color=\u00bb#993365&#8243; arrow_position=\u00bb2&#8243; admin_label=\u00bbCarroussel voor kookboek\u00bb _builder_version=\u00bb4.27.4&#8243; _module_preset=\u00bbdefault\u00bb header_text_color=\u00bb#000000&#8243; header_font_size=\u00bb14px\u00bb header_line_height=\u00bb1.3em\u00bb locked=\u00bboff\u00bb global_colors_info=\u00bb{}\u00bb][\/dgbc_blog_carousel][\/et_pb_column][\/et_pb_row][et_pb_row column_structure=\u00bb1_4,1_4,1_4,1_4&#8243; use_custom_gutter=\u00bbon\u00bb gutter_width=\u00bb2&#8243; _builder_version=\u00bb4.27.4&#8243; _module_preset=\u00bbdefault\u00bb global_colors_info=\u00bb{}\u00bb][et_pb_column type=\u00bb1_4&#8243; _builder_version=\u00bb4.27.4&#8243; _module_preset=\u00bbdefault\u00bb global_colors_info=\u00bb{}\u00bb][\/et_pb_column][et_pb_column type=\u00bb1_4&#8243; _builder_version=\u00bb4.27.4&#8243; _module_preset=\u00bbdefault\u00bb global_colors_info=\u00bb{}\u00bb][et_pb_button button_url=\u00bbhttps:\/\/hotel-molino.com\/es\/actividades-adicionales-para-grupos-en-el-molino-santisteban\/\u00bb button_text=\u00bbactividades adicionales\u00bb button_alignment=\u00bbcenter\u00bb _builder_version=\u00bb4.27.4&#8243; _module_preset=\u00bbdefault\u00bb custom_button=\u00bbon\u00bb button_text_color=\u00bb#FFFFFF\u00bb button_bg_color=\u00bb#993365&#8243; custom_css_main_element=\u00bbwidth:100%;\u00bb global_colors_info=\u00bb{}\u00bb][\/et_pb_button][\/et_pb_column][et_pb_column type=\u00bb1_4&#8243; _builder_version=\u00bb4.27.4&#8243; _module_preset=\u00bbdefault\u00bb global_colors_info=\u00bb{}\u00bb][et_pb_button button_url=\u00bbhttps:\/\/hotel-molino.com\/wp\/prijzen-hotel-el-molino-santisteban-in-malaga-andalusie\/\u00bb button_text=\u00bbPrecios\u00bb button_alignment=\u00bbcenter\u00bb _builder_version=\u00bb4.27.4&#8243; _module_preset=\u00bbdefault\u00bb custom_button=\u00bbon\u00bb button_text_color=\u00bb#FFFFFF\u00bb button_bg_color=\u00bb#FE9A01&#8243; custom_css_main_element=\u00bbwidth:100%;\u00bb global_colors_info=\u00bb{}\u00bb][\/et_pb_button][\/et_pb_column][et_pb_column type=\u00bb1_4&#8243; _builder_version=\u00bb4.27.4&#8243; _module_preset=\u00bbdefault\u00bb global_colors_info=\u00bb{}\u00bb][\/et_pb_column][\/et_pb_row][et_pb_row _builder_version=\u00bb4.27.4&#8243; _module_preset=\u00bbdefault\u00bb custom_padding=\u00bb||0px|||\u00bb global_colors_info=\u00bb{}\u00bb][et_pb_column type=\u00bb4_4&#8243; _builder_version=\u00bb4.27.4&#8243; _module_preset=\u00bbdefault\u00bb global_colors_info=\u00bb{}\u00bb][et_pb_text _builder_version=\u00bb4.27.4&#8243; _module_preset=\u00bbdefault\u00bb header_font=\u00bb&#8211;et_global_heading_font|600|||||||\u00bb header_letter_spacing=\u00bb0px\u00bb header_2_font=\u00bb||||||||\u00bb header_2_text_color=\u00bb#000000&#8243; locked=\u00bboff\u00bb global_colors_info=\u00bb{}\u00bb]<\/p>\n<h1 style=\"text-align: center;\">Arreglos<\/h1>\n<h2 style=\"text-align: center;\">para una estancia inolvidable en Andaluc\u00eda  <\/h2>\n<p>[\/et_pb_text][\/et_pb_column][\/et_pb_row][et_pb_row column_structure=\u00bb1_3,1_3,1_3&#8243; _builder_version=\u00bb4.27.4&#8243; _module_preset=\u00bbdefault\u00bb locked=\u00bboff\u00bb global_colors_info=\u00bb{}\u00bb][et_pb_column type=\u00bb1_3&#8243; _builder_version=\u00bb4.27.4&#8243; _module_preset=\u00bbdefault\u00bb global_colors_info=\u00bb{}\u00bb][et_pb_cta button_url=\u00bbhttps:\/\/hotel-molino.com\/es\/paquete-de-bicicletas-con-casa-de-vacaciones-en-andalucia\/\u00bb button_text=\u00bbPAQUETE CICLISMO\u00bb admin_label=\u00bbPAQUETE CICLISMO\u00bb _builder_version=\u00bb4.27.4&#8243; _module_preset=\u00bbdefault\u00bb background_enable_color=\u00bboff\u00bb background_image=\u00bbhttps:\/\/hotel-molino.com\/wp-content\/uploads\/2020\/12\/vakantiehuis-andalusie-fiets-arrangement.jpg\u00bb custom_button=\u00bbon\u00bb button_text_color=\u00bb#993365&#8243; button_bg_color=\u00bb#FFFFFF\u00bb button_border_radius=\u00bb0px\u00bb button_custom_margin=\u00bb50%||||false|false\u00bb min_height=\u00bb250px\u00bb link_option_url=\u00bbhttps:\/\/hotel-molino.com\/es\/paquete-de-bicicletas-con-casa-de-vacaciones-en-andalucia\/\u00bb global_module=\u00bb5023&#8243; saved_tabs=\u00bball\u00bb global_colors_info=\u00bb{}\u00bb][\/et_pb_cta][\/et_pb_column][et_pb_column type=\u00bb1_3&#8243; _builder_version=\u00bb4.27.4&#8243; _module_preset=\u00bbdefault\u00bb global_colors_info=\u00bb{}\u00bb][et_pb_cta button_url=\u00bbhttps:\/\/hotel-molino.com\/es\/paquete-de-senderismo-para-grupos\/\u00bb button_text=\u00bbPAQUETE SENDERISMO\u00bb admin_label=\u00bbPAQUETE SENDERISMO\u00bb _builder_version=\u00bb4.27.4&#8243; _module_preset=\u00bbdefault\u00bb background_enable_color=\u00bboff\u00bb background_image=\u00bbhttps:\/\/hotel-molino.com\/wp-content\/uploads\/2024\/12\/views-from-garden.jpg\u00bb custom_button=\u00bbon\u00bb button_text_color=\u00bb#993365&#8243; button_bg_color=\u00bb#FFFFFF\u00bb button_border_radius=\u00bb0px\u00bb button_custom_margin=\u00bb50%||||false|false\u00bb min_height=\u00bb250px\u00bb link_option_url=\u00bbhttps:\/\/hotel-molino.com\/es\/paquete-de-senderismo-para-grupos\/\u00bb border_radii=\u00bbon|3px|3px|3px|3px\u00bb global_module=\u00bb5030&#8243; saved_tabs=\u00bball\u00bb global_colors_info=\u00bb{}\u00bb][\/et_pb_cta][\/et_pb_column][et_pb_column type=\u00bb1_3&#8243; _builder_version=\u00bb4.27.4&#8243; _module_preset=\u00bbdefault\u00bb global_colors_info=\u00bb{}\u00bb][et_pb_cta button_url=\u00bbhttps:\/\/hotel-molino.com\/es\/gran-chalet-de-vacaciones-para-grupo-de-amigos-en-andalucia\/\u00bb button_text=\u00bbGrupo de amigos\u00bb admin_label=\u00bbGrupo de amigos\u00bb _builder_version=\u00bb4.27.4&#8243; _module_preset=\u00bbdefault\u00bb background_enable_color=\u00bboff\u00bb background_image=\u00bbhttps:\/\/hotel-molino.com\/wp-content\/uploads\/2020\/12\/vakantie-villa-voor-vriendengroep-in-andalusie.jpg\u00bb custom_button=\u00bbon\u00bb button_text_color=\u00bb#993365&#8243; button_bg_color=\u00bb#FFFFFF\u00bb button_border_radius=\u00bb0px\u00bb button_custom_margin=\u00bb50%||||false|false\u00bb min_height=\u00bb250px\u00bb link_option_url=\u00bbhttps:\/\/hotel-molino.com\/es\/gran-chalet-de-vacaciones-para-grupo-de-amigos-en-andalucia\/\u00bb global_module=\u00bb4983&#8243; saved_tabs=\u00bball\u00bb global_colors_info=\u00bb{}\u00bb][\/et_pb_cta][\/et_pb_column][\/et_pb_row][\/et_pb_section][et_pb_section fb_built=\u00bb1&#8243; _builder_version=\u00bb4.27.4&#8243; _module_preset=\u00bbdefault\u00bb background_image=\u00bbhttps:\/\/hotel-molino.com\/wp-content\/uploads\/2020\/02\/pattern.jpg\u00bb background_size=\u00bbcontain\u00bb background_repeat=\u00bbrepeat-x\u00bb custom_margin=\u00bb5%||1%||false|false\u00bb custom_padding=\u00bb0px||0px||false|false\u00bb border_width_bottom=\u00bb15px\u00bb border_color_bottom=\u00bb#FE9A01&#8243; global_colors_info=\u00bb{}\u00bb][\/et_pb_section]<\/p>\n","protected":false},"excerpt":{"rendered":"<p>Taller de cocina culinaria en Andaluc\u00eda Una experiencia gustativa \u00fanica en aut\u00e9nticos ambientes espa\u00f1oles &nbsp;Paquete culinario para grupos El d\u00eda de tu llegada, se te dar\u00e1 la bienvenida y habr\u00e1 tiempo para disfrutar de todo lo que ofrece El Molino Santisteban. Dependiendo de tu hora de llegada, podemos ofrecerte el almuerzo. Por la noche, se [&hellip;]<\/p>\n","protected":false},"author":1,"featured_media":3916,"parent":0,"menu_order":0,"comment_status":"closed","ping_status":"closed","template":"","meta":{"_acf_changed":false,"_et_pb_use_builder":"on","_et_pb_old_content":"","_et_gb_content_width":"","footnotes":""},"class_list":["post-5417","page","type-page","status-publish","has-post-thumbnail","hentry"],"acf":[],"_links":{"self":[{"href":"https:\/\/hotel-molino.com\/es\/wp-json\/wp\/v2\/pages\/5417","targetHints":{"allow":["GET"]}}],"collection":[{"href":"https:\/\/hotel-molino.com\/es\/wp-json\/wp\/v2\/pages"}],"about":[{"href":"https:\/\/hotel-molino.com\/es\/wp-json\/wp\/v2\/types\/page"}],"author":[{"embeddable":true,"href":"https:\/\/hotel-molino.com\/es\/wp-json\/wp\/v2\/users\/1"}],"replies":[{"embeddable":true,"href":"https:\/\/hotel-molino.com\/es\/wp-json\/wp\/v2\/comments?post=5417"}],"version-history":[{"count":0,"href":"https:\/\/hotel-molino.com\/es\/wp-json\/wp\/v2\/pages\/5417\/revisions"}],"wp:featuredmedia":[{"embeddable":true,"href":"https:\/\/hotel-molino.com\/es\/wp-json\/wp\/v2\/media\/3916"}],"wp:attachment":[{"href":"https:\/\/hotel-molino.com\/es\/wp-json\/wp\/v2\/media?parent=5417"}],"curies":[{"name":"wp","href":"https:\/\/api.w.org\/{rel}","templated":true}]}}