{"id":5439,"date":"2024-12-07T16:03:41","date_gmt":"2024-12-07T15:03:41","guid":{"rendered":"https:\/\/newmolino.divitraining.nl\/paquete-de-senderismo-para-grupos\/"},"modified":"2025-03-04T14:58:00","modified_gmt":"2025-03-04T13:58:00","slug":"paquete-de-senderismo-para-grupos","status":"publish","type":"page","link":"https:\/\/hotel-molino.com\/es\/paquete-de-senderismo-para-grupos\/","title":{"rendered":"PAQUETE DE SENDERISMO PARA GRUPOS"},"content":{"rendered":"<p>[et_pb_section fb_built=\u00bb1&#8243; disabled_on=\u00bboff|off|off\u00bb _builder_version=\u00bb4.27.4&#8243; _module_preset=\u00bbdefault\u00bb background_image=\u00bbhttps:\/\/hotel-molino.com\/wp-content\/uploads\/2024\/12\/views-from-garden.jpg\u00bb background_position=\u00bbbottom_center\u00bb global_colors_info=\u00bb{}\u00bb][et_pb_row _builder_version=\u00bb4.27.4&#8243; _module_preset=\u00bbdefault\u00bb custom_margin=\u00bb10%||||false|false\u00bb global_colors_info=\u00bb{}\u00bb][et_pb_column type=\u00bb4_4&#8243; _builder_version=\u00bb4.27.4&#8243; _module_preset=\u00bbdefault\u00bb global_colors_info=\u00bb{}\u00bb][et_pb_text _builder_version=\u00bb4.27.4&#8243; _module_preset=\u00bbdefault\u00bb text_font=\u00bb|700|||||||\u00bb text_text_color=\u00bb#FFFFFF\u00bb text_font_size=\u00bb25px\u00bb text_letter_spacing=\u00bb1px\u00bb header_font=\u00bb&#8211;et_global_heading_font|600|||||||\u00bb header_text_align=\u00bbcenter\u00bb header_text_color=\u00bb#FFFFFF\u00bb header_font_size=\u00bb60px\u00bb header_letter_spacing=\u00bb0px\u00bb text_orientation=\u00bbcenter\u00bb hover_enabled=\u00bb0&#8243; text_text_shadow_style=\u00bbpreset1&#8243; header_text_shadow_style=\u00bbpreset1&#8243; header_text_shadow_color=\u00bbrgba(0,0,0,0.45)\u00bb global_colors_info=\u00bb{}\u00bb text_font_size_last_edited=\u00bbon|phone\u00bb sticky_enabled=\u00bb0&#8243; text_font_size_phone=\u00bb18px\u00bb text_letter_spacing_last_edited=\u00bbon|phone\u00bb text_letter_spacing_phone=\u00bb0px\u00bb header_font_size_last_edited=\u00bbon|phone\u00bb header_font_size_phone=\u00bb30px\u00bb text_font_size_tablet=\u00bb25px\u00bb text_letter_spacing_tablet=\u00bb1px\u00bb header_font_size_tablet=\u00bb60px\u00bb]<\/p>\n<h1>Paquete de senderismo en Andaluc\u00eda<\/h1>\n<p><em>excursiones a pie (de varios d\u00edas) desde nuestra villa con atenci\u00f3n completa<br \/><\/em><\/p>\n<p>[\/et_pb_text][\/et_pb_column][\/et_pb_row][et_pb_row use_custom_gutter=\u00bbon\u00bb gutter_width=\u00bb2&#8243; _builder_version=\u00bb4.27.4&#8243; _module_preset=\u00bbdefault\u00bb custom_margin=\u00bb0px||||false|false\u00bb custom_padding=\u00bb0px||||false|false\u00bb global_colors_info=\u00bb{}\u00bb][et_pb_column type=\u00bb4_4&#8243; _builder_version=\u00bb4.27.4&#8243; _module_preset=\u00bbdefault\u00bb global_colors_info=\u00bb{}\u00bb][et_pb_button button_url=\u00bb#leesmeer\u00bb button_text=\u00bbdescubrir m\u00e1s\u00bb button_alignment=\u00bbcenter\u00bb _builder_version=\u00bb4.27.4&#8243; _module_preset=\u00bbdefault\u00bb custom_padding=\u00bb1%|2%|1%|2%|true|true\u00bb global_colors_info=\u00bb{}\u00bb][\/et_pb_button][\/et_pb_column][\/et_pb_row][\/et_pb_section][et_pb_section fb_built=\u00bb1&#8243; module_id=\u00bbLeer m\u00e1s\u00bb _builder_version=\u00bb4.27.4&#8243; _module_preset=\u00bbdefault\u00bb custom_padding=\u00bb2px||0px|||\u00bb collapsed=\u00bboff\u00bb global_colors_info=\u00bb{}\u00bb][et_pb_row _builder_version=\u00bb4.27.4&#8243; _module_preset=\u00bbdefault\u00bb custom_margin=\u00bb||0px||false|false\u00bb custom_padding=\u00bb||0px||false|false\u00bb global_colors_info=\u00bb{}\u00bb][et_pb_column type=\u00bb4_4&#8243; _builder_version=\u00bb4.27.4&#8243; _module_preset=\u00bbdefault\u00bb global_colors_info=\u00bb{}\u00bb][et_pb_text admin_label=\u00bbProgramma\u00bb _builder_version=\u00bb4.27.4&#8243; _module_preset=\u00bbdefault\u00bb header_font=\u00bb&#8211;et_global_heading_font|600|||||||\u00bb header_letter_spacing=\u00bb0px\u00bb width_tablet=\u00bb850px\u00bb width_phone=\u00bb300px\u00bb width_last_edited=\u00bbon|phone\u00bb module_alignment=\u00bbcenter\u00bb hover_enabled=\u00bb0&#8243; locked=\u00bboff\u00bb global_colors_info=\u00bb{}\u00bb sticky_enabled=\u00bb0&#8243;]<\/p>\n<h1>Caminar durante el d\u00eda y cenar por la noche<\/h1>\n<p>[\/et_pb_text][\/et_pb_column][\/et_pb_row][et_pb_row column_structure=\u00bb1_2,1_2&#8243; _builder_version=\u00bb4.27.4&#8243; _module_preset=\u00bbdefault\u00bb custom_margin=\u00bb0px||||false|false\u00bb custom_padding=\u00bb0px||||false|false\u00bb global_colors_info=\u00bb{}\u00bb][et_pb_column type=\u00bb1_2&#8243; _builder_version=\u00bb4.27.4&#8243; _module_preset=\u00bbdefault\u00bb global_colors_info=\u00bb{}\u00bb][et_pb_text admin_label=\u00bbProgramma\u00bb _builder_version=\u00bb4.27.4&#8243; _module_preset=\u00bbdefault\u00bb header_font=\u00bb&#8211;et_global_heading_font|600|||||||\u00bb header_letter_spacing=\u00bb0px\u00bb width_tablet=\u00bb850px\u00bb width_phone=\u00bb300px\u00bb width_last_edited=\u00bbon|phone\u00bb module_alignment=\u00bbcenter\u00bb hover_enabled=\u00bb0&#8243; locked=\u00bboff\u00bb global_colors_info=\u00bb{}\u00bb sticky_enabled=\u00bb0&#8243;]<\/p>\n<p>Los alrededores de El Molino Santisteban, con su hermoso paisaje, lindando con el parque natural de la Sierra de las Nieves y su maravilloso clima, se prestan perfectamente al senderismo. Disponemos de multitud de mapas y rutas, y muchos paseos est\u00e1n bien se\u00f1alizados. <\/p>\n<p>El d\u00eda de tu llegada, se te dar\u00e1 la bienvenida y habr\u00e1 tiempo para disfrutar de todo lo que ofrece El Molino Santisteban. Dependiendo de tu hora de llegada, podemos ofrecerte el almuerzo y podr\u00e1s dar tu primer paseo directamente por las colinas situadas frente al hotel. Por la noche, se servir\u00e1 un men\u00fa de 3 platos en el jard\u00edn o bajo la higuera.  <\/p>\n<p>D\u00eda siguiente: Despu\u00e9s de un delicioso desayuno, se preparan las mochilas con el almuerzo para salir hacia la Sierra de las Nieves para dar un largo paseo por este hermoso parque natural. De vuelta al Molino y tras un refrescante ba\u00f1o, habr\u00e1 bebidas y luego cena. <\/p>\n<p>[\/et_pb_text][\/et_pb_column][et_pb_column type=\u00bb1_2&#8243; _builder_version=\u00bb4.27.4&#8243; _module_preset=\u00bbdefault\u00bb global_colors_info=\u00bb{}\u00bb][et_pb_image src=\u00bbhttps:\/\/hotel-molino.com\/wp-content\/uploads\/2020\/12\/wandel-arrangement-met-verzorging-in-Andalusie.jpg\u00bb alt=\u00bbPaquete de senderismo en Andaluc\u00eda con casa de vacaciones\u00bb title_text=\u00bbPaquete de senderismo con cuidado en Andaluc\u00eda\u00bb _builder_version=\u00bb4.27.4&#8243; _module_preset=\u00bbdefault\u00bb border_radii=\u00bbon|3px|3px|3px|3px\u00bb global_colors_info=\u00bb{}\u00bb][\/et_pb_image][\/et_pb_column][\/et_pb_row][et_pb_row column_structure=\u00bb1_3,2_3&#8243; _builder_version=\u00bb4.27.4&#8243; _module_preset=\u00bbdefault\u00bb custom_margin=\u00bb0px||||false|false\u00bb custom_padding=\u00bb0px||||false|false\u00bb global_colors_info=\u00bb{}\u00bb][et_pb_column type=\u00bb1_3&#8243; _builder_version=\u00bb4.27.4&#8243; _module_preset=\u00bbdefault\u00bb global_colors_info=\u00bb{}\u00bb][et_pb_image src=\u00bbhttps:\/\/hotel-molino.com\/wp-content\/uploads\/2020\/12\/vakantiehuis-andalusie-wandel-arrangement.jpg\u00bb alt=\u00bbcasa de vacaciones Andaluc\u00eda con paquete de senderismo\u00bb title_text=\u00bbcasa de vacaciones-andalusie-wandel-arrangement\u00bb _builder_version=\u00bb4.27.4&#8243; _module_preset=\u00bbdefault\u00bb border_radii=\u00bbon|3px|3px|3px|3px\u00bb global_colors_info=\u00bb{}\u00bb][\/et_pb_image][\/et_pb_column][et_pb_column type=\u00bb2_3&#8243; _builder_version=\u00bb4.27.4&#8243; _module_preset=\u00bbdefault\u00bb global_colors_info=\u00bb{}\u00bb][et_pb_text admin_label=\u00bbROUTES\u00bb _builder_version=\u00bb4.27.4&#8243; _module_preset=\u00bbdefault\u00bb header_font=\u00bb&#8211;et_global_heading_font|600|||||||\u00bb header_letter_spacing=\u00bb0px\u00bb width_tablet=\u00bb850px\u00bb width_phone=\u00bb300px\u00bb width_last_edited=\u00bbon|phone\u00bb module_alignment=\u00bbcenter\u00bb locked=\u00bboff\u00bb global_colors_info=\u00bb{}\u00bb]<\/p>\n<h1>Hermosas rutas con buenos senderos y grandes vistas<\/h1>\n<p>Al d\u00eda siguiente, hacia el Refugio de Juanar para una excursi\u00f3n con vistas de 360 grados del interior y del Mar Mediterr\u00e1neo.<br \/>\nPor la tarde, se servir\u00e1 el almuerzo en la playa, seg\u00fan se desee, antes de regresar a casa.<br \/>\nUna comida sencilla por la noche.<\/p>\n<p>El \u00faltimo d\u00eda termina con un delicioso desayuno o puedes quedarte unos d\u00edas m\u00e1s para disfrutar de m\u00e1s paseos por la zona u otras oportunidades.[\/et_pb_text][\/et_pb_column][\/et_pb_row][et_pb_row column_structure=\u00bb1_5,3_5,1_5&#8243; _builder_version=\u00bb4.27.4&#8243; _module_preset=\u00bbdefault\u00bb global_colors_info=\u00bb{}\u00bb][et_pb_column type=\u00bb1_5&#8243; _builder_version=\u00bb4.27.4&#8243; _module_preset=\u00bbdefault\u00bb global_colors_info=\u00bb{}\u00bb][\/et_pb_column][et_pb_column type=\u00bb3_5&#8243; _builder_version=\u00bb4.27.4&#8243; _module_preset=\u00bbdefault\u00bb global_colors_info=\u00bb{}\u00bb][et_pb_testimonial author=\u00bbLibro de visitas 2016&#8243; quote_icon_color=\u00bb#FFFFFF\u00bb quote_icon_background_color=\u00bb#993365&#8243; admin_label=\u00bbQuote\u00bb _builder_version=\u00bb4.27.4&#8243; _module_preset=\u00bbdefault\u00bb background_color=\u00bbRGBA(255,255,255,0)\u00bb box_shadow_style=\u00bbpreset1&#8243; global_colors_info=\u00bb{}\u00bb]<\/p>\n<p><em>\u00abPaisaje espectacular, buenas rutas de senderismo y no te cruzas con nadie. Hay buenos mapas de senderismo y las explicaciones fueron muy amenas.\u00bb<\/em><\/p>\n<p>[\/et_pb_testimonial][\/et_pb_column][et_pb_column type=\u00bb1_5&#8243; _builder_version=\u00bb4.27.4&#8243; _module_preset=\u00bbdefault\u00bb global_colors_info=\u00bb{}\u00bb][\/et_pb_column][\/et_pb_row][et_pb_row column_structure=\u00bb1_4,1_4,1_4,1_4&#8243; use_custom_gutter=\u00bbon\u00bb gutter_width=\u00bb2&#8243; _builder_version=\u00bb4.27.4&#8243; _module_preset=\u00bbdefault\u00bb global_colors_info=\u00bb{}\u00bb][et_pb_column type=\u00bb1_4&#8243; _builder_version=\u00bb4.27.4&#8243; _module_preset=\u00bbdefault\u00bb global_colors_info=\u00bb{}\u00bb][\/et_pb_column][et_pb_column type=\u00bb1_4&#8243; _builder_version=\u00bb4.27.4&#8243; _module_preset=\u00bbdefault\u00bb global_colors_info=\u00bb{}\u00bb][et_pb_button button_url=\u00bb@ET-DC@eyJkeW5hbWljIjp0cnVlLCJjb250ZW50IjoicG9zdF9saW5rX3VybF9wYWdlIiwic2V0dGluZ3MiOnsicG9zdF9pZCI6IjU2NzciLCJlbmFibGVfaHRtbCI6Im9mZiJ9fQ==@\u00bb button_text=\u00bbactividades adicionales\u00bb button_alignment=\u00bbcenter\u00bb _builder_version=\u00bb4.27.4&#8243; _dynamic_attributes=\u00bbbutton_url\u00bb _module_preset=\u00bbdefault\u00bb custom_button=\u00bbon\u00bb button_text_color=\u00bb#FFFFFF\u00bb button_bg_color=\u00bb#993365&#8243; custom_css_main_element=\u00bbwidth:100%;\u00bb global_colors_info=\u00bb{}\u00bb][\/et_pb_button][\/et_pb_column][et_pb_column type=\u00bb1_4&#8243; _builder_version=\u00bb4.27.4&#8243; _module_preset=\u00bbdefault\u00bb global_colors_info=\u00bb{}\u00bb][et_pb_button button_url=\u00bb@ET-DC@eyJkeW5hbWljIjp0cnVlLCJjb250ZW50IjoicG9zdF9saW5rX3VybF9wYWdlIiwic2V0dGluZ3MiOnsicG9zdF9pZCI6IjIyMCIsImVuYWJsZV9odG1sIjoib2ZmIn19@\u00bb button_text=\u00bbPrecios\u00bb button_alignment=\u00bbcenter\u00bb _builder_version=\u00bb4.27.4&#8243; _dynamic_attributes=\u00bbbutton_url\u00bb _module_preset=\u00bbdefault\u00bb custom_button=\u00bbon\u00bb button_text_color=\u00bb#FFFFFF\u00bb button_bg_color=\u00bb#FE9A01&#8243; custom_css_main_element=\u00bbwidth:100%;\u00bb global_colors_info=\u00bb{}\u00bb][\/et_pb_button][\/et_pb_column][et_pb_column type=\u00bb1_4&#8243; _builder_version=\u00bb4.27.4&#8243; _module_preset=\u00bbdefault\u00bb global_colors_info=\u00bb{}\u00bb][\/et_pb_column][\/et_pb_row][et_pb_row _builder_version=\u00bb4.27.4&#8243; _module_preset=\u00bbdefault\u00bb custom_padding=\u00bb||0px|||\u00bb global_colors_info=\u00bb{}\u00bb][et_pb_column type=\u00bb4_4&#8243; _builder_version=\u00bb4.27.4&#8243; _module_preset=\u00bbdefault\u00bb global_colors_info=\u00bb{}\u00bb][et_pb_text _builder_version=\u00bb4.27.4&#8243; _module_preset=\u00bbdefault\u00bb header_font=\u00bb&#8211;et_global_heading_font|600|||||||\u00bb header_letter_spacing=\u00bb0px\u00bb header_2_font=\u00bb||||||||\u00bb header_2_text_color=\u00bb#000000&#8243; locked=\u00bboff\u00bb global_colors_info=\u00bb{}\u00bb]<\/p>\n<h1 style=\"text-align: center;\">Arreglos<\/h1>\n<h2 style=\"text-align: center;\">para una estancia inolvidable en Andaluc\u00eda  <\/h2>\n<p>[\/et_pb_text][\/et_pb_column][\/et_pb_row][et_pb_row column_structure=\u00bb1_3,1_3,1_3&#8243; _builder_version=\u00bb4.27.4&#8243; _module_preset=\u00bbdefault\u00bb locked=\u00bboff\u00bb global_colors_info=\u00bb{}\u00bb][et_pb_column type=\u00bb1_3&#8243; _builder_version=\u00bb4.27.4&#8243; _module_preset=\u00bbdefault\u00bb global_colors_info=\u00bb{}\u00bb][et_pb_cta button_url=\u00bbhttps:\/\/hotel-molino.com\/es\/paquete-de-bicicletas-con-casa-de-vacaciones-en-andalucia\/\u00bb button_text=\u00bbPAQUETE CICLISMO\u00bb admin_label=\u00bbPAQUETE CICLISMO\u00bb _builder_version=\u00bb4.27.4&#8243; _module_preset=\u00bbdefault\u00bb background_enable_color=\u00bboff\u00bb background_image=\u00bbhttps:\/\/hotel-molino.com\/wp-content\/uploads\/2020\/12\/vakantiehuis-andalusie-fiets-arrangement.jpg\u00bb custom_button=\u00bbon\u00bb button_text_color=\u00bb#993365&#8243; button_bg_color=\u00bb#FFFFFF\u00bb button_border_radius=\u00bb0px\u00bb button_custom_margin=\u00bb50%||||false|false\u00bb min_height=\u00bb250px\u00bb link_option_url=\u00bbhttps:\/\/hotel-molino.com\/es\/paquete-de-bicicletas-con-casa-de-vacaciones-en-andalucia\/\u00bb global_module=\u00bb5023&#8243; saved_tabs=\u00bball\u00bb global_colors_info=\u00bb{}\u00bb][\/et_pb_cta][\/et_pb_column][et_pb_column type=\u00bb1_3&#8243; _builder_version=\u00bb4.27.4&#8243; _module_preset=\u00bbdefault\u00bb global_colors_info=\u00bb{}\u00bb][et_pb_cta button_url=\u00bbhttps:\/\/hotel-molino.com\/es\/paquete-culinario-para-grupos\/\u00bb button_text=\u00bbPAQUETE DE COCINA\u00bb admin_label=\u00bbpaquete de cocina\u00bb _builder_version=\u00bb4.27.4&#8243; _module_preset=\u00bbdefault\u00bb background_enable_color=\u00bboff\u00bb background_image=\u00bbhttps:\/\/hotel-molino.com\/wp-content\/uploads\/2020\/12\/vakantiehuis-andalusie-kook-arrangement.jpg\u00bb custom_button=\u00bbon\u00bb button_text_color=\u00bb#993365&#8243; button_bg_color=\u00bb#FFFFFF\u00bb button_border_radius=\u00bb0px\u00bb button_custom_margin=\u00bb50%||||false|false\u00bb min_height=\u00bb250px\u00bb link_option_url=\u00bbhttps:\/\/hotel-molino.com\/es\/paquete-culinario-para-grupos\/\u00bb global_module=\u00bb5037&#8243; saved_tabs=\u00bball\u00bb global_colors_info=\u00bb{}\u00bb][\/et_pb_cta][\/et_pb_column][et_pb_column type=\u00bb1_3&#8243; _builder_version=\u00bb4.27.4&#8243; _module_preset=\u00bbdefault\u00bb global_colors_info=\u00bb{}\u00bb][et_pb_cta button_url=\u00bbhttps:\/\/hotel-molino.com\/es\/gran-chalet-de-vacaciones-para-grupo-de-amigos-en-andalucia\/\u00bb button_text=\u00bbGrupo de amigos\u00bb admin_label=\u00bbGrupo de amigos\u00bb _builder_version=\u00bb4.27.4&#8243; _module_preset=\u00bbdefault\u00bb background_enable_color=\u00bboff\u00bb background_image=\u00bbhttps:\/\/hotel-molino.com\/wp-content\/uploads\/2020\/12\/vakantie-villa-voor-vriendengroep-in-andalusie.jpg\u00bb custom_button=\u00bbon\u00bb button_text_color=\u00bb#993365&#8243; button_bg_color=\u00bb#FFFFFF\u00bb button_border_radius=\u00bb0px\u00bb button_custom_margin=\u00bb50%||||false|false\u00bb min_height=\u00bb250px\u00bb link_option_url=\u00bbhttps:\/\/hotel-molino.com\/es\/gran-chalet-de-vacaciones-para-grupo-de-amigos-en-andalucia\/\u00bb global_module=\u00bb4983&#8243; saved_tabs=\u00bball\u00bb global_colors_info=\u00bb{}\u00bb][\/et_pb_cta][\/et_pb_column][\/et_pb_row][\/et_pb_section][et_pb_section fb_built=\u00bb1&#8243; _builder_version=\u00bb4.27.4&#8243; _module_preset=\u00bbdefault\u00bb background_image=\u00bbhttps:\/\/hotel-molino.com\/wp-content\/uploads\/2020\/02\/pattern.jpg\u00bb background_size=\u00bbcontain\u00bb background_repeat=\u00bbrepeat-x\u00bb custom_margin=\u00bb5%||1%||false|false\u00bb custom_padding=\u00bb0px||0px||false|false\u00bb border_width_bottom=\u00bb15px\u00bb border_color_bottom=\u00bb#FE9A01&#8243; global_colors_info=\u00bb{}\u00bb][\/et_pb_section]<\/p>\n","protected":false},"excerpt":{"rendered":"<p>Paquete de senderismo en Andaluc\u00eda excursiones a pie (de varios d\u00edas) desde nuestra villa con atenci\u00f3n completaCaminar durante el d\u00eda y cenar por la nocheLos alrededores de El Molino Santisteban, con su hermoso paisaje, lindando con el parque natural de la Sierra de las Nieves y su maravilloso clima, se prestan perfectamente al senderismo. Disponemos [&hellip;]<\/p>\n","protected":false},"author":1,"featured_media":3902,"parent":0,"menu_order":0,"comment_status":"closed","ping_status":"closed","template":"","meta":{"_acf_changed":false,"_et_pb_use_builder":"on","_et_pb_old_content":"","_et_gb_content_width":"","footnotes":""},"class_list":["post-5439","page","type-page","status-publish","has-post-thumbnail","hentry"],"acf":[],"_links":{"self":[{"href":"https:\/\/hotel-molino.com\/es\/wp-json\/wp\/v2\/pages\/5439","targetHints":{"allow":["GET"]}}],"collection":[{"href":"https:\/\/hotel-molino.com\/es\/wp-json\/wp\/v2\/pages"}],"about":[{"href":"https:\/\/hotel-molino.com\/es\/wp-json\/wp\/v2\/types\/page"}],"author":[{"embeddable":true,"href":"https:\/\/hotel-molino.com\/es\/wp-json\/wp\/v2\/users\/1"}],"replies":[{"embeddable":true,"href":"https:\/\/hotel-molino.com\/es\/wp-json\/wp\/v2\/comments?post=5439"}],"version-history":[{"count":0,"href":"https:\/\/hotel-molino.com\/es\/wp-json\/wp\/v2\/pages\/5439\/revisions"}],"wp:featuredmedia":[{"embeddable":true,"href":"https:\/\/hotel-molino.com\/es\/wp-json\/wp\/v2\/media\/3902"}],"wp:attachment":[{"href":"https:\/\/hotel-molino.com\/es\/wp-json\/wp\/v2\/media?parent=5439"}],"curies":[{"name":"wp","href":"https:\/\/api.w.org\/{rel}","templated":true}]}}